{"id":565,"date":"2016-06-28T16:26:20","date_gmt":"2016-06-28T14:26:20","guid":{"rendered":"https:\/\/www.nature-bois-concept.com\/magazine\/?page_id=565"},"modified":"2016-10-04T13:28:29","modified_gmt":"2016-10-04T11:28:29","slug":"fournitures-accessoires","status":"publish","type":"page","link":"https:\/\/www.nature-bois-concept.com\/magazine\/terrasse-bois\/guides\/avant-achat\/fournitures-accessoires\/","title":{"rendered":"Quels fournitures et accessoires pour votre terrasse bois"},"content":{"rendered":"<p style=\"text-align: justify;\">Si vous d\u00e9cidez de monter vous-m\u00eame votre terrasse bois, il vous faut d\u00e9finir vos besoins. Pour pouvoir monter celle-ci il vous faut effectivement vos lames de terrasse ou bien vos dalles (caillebotis), mais aussi un ensemble d\u2019accessoires et de fournitures pour assembler les diff\u00e9rents profils de bois que vous aurez besoin d\u2019acheter dans votre projet, avant <a href=\"https:\/\/www.nature-bois-concept.com\/magazine\/terrasse-bois\/guides\/avant-achat\/\">l&rsquo;achat de votre terrasse<\/a>.<\/p>\n<p style=\"text-align: justify;\">Pour cela, Nature Bois Concept vous propose des kits complets avec l\u2019ensemble des \u00e9l\u00e9ments vous permettant de monter votre terrasse. En nous passant votre demande par le devis en ligne, vous pouvez suivant votre terrain et ses dimensions d\u00e9finir et obtenir un premier devis avec toutes les r\u00e9f\u00e9rences n\u00e9cessaires. N\u00e9anmoins, pour vous aider \u00e0 comprendre leurs utilit\u00e9s et en savoir davantage sur leurs caract\u00e9ristiques nous avons cr\u00e9\u00e9 \u00a0pour vous un article pour chaque r\u00e9f\u00e9rence.<\/p>\n<p style=\"text-align: justify;\">Nous travaillons en collaboration avec les meilleures marques de visserie et accessoires pour terrasse bois comme Hapax decking, Spax, Fischer ou bien Jouplast, pour vous faire profiter des meilleures r\u00e9f\u00e9rences et de toutes les nouveaut\u00e9s pour votre <a href=\"https:\/\/www.nature-bois-concept.com\/magazine\/terrasse-bois\/guides\/avant-achat\/choisir-sa-terrasse\/\">bien choisir votre terrasse bois<\/a>. Un am\u00e9nagement ext\u00e9rieur se doit d\u2019\u00eatre durable, nous privil\u00e9gions le meilleur avec tous nos conseils.<\/p>\n","protected":false},"excerpt":{"rendered":"<p>Si vous d\u00e9cidez de monter vous-m\u00eame votre terrasse bois, il vous faut d\u00e9finir vos besoins. Pour pouvoir monter celle-ci il vous faut effectivement vos lames de terrasse ou bien vos dalles (caillebotis), mais aussi un ensemble d\u2019accessoires et de fournitures pour assembler les diff\u00e9rents profils de bois que vous aurez besoin d\u2019acheter dans votre projet, avant l&rsquo;achat de votre terrasse. Pour cela, Nature Bois Concept vous propose des kits complets&#8230;<\/p>\n","protected":false},"author":2,"featured_media":1813,"parent":563,"menu_order":13,"comment_status":"closed","ping_status":"closed","template":"template-categories.php","meta":{"_acf_changed":false,"footnotes":""},"acf":[],"yoast_head":"<!-- This site is optimized with the Yoast SEO plugin v22.4 - https:\/\/yoast.com\/wordpress\/plugins\/seo\/ -->\n<title>Quels fournitures et accessoires pour votre terrasse bois<\/title>\n<meta name=\"description\" content=\"Monter sa terrasse soi-m\u00eame demande un peu de connaissance en fournitures et accessoires. Pour cela, nous vous guidons \u00e0 travers ses diff\u00e9rents articles.\" \/>\n<meta name=\"robots\" content=\"index, follow, max-snippet:-1, max-image-preview:large, max-video-preview:-1\" \/>\n<link rel=\"canonical\" href=\"https:\/\/www.nature-bois-concept.com\/magazine\/terrasse-bois\/guides\/avant-achat\/fournitures-accessoires\/\" \/>\n<meta property=\"og:locale\" content=\"fr_FR\" \/>\n<meta property=\"og:type\" content=\"article\" \/>\n<meta property=\"og:title\" content=\"Quels fournitures et accessoires pour votre terrasse bois\" \/>\n<meta property=\"og:description\" content=\"Monter sa terrasse soi-m\u00eame demande un peu de connaissance en fournitures et accessoires. Pour cela, nous vous guidons \u00e0 travers ses diff\u00e9rents articles.\" \/>\n<meta property=\"og:url\" content=\"https:\/\/www.nature-bois-concept.com\/magazine\/terrasse-bois\/guides\/avant-achat\/fournitures-accessoires\/\" \/>\n<meta property=\"og:site_name\" content=\"Magazine Nature Bois Concept\" \/>\n<meta property=\"article:publisher\" content=\"https:\/\/www.facebook.com\/Nature-Bois-Concept-1596307970584169\/\" \/>\n<meta property=\"article:modified_time\" content=\"2016-10-04T11:28:29+00:00\" \/>\n<meta property=\"og:image\" content=\"https:\/\/www.nature-bois-concept.com\/magazine\/wp-content\/uploads\/2016\/06\/fourniture-terrasse-bois.jpg\" \/>\n\t<meta property=\"og:image:width\" content=\"1620\" \/>\n\t<meta property=\"og:image:height\" content=\"668\" \/>\n\t<meta property=\"og:image:type\" content=\"image\/jpeg\" \/>\n<meta name=\"twitter:card\" content=\"summary_large_image\" \/>\n<meta name=\"twitter:site\" content=\"@nbc_bois\" \/>\n<meta name=\"twitter:label1\" content=\"Dur\u00e9e de lecture estim\u00e9e\" \/>\n\t<meta name=\"twitter:data1\" content=\"1 minute\" \/>\n<script type=\"application\/ld+json\" class=\"yoast-schema-graph\">{\"@context\":\"https:\/\/schema.org\",\"@graph\":[{\"@type\":\"WebPage\",\"@id\":\"https:\/\/www.nature-bois-concept.com\/magazine\/terrasse-bois\/guides\/avant-achat\/fournitures-accessoires\/\",\"url\":\"https:\/\/www.nature-bois-concept.com\/magazine\/terrasse-bois\/guides\/avant-achat\/fournitures-accessoires\/\",\"name\":\"Quels fournitures et accessoires pour votre terrasse bois\",\"isPartOf\":{\"@id\":\"https:\/\/www.nature-bois-concept.com\/magazine\/#website\"},\"primaryImageOfPage\":{\"@id\":\"https:\/\/www.nature-bois-concept.com\/magazine\/terrasse-bois\/guides\/avant-achat\/fournitures-accessoires\/#primaryimage\"},\"image\":{\"@id\":\"https:\/\/www.nature-bois-concept.com\/magazine\/terrasse-bois\/guides\/avant-achat\/fournitures-accessoires\/#primaryimage\"},\"thumbnailUrl\":\"https:\/\/www.nature-bois-concept.com\/magazine\/wp-content\/uploads\/2016\/06\/fourniture-terrasse-bois.jpg\",\"datePublished\":\"2016-06-28T14:26:20+00:00\",\"dateModified\":\"2016-10-04T11:28:29+00:00\",\"description\":\"Monter sa terrasse soi-m\u00eame demande un peu de connaissance en fournitures et accessoires. Pour cela, nous vous guidons \u00e0 travers ses diff\u00e9rents articles.\",\"breadcrumb\":{\"@id\":\"https:\/\/www.nature-bois-concept.com\/magazine\/terrasse-bois\/guides\/avant-achat\/fournitures-accessoires\/#breadcrumb\"},\"inLanguage\":\"fr-FR\",\"potentialAction\":[{\"@type\":\"ReadAction\",\"target\":[\"https:\/\/www.nature-bois-concept.com\/magazine\/terrasse-bois\/guides\/avant-achat\/fournitures-accessoires\/\"]}]},{\"@type\":\"ImageObject\",\"inLanguage\":\"fr-FR\",\"@id\":\"https:\/\/www.nature-bois-concept.com\/magazine\/terrasse-bois\/guides\/avant-achat\/fournitures-accessoires\/#primaryimage\",\"url\":\"https:\/\/www.nature-bois-concept.com\/magazine\/wp-content\/uploads\/2016\/06\/fourniture-terrasse-bois.jpg\",\"contentUrl\":\"https:\/\/www.nature-bois-concept.com\/magazine\/wp-content\/uploads\/2016\/06\/fourniture-terrasse-bois.jpg\",\"width\":1620,\"height\":668,\"caption\":\"construction terrasse bois plots\"},{\"@type\":\"BreadcrumbList\",\"@id\":\"https:\/\/www.nature-bois-concept.com\/magazine\/terrasse-bois\/guides\/avant-achat\/fournitures-accessoires\/#breadcrumb\",\"itemListElement\":[{\"@type\":\"ListItem\",\"position\":1,\"name\":\"Magazine NBC\",\"item\":\"https:\/\/www.nature-bois-concept.com\/magazine\/\"},{\"@type\":\"ListItem\",\"position\":2,\"name\":\"Terrasse bois\",\"item\":\"https:\/\/www.nature-bois-concept.com\/magazine\/terrasse-bois\/\"},{\"@type\":\"ListItem\",\"position\":3,\"name\":\"Nos guides sur la Terrasse\",\"item\":\"https:\/\/www.nature-bois-concept.com\/magazine\/terrasse-bois\/guides\/\"},{\"@type\":\"ListItem\",\"position\":4,\"name\":\"Tout ce qu&rsquo;il faut savoir avant l&rsquo;achat de sa Terrasse\",\"item\":\"https:\/\/www.nature-bois-concept.com\/magazine\/terrasse-bois\/guides\/avant-achat\/\"},{\"@type\":\"ListItem\",\"position\":5,\"name\":\"Quels fournitures et accessoires pour votre terrasse bois\"}]},{\"@type\":\"WebSite\",\"@id\":\"https:\/\/www.nature-bois-concept.com\/magazine\/#website\",\"url\":\"https:\/\/www.nature-bois-concept.com\/magazine\/\",\"name\":\"Magazine Nature Bois Concept\",\"description\":\"En association avec Nature Bois Concept\",\"potentialAction\":[{\"@type\":\"SearchAction\",\"target\":{\"@type\":\"EntryPoint\",\"urlTemplate\":\"https:\/\/www.nature-bois-concept.com\/magazine\/?s={search_term_string}\"},\"query-input\":\"required name=search_term_string\"}],\"inLanguage\":\"fr-FR\"}]}<\/script>\n<!-- \/ Yoast SEO plugin. -->","yoast_head_json":{"title":"Quels fournitures et accessoires pour votre terrasse bois","description":"Monter sa terrasse soi-m\u00eame demande un peu de connaissance en fournitures et accessoires. Pour cela, nous vous guidons \u00e0 travers ses diff\u00e9rents articles.","robots":{"index":"index","follow":"follow","max-snippet":"max-snippet:-1","max-image-preview":"max-image-preview:large","max-video-preview":"max-video-preview:-1"},"canonical":"https:\/\/www.nature-bois-concept.com\/magazine\/terrasse-bois\/guides\/avant-achat\/fournitures-accessoires\/","og_locale":"fr_FR","og_type":"article","og_title":"Quels fournitures et accessoires pour votre terrasse bois","og_description":"Monter sa terrasse soi-m\u00eame demande un peu de connaissance en fournitures et accessoires. Pour cela, nous vous guidons \u00e0 travers ses diff\u00e9rents articles.","og_url":"https:\/\/www.nature-bois-concept.com\/magazine\/terrasse-bois\/guides\/avant-achat\/fournitures-accessoires\/","og_site_name":"Magazine Nature Bois Concept","article_publisher":"https:\/\/www.facebook.com\/Nature-Bois-Concept-1596307970584169\/","article_modified_time":"2016-10-04T11:28:29+00:00","og_image":[{"width":1620,"height":668,"url":"https:\/\/www.nature-bois-concept.com\/magazine\/wp-content\/uploads\/2016\/06\/fourniture-terrasse-bois.jpg","type":"image\/jpeg"}],"twitter_card":"summary_large_image","twitter_site":"@nbc_bois","twitter_misc":{"Dur\u00e9e de lecture estim\u00e9e":"1 minute"},"schema":{"@context":"https:\/\/schema.org","@graph":[{"@type":"WebPage","@id":"https:\/\/www.nature-bois-concept.com\/magazine\/terrasse-bois\/guides\/avant-achat\/fournitures-accessoires\/","url":"https:\/\/www.nature-bois-concept.com\/magazine\/terrasse-bois\/guides\/avant-achat\/fournitures-accessoires\/","name":"Quels fournitures et accessoires pour votre terrasse bois","isPartOf":{"@id":"https:\/\/www.nature-bois-concept.com\/magazine\/#website"},"primaryImageOfPage":{"@id":"https:\/\/www.nature-bois-concept.com\/magazine\/terrasse-bois\/guides\/avant-achat\/fournitures-accessoires\/#primaryimage"},"image":{"@id":"https:\/\/www.nature-bois-concept.com\/magazine\/terrasse-bois\/guides\/avant-achat\/fournitures-accessoires\/#primaryimage"},"thumbnailUrl":"https:\/\/www.nature-bois-concept.com\/magazine\/wp-content\/uploads\/2016\/06\/fourniture-terrasse-bois.jpg","datePublished":"2016-06-28T14:26:20+00:00","dateModified":"2016-10-04T11:28:29+00:00","description":"Monter sa terrasse soi-m\u00eame demande un peu de connaissance en fournitures et accessoires. Pour cela, nous vous guidons \u00e0 travers ses diff\u00e9rents articles.","breadcrumb":{"@id":"https:\/\/www.nature-bois-concept.com\/magazine\/terrasse-bois\/guides\/avant-achat\/fournitures-accessoires\/#breadcrumb"},"inLanguage":"fr-FR","potentialAction":[{"@type":"ReadAction","target":["https:\/\/www.nature-bois-concept.com\/magazine\/terrasse-bois\/guides\/avant-achat\/fournitures-accessoires\/"]}]},{"@type":"ImageObject","inLanguage":"fr-FR","@id":"https:\/\/www.nature-bois-concept.com\/magazine\/terrasse-bois\/guides\/avant-achat\/fournitures-accessoires\/#primaryimage","url":"https:\/\/www.nature-bois-concept.com\/magazine\/wp-content\/uploads\/2016\/06\/fourniture-terrasse-bois.jpg","contentUrl":"https:\/\/www.nature-bois-concept.com\/magazine\/wp-content\/uploads\/2016\/06\/fourniture-terrasse-bois.jpg","width":1620,"height":668,"caption":"construction terrasse bois plots"},{"@type":"BreadcrumbList","@id":"https:\/\/www.nature-bois-concept.com\/magazine\/terrasse-bois\/guides\/avant-achat\/fournitures-accessoires\/#breadcrumb","itemListElement":[{"@type":"ListItem","position":1,"name":"Magazine NBC","item":"https:\/\/www.nature-bois-concept.com\/magazine\/"},{"@type":"ListItem","position":2,"name":"Terrasse bois","item":"https:\/\/www.nature-bois-concept.com\/magazine\/terrasse-bois\/"},{"@type":"ListItem","position":3,"name":"Nos guides sur la Terrasse","item":"https:\/\/www.nature-bois-concept.com\/magazine\/terrasse-bois\/guides\/"},{"@type":"ListItem","position":4,"name":"Tout ce qu&rsquo;il faut savoir avant l&rsquo;achat de sa Terrasse","item":"https:\/\/www.nature-bois-concept.com\/magazine\/terrasse-bois\/guides\/avant-achat\/"},{"@type":"ListItem","position":5,"name":"Quels fournitures et accessoires pour votre terrasse bois"}]},{"@type":"WebSite","@id":"https:\/\/www.nature-bois-concept.com\/magazine\/#website","url":"https:\/\/www.nature-bois-concept.com\/magazine\/","name":"Magazine Nature Bois Concept","description":"En association avec Nature Bois Concept","potentialAction":[{"@type":"SearchAction","target":{"@type":"EntryPoint","urlTemplate":"https:\/\/www.nature-bois-concept.com\/magazine\/?s={search_term_string}"},"query-input":"required name=search_term_string"}],"inLanguage":"fr-FR"}]}},"_links":{"self":[{"href":"https:\/\/www.nature-bois-concept.com\/magazine\/wp-json\/wp\/v2\/pages\/565"}],"collection":[{"href":"https:\/\/www.nature-bois-concept.com\/magazine\/wp-json\/wp\/v2\/pages"}],"about":[{"href":"https:\/\/www.nature-bois-concept.com\/magazine\/wp-json\/wp\/v2\/types\/page"}],"author":[{"embeddable":true,"href":"https:\/\/www.nature-bois-concept.com\/magazine\/wp-json\/wp\/v2\/users\/2"}],"replies":[{"embeddable":true,"href":"https:\/\/www.nature-bois-concept.com\/magazine\/wp-json\/wp\/v2\/comments?post=565"}],"version-history":[{"count":13,"href":"https:\/\/www.nature-bois-concept.com\/magazine\/wp-json\/wp\/v2\/pages\/565\/revisions"}],"predecessor-version":[{"id":2431,"href":"https:\/\/www.nature-bois-concept.com\/magazine\/wp-json\/wp\/v2\/pages\/565\/revisions\/2431"}],"up":[{"embeddable":true,"href":"https:\/\/www.nature-bois-concept.com\/magazine\/wp-json\/wp\/v2\/pages\/563"}],"wp:featuredmedia":[{"embeddable":true,"href":"https:\/\/www.nature-bois-concept.com\/magazine\/wp-json\/wp\/v2\/media\/1813"}],"wp:attachment":[{"href":"https:\/\/www.nature-bois-concept.com\/magazine\/wp-json\/wp\/v2\/media?parent=565"}],"curies":[{"name":"wp","href":"https:\/\/api.w.org\/{rel}","templated":true}]}}