{"id":563,"date":"2016-06-28T16:25:44","date_gmt":"2016-06-28T14:25:44","guid":{"rendered":"https:\/\/www.nature-bois-concept.com\/magazine\/?page_id=563"},"modified":"2021-08-18T11:48:42","modified_gmt":"2021-08-18T09:48:42","slug":"avant-achat","status":"publish","type":"page","link":"https:\/\/www.nature-bois-concept.com\/magazine\/terrasse-bois\/guides\/avant-achat\/","title":{"rendered":"Tout ce qu&rsquo;il faut savoir avant l&rsquo;achat de sa Terrasse"},"content":{"rendered":"","protected":false},"excerpt":{"rendered":"","protected":false},"author":2,"featured_media":3152,"parent":557,"menu_order":9,"comment_status":"closed","ping_status":"closed","template":"","meta":{"_acf_changed":false,"footnotes":""},"acf":[],"yoast_head":"<!-- This site is optimized with the Yoast SEO plugin v22.4 - https:\/\/yoast.com\/wordpress\/plugins\/seo\/ -->\n<title>Guide pour tout savoir Avant l&#039;achat de sa Terrasse<\/title>\n<meta name=\"description\" content=\"Du choix de l&#039;essence bois \u00e0 la d\u00e9finition de vos besoins en fournitures, nous vous guidons avant l&#039;achat dans l&#039;\u00e9laboration de votre de terrasse bois.\" \/>\n<meta name=\"robots\" content=\"index, follow, max-snippet:-1, max-image-preview:large, max-video-preview:-1\" \/>\n<link rel=\"canonical\" href=\"https:\/\/www.nature-bois-concept.com\/magazine\/terrasse-bois\/guides\/avant-achat\/\" \/>\n<meta property=\"og:locale\" content=\"fr_FR\" \/>\n<meta property=\"og:type\" content=\"article\" \/>\n<meta property=\"og:title\" content=\"Guide pour tout savoir Avant l&#039;achat de sa Terrasse\" \/>\n<meta property=\"og:description\" content=\"Du choix de l&#039;essence bois \u00e0 la d\u00e9finition de vos besoins en fournitures, nous vous guidons avant l&#039;achat dans l&#039;\u00e9laboration de votre de terrasse bois.\" \/>\n<meta property=\"og:url\" content=\"https:\/\/www.nature-bois-concept.com\/magazine\/terrasse-bois\/guides\/avant-achat\/\" \/>\n<meta property=\"og:site_name\" content=\"Magazine Nature Bois Concept\" \/>\n<meta property=\"article:publisher\" content=\"https:\/\/www.facebook.com\/Nature-Bois-Concept-1596307970584169\/\" \/>\n<meta property=\"article:modified_time\" content=\"2021-08-18T09:48:42+00:00\" \/>\n<meta property=\"og:image\" content=\"https:\/\/www.nature-bois-concept.com\/magazine\/wp-content\/uploads\/2016\/06\/magazine-amenagement-exterieur-nature-bois-concept.jpg\" \/>\n\t<meta property=\"og:image:width\" content=\"1620\" \/>\n\t<meta property=\"og:image:height\" content=\"668\" \/>\n\t<meta property=\"og:image:type\" content=\"image\/jpeg\" \/>\n<meta name=\"twitter:card\" content=\"summary_large_image\" \/>\n<meta name=\"twitter:site\" content=\"@nbc_bois\" \/>\n<script type=\"application\/ld+json\" class=\"yoast-schema-graph\">{\"@context\":\"https:\/\/schema.org\",\"@graph\":[{\"@type\":\"WebPage\",\"@id\":\"https:\/\/www.nature-bois-concept.com\/magazine\/terrasse-bois\/guides\/avant-achat\/\",\"url\":\"https:\/\/www.nature-bois-concept.com\/magazine\/terrasse-bois\/guides\/avant-achat\/\",\"name\":\"Guide pour tout savoir Avant l'achat de sa Terrasse\",\"isPartOf\":{\"@id\":\"https:\/\/www.nature-bois-concept.com\/magazine\/#website\"},\"primaryImageOfPage\":{\"@id\":\"https:\/\/www.nature-bois-concept.com\/magazine\/terrasse-bois\/guides\/avant-achat\/#primaryimage\"},\"image\":{\"@id\":\"https:\/\/www.nature-bois-concept.com\/magazine\/terrasse-bois\/guides\/avant-achat\/#primaryimage\"},\"thumbnailUrl\":\"https:\/\/www.nature-bois-concept.com\/magazine\/wp-content\/uploads\/2016\/06\/magazine-amenagement-exterieur-nature-bois-concept.jpg\",\"datePublished\":\"2016-06-28T14:25:44+00:00\",\"dateModified\":\"2021-08-18T09:48:42+00:00\",\"description\":\"Du choix de l'essence bois \u00e0 la d\u00e9finition de vos besoins en fournitures, nous vous guidons avant l'achat dans l'\u00e9laboration de votre de terrasse bois.\",\"breadcrumb\":{\"@id\":\"https:\/\/www.nature-bois-concept.com\/magazine\/terrasse-bois\/guides\/avant-achat\/#breadcrumb\"},\"inLanguage\":\"fr-FR\",\"potentialAction\":[{\"@type\":\"ReadAction\",\"target\":[\"https:\/\/www.nature-bois-concept.com\/magazine\/terrasse-bois\/guides\/avant-achat\/\"]}]},{\"@type\":\"ImageObject\",\"inLanguage\":\"fr-FR\",\"@id\":\"https:\/\/www.nature-bois-concept.com\/magazine\/terrasse-bois\/guides\/avant-achat\/#primaryimage\",\"url\":\"https:\/\/www.nature-bois-concept.com\/magazine\/wp-content\/uploads\/2016\/06\/magazine-amenagement-exterieur-nature-bois-concept.jpg\",\"contentUrl\":\"https:\/\/www.nature-bois-concept.com\/magazine\/wp-content\/uploads\/2016\/06\/magazine-amenagement-exterieur-nature-bois-concept.jpg\",\"width\":1620,\"height\":668,\"caption\":\"terrasse et bardage de qualit\u00e9 sur maison\"},{\"@type\":\"BreadcrumbList\",\"@id\":\"https:\/\/www.nature-bois-concept.com\/magazine\/terrasse-bois\/guides\/avant-achat\/#breadcrumb\",\"itemListElement\":[{\"@type\":\"ListItem\",\"position\":1,\"name\":\"Magazine NBC\",\"item\":\"https:\/\/www.nature-bois-concept.com\/magazine\/\"},{\"@type\":\"ListItem\",\"position\":2,\"name\":\"Terrasse bois\",\"item\":\"https:\/\/www.nature-bois-concept.com\/magazine\/terrasse-bois\/\"},{\"@type\":\"ListItem\",\"position\":3,\"name\":\"Nos guides sur la Terrasse\",\"item\":\"https:\/\/www.nature-bois-concept.com\/magazine\/terrasse-bois\/guides\/\"},{\"@type\":\"ListItem\",\"position\":4,\"name\":\"Tout ce qu&rsquo;il faut savoir avant l&rsquo;achat de sa Terrasse\"}]},{\"@type\":\"WebSite\",\"@id\":\"https:\/\/www.nature-bois-concept.com\/magazine\/#website\",\"url\":\"https:\/\/www.nature-bois-concept.com\/magazine\/\",\"name\":\"Magazine Nature Bois Concept\",\"description\":\"En association avec Nature Bois Concept\",\"potentialAction\":[{\"@type\":\"SearchAction\",\"target\":{\"@type\":\"EntryPoint\",\"urlTemplate\":\"https:\/\/www.nature-bois-concept.com\/magazine\/?s={search_term_string}\"},\"query-input\":\"required name=search_term_string\"}],\"inLanguage\":\"fr-FR\"}]}<\/script>\n<!-- \/ Yoast SEO plugin. -->","yoast_head_json":{"title":"Guide pour tout savoir Avant l'achat de sa Terrasse","description":"Du choix de l'essence bois \u00e0 la d\u00e9finition de vos besoins en fournitures, nous vous guidons avant l'achat dans l'\u00e9laboration de votre de terrasse bois.","robots":{"index":"index","follow":"follow","max-snippet":"max-snippet:-1","max-image-preview":"max-image-preview:large","max-video-preview":"max-video-preview:-1"},"canonical":"https:\/\/www.nature-bois-concept.com\/magazine\/terrasse-bois\/guides\/avant-achat\/","og_locale":"fr_FR","og_type":"article","og_title":"Guide pour tout savoir Avant l'achat de sa Terrasse","og_description":"Du choix de l'essence bois \u00e0 la d\u00e9finition de vos besoins en fournitures, nous vous guidons avant l'achat dans l'\u00e9laboration de votre de terrasse bois.","og_url":"https:\/\/www.nature-bois-concept.com\/magazine\/terrasse-bois\/guides\/avant-achat\/","og_site_name":"Magazine Nature Bois Concept","article_publisher":"https:\/\/www.facebook.com\/Nature-Bois-Concept-1596307970584169\/","article_modified_time":"2021-08-18T09:48:42+00:00","og_image":[{"width":1620,"height":668,"url":"https:\/\/www.nature-bois-concept.com\/magazine\/wp-content\/uploads\/2016\/06\/magazine-amenagement-exterieur-nature-bois-concept.jpg","type":"image\/jpeg"}],"twitter_card":"summary_large_image","twitter_site":"@nbc_bois","schema":{"@context":"https:\/\/schema.org","@graph":[{"@type":"WebPage","@id":"https:\/\/www.nature-bois-concept.com\/magazine\/terrasse-bois\/guides\/avant-achat\/","url":"https:\/\/www.nature-bois-concept.com\/magazine\/terrasse-bois\/guides\/avant-achat\/","name":"Guide pour tout savoir Avant l'achat de sa Terrasse","isPartOf":{"@id":"https:\/\/www.nature-bois-concept.com\/magazine\/#website"},"primaryImageOfPage":{"@id":"https:\/\/www.nature-bois-concept.com\/magazine\/terrasse-bois\/guides\/avant-achat\/#primaryimage"},"image":{"@id":"https:\/\/www.nature-bois-concept.com\/magazine\/terrasse-bois\/guides\/avant-achat\/#primaryimage"},"thumbnailUrl":"https:\/\/www.nature-bois-concept.com\/magazine\/wp-content\/uploads\/2016\/06\/magazine-amenagement-exterieur-nature-bois-concept.jpg","datePublished":"2016-06-28T14:25:44+00:00","dateModified":"2021-08-18T09:48:42+00:00","description":"Du choix de l'essence bois \u00e0 la d\u00e9finition de vos besoins en fournitures, nous vous guidons avant l'achat dans l'\u00e9laboration de votre de terrasse bois.","breadcrumb":{"@id":"https:\/\/www.nature-bois-concept.com\/magazine\/terrasse-bois\/guides\/avant-achat\/#breadcrumb"},"inLanguage":"fr-FR","potentialAction":[{"@type":"ReadAction","target":["https:\/\/www.nature-bois-concept.com\/magazine\/terrasse-bois\/guides\/avant-achat\/"]}]},{"@type":"ImageObject","inLanguage":"fr-FR","@id":"https:\/\/www.nature-bois-concept.com\/magazine\/terrasse-bois\/guides\/avant-achat\/#primaryimage","url":"https:\/\/www.nature-bois-concept.com\/magazine\/wp-content\/uploads\/2016\/06\/magazine-amenagement-exterieur-nature-bois-concept.jpg","contentUrl":"https:\/\/www.nature-bois-concept.com\/magazine\/wp-content\/uploads\/2016\/06\/magazine-amenagement-exterieur-nature-bois-concept.jpg","width":1620,"height":668,"caption":"terrasse et bardage de qualit\u00e9 sur maison"},{"@type":"BreadcrumbList","@id":"https:\/\/www.nature-bois-concept.com\/magazine\/terrasse-bois\/guides\/avant-achat\/#breadcrumb","itemListElement":[{"@type":"ListItem","position":1,"name":"Magazine NBC","item":"https:\/\/www.nature-bois-concept.com\/magazine\/"},{"@type":"ListItem","position":2,"name":"Terrasse bois","item":"https:\/\/www.nature-bois-concept.com\/magazine\/terrasse-bois\/"},{"@type":"ListItem","position":3,"name":"Nos guides sur la Terrasse","item":"https:\/\/www.nature-bois-concept.com\/magazine\/terrasse-bois\/guides\/"},{"@type":"ListItem","position":4,"name":"Tout ce qu&rsquo;il faut savoir avant l&rsquo;achat de sa Terrasse"}]},{"@type":"WebSite","@id":"https:\/\/www.nature-bois-concept.com\/magazine\/#website","url":"https:\/\/www.nature-bois-concept.com\/magazine\/","name":"Magazine Nature Bois Concept","description":"En association avec Nature Bois Concept","potentialAction":[{"@type":"SearchAction","target":{"@type":"EntryPoint","urlTemplate":"https:\/\/www.nature-bois-concept.com\/magazine\/?s={search_term_string}"},"query-input":"required name=search_term_string"}],"inLanguage":"fr-FR"}]}},"_links":{"self":[{"href":"https:\/\/www.nature-bois-concept.com\/magazine\/wp-json\/wp\/v2\/pages\/563"}],"collection":[{"href":"https:\/\/www.nature-bois-concept.com\/magazine\/wp-json\/wp\/v2\/pages"}],"about":[{"href":"https:\/\/www.nature-bois-concept.com\/magazine\/wp-json\/wp\/v2\/types\/page"}],"author":[{"embeddable":true,"href":"https:\/\/www.nature-bois-concept.com\/magazine\/wp-json\/wp\/v2\/users\/2"}],"replies":[{"embeddable":true,"href":"https:\/\/www.nature-bois-concept.com\/magazine\/wp-json\/wp\/v2\/comments?post=563"}],"version-history":[{"count":29,"href":"https:\/\/www.nature-bois-concept.com\/magazine\/wp-json\/wp\/v2\/pages\/563\/revisions"}],"predecessor-version":[{"id":6436,"href":"https:\/\/www.nature-bois-concept.com\/magazine\/wp-json\/wp\/v2\/pages\/563\/revisions\/6436"}],"up":[{"embeddable":true,"href":"https:\/\/www.nature-bois-concept.com\/magazine\/wp-json\/wp\/v2\/pages\/557"}],"wp:featuredmedia":[{"embeddable":true,"href":"https:\/\/www.nature-bois-concept.com\/magazine\/wp-json\/wp\/v2\/media\/3152"}],"wp:attachment":[{"href":"https:\/\/www.nature-bois-concept.com\/magazine\/wp-json\/wp\/v2\/media?parent=563"}],"curies":[{"name":"wp","href":"https:\/\/api.w.org\/{rel}","templated":true}]}}