{"id":555,"date":"2016-06-28T14:44:28","date_gmt":"2016-06-28T12:44:28","guid":{"rendered":"https:\/\/www.nature-bois-concept.com\/magazine\/accueil\/bardage-bois\/"},"modified":"2025-06-13T15:29:42","modified_gmt":"2025-06-13T13:29:42","slug":"bardage-bois","status":"publish","type":"page","link":"https:\/\/www.nature-bois-concept.com\/magazine\/bardage-bois\/","title":{"rendered":"Bardage bois"},"content":{"rendered":"<p>D\u2019un simple pan de mur \u00e0 une fa\u00e7ade enti\u00e8re, vous trouverez le bardage qui vous correspond, avec la finition et le style que vous souhaitez donner \u00e0 votre bien.<\/p>\n<p>Le bois, mat\u00e9riau naturel noble et authentique, apporte une touche design \u00e0 votre am\u00e9nagement ext\u00e9rieur, aussi bien traditionnel que contemporain. Non seulement vous avez la possibilit\u00e9 de jouer sur le type d\u2019essence (Red Cedar, M\u00e9l\u00e8ze ou Pin Sylvestre) et ses dimensions, mais aussi sur la forme de votre bardage (Bardage clin ou Bardage Claire-voie).<\/p>\n<p>Comme \u00e0 son habitude, Nature Bois Concept accompagne chaque personne souhaitant se lancer dans la r\u00e9alisation d\u2019une couverture de fa\u00e7ade bois. Par le biais de conseils, descriptions de produits, actus, avis et reportages photos, vous d\u00e9velopperez vos connaissances dans la pose de bardage. Ainsi, vous \u00e9viterez les mauvais choix. Affinez vos connaissances d\u00e8s maintenant en suivant nos guides, et suivez l&rsquo;actualit\u00e9 bardage bois de nature bois concept en lisant nos <a href=\"https:\/\/www.nature-bois-concept.com\/magazine\/bardage-bois\/actualites\/\">articles<\/a> les plus r\u00e9cents sur le sujet.<\/p>\n<p>Vous d\u00e9cidez finalement de vous lancer et avez peut-\u00eatre aussi besoin de faire appel \u00e0 un poseur pour la mise en \u0153uvre de votre am\u00e9nagement ext\u00e9rieur bois. Alors venez chercher dans notre univers <a href=\"https:\/\/www.nature-bois-concept.com\/fr\/bardage-bois\/\" target=\"_blank\" rel=\"noopener noreferrer\">bardage bois<\/a> toutes les r\u00e9ponses \u00e0 vos questions. Montage bardage bois, type de fixation, quincaillerie aucune \u00e9tape ne vous \u00e9chappera\u00a0!<\/p>\n","protected":false},"excerpt":{"rendered":"<p>D\u2019un simple pan de mur \u00e0 une fa\u00e7ade enti\u00e8re, vous trouverez le bardage qui vous correspond, avec la finition et le style que vous souhaitez donner \u00e0 votre bien. Le bois, mat\u00e9riau naturel noble et authentique, apporte une touche design \u00e0 votre am\u00e9nagement ext\u00e9rieur, aussi bien traditionnel que contemporain. Non seulement vous avez la possibilit\u00e9 de jouer sur le type d\u2019essence (Red Cedar, M\u00e9l\u00e8ze ou Pin Sylvestre) et ses dimensions,&#8230;<\/p>\n","protected":false},"author":2,"featured_media":3177,"parent":0,"menu_order":12,"comment_status":"closed","ping_status":"closed","template":"","meta":{"_acf_changed":false,"footnotes":""},"acf":[],"yoast_head":"<!-- This site is optimized with the Yoast SEO plugin v22.4 - https:\/\/yoast.com\/wordpress\/plugins\/seo\/ -->\n<title>Tout savoir sur le Bardage en Bois : Guides &amp; Articles !<\/title>\n<meta name=\"description\" content=\"D\u00e9couvrez tout l&#039;univers de la Bardage en bois : Guides, Conseils, Vid\u00e9os, Actus, Nouveaux produits et bien plus depuis le rayon bardage bois !\" \/>\n<meta name=\"robots\" content=\"index, follow, max-snippet:-1, max-image-preview:large, max-video-preview:-1\" \/>\n<link rel=\"canonical\" href=\"https:\/\/www.nature-bois-concept.com\/magazine\/bardage-bois\/\" \/>\n<meta property=\"og:locale\" content=\"fr_FR\" \/>\n<meta property=\"og:type\" content=\"article\" \/>\n<meta property=\"og:title\" content=\"Tout savoir sur le Bardage en Bois : Guides &amp; Articles !\" \/>\n<meta property=\"og:description\" content=\"D\u00e9couvrez tout l&#039;univers de la Bardage en bois : Guides, Conseils, Vid\u00e9os, Actus, Nouveaux produits et bien plus depuis le rayon bardage bois !\" \/>\n<meta property=\"og:url\" content=\"https:\/\/www.nature-bois-concept.com\/magazine\/bardage-bois\/\" \/>\n<meta property=\"og:site_name\" content=\"Magazine Nature Bois Concept\" \/>\n<meta property=\"article:publisher\" content=\"https:\/\/www.facebook.com\/Nature-Bois-Concept-1596307970584169\/\" \/>\n<meta property=\"article:modified_time\" content=\"2025-06-13T13:29:42+00:00\" \/>\n<meta property=\"og:image\" content=\"https:\/\/www.nature-bois-concept.com\/magazine\/wp-content\/uploads\/2016\/06\/gamme-bardage-bois.jpg\" \/>\n\t<meta property=\"og:image:width\" content=\"290\" \/>\n\t<meta property=\"og:image:height\" content=\"200\" \/>\n\t<meta property=\"og:image:type\" content=\"image\/jpeg\" \/>\n<meta name=\"twitter:card\" content=\"summary_large_image\" \/>\n<meta name=\"twitter:site\" content=\"@nbc_bois\" \/>\n<meta name=\"twitter:label1\" content=\"Dur\u00e9e de lecture estim\u00e9e\" \/>\n\t<meta name=\"twitter:data1\" content=\"2 minutes\" \/>\n<script type=\"application\/ld+json\" class=\"yoast-schema-graph\">{\"@context\":\"https:\/\/schema.org\",\"@graph\":[{\"@type\":\"WebPage\",\"@id\":\"https:\/\/www.nature-bois-concept.com\/magazine\/bardage-bois\/\",\"url\":\"https:\/\/www.nature-bois-concept.com\/magazine\/bardage-bois\/\",\"name\":\"Tout savoir sur le Bardage en Bois : Guides & Articles !\",\"isPartOf\":{\"@id\":\"https:\/\/www.nature-bois-concept.com\/magazine\/#website\"},\"primaryImageOfPage\":{\"@id\":\"https:\/\/www.nature-bois-concept.com\/magazine\/bardage-bois\/#primaryimage\"},\"image\":{\"@id\":\"https:\/\/www.nature-bois-concept.com\/magazine\/bardage-bois\/#primaryimage\"},\"thumbnailUrl\":\"https:\/\/www.nature-bois-concept.com\/magazine\/wp-content\/uploads\/2016\/06\/gamme-bardage-bois.jpg\",\"datePublished\":\"2016-06-28T12:44:28+00:00\",\"dateModified\":\"2025-06-13T13:29:42+00:00\",\"description\":\"D\u00e9couvrez tout l'univers de la Bardage en bois : Guides, Conseils, Vid\u00e9os, Actus, Nouveaux produits et bien plus depuis le rayon bardage bois !\",\"breadcrumb\":{\"@id\":\"https:\/\/www.nature-bois-concept.com\/magazine\/bardage-bois\/#breadcrumb\"},\"inLanguage\":\"fr-FR\",\"potentialAction\":[{\"@type\":\"ReadAction\",\"target\":[\"https:\/\/www.nature-bois-concept.com\/magazine\/bardage-bois\/\"]}]},{\"@type\":\"ImageObject\",\"inLanguage\":\"fr-FR\",\"@id\":\"https:\/\/www.nature-bois-concept.com\/magazine\/bardage-bois\/#primaryimage\",\"url\":\"https:\/\/www.nature-bois-concept.com\/magazine\/wp-content\/uploads\/2016\/06\/gamme-bardage-bois.jpg\",\"contentUrl\":\"https:\/\/www.nature-bois-concept.com\/magazine\/wp-content\/uploads\/2016\/06\/gamme-bardage-bois.jpg\",\"width\":290,\"height\":200,\"caption\":\"claire voie bardage bois fa\u00e7ade\"},{\"@type\":\"BreadcrumbList\",\"@id\":\"https:\/\/www.nature-bois-concept.com\/magazine\/bardage-bois\/#breadcrumb\",\"itemListElement\":[{\"@type\":\"ListItem\",\"position\":1,\"name\":\"Magazine NBC\",\"item\":\"https:\/\/www.nature-bois-concept.com\/magazine\/\"},{\"@type\":\"ListItem\",\"position\":2,\"name\":\"Bardage bois\"}]},{\"@type\":\"WebSite\",\"@id\":\"https:\/\/www.nature-bois-concept.com\/magazine\/#website\",\"url\":\"https:\/\/www.nature-bois-concept.com\/magazine\/\",\"name\":\"Magazine Nature Bois Concept\",\"description\":\"En association avec Nature Bois Concept\",\"potentialAction\":[{\"@type\":\"SearchAction\",\"target\":{\"@type\":\"EntryPoint\",\"urlTemplate\":\"https:\/\/www.nature-bois-concept.com\/magazine\/?s={search_term_string}\"},\"query-input\":\"required name=search_term_string\"}],\"inLanguage\":\"fr-FR\"}]}<\/script>\n<!-- \/ Yoast SEO plugin. -->","yoast_head_json":{"title":"Tout savoir sur le Bardage en Bois : Guides & Articles !","description":"D\u00e9couvrez tout l'univers de la Bardage en bois : Guides, Conseils, Vid\u00e9os, Actus, Nouveaux produits et bien plus depuis le rayon bardage bois !","robots":{"index":"index","follow":"follow","max-snippet":"max-snippet:-1","max-image-preview":"max-image-preview:large","max-video-preview":"max-video-preview:-1"},"canonical":"https:\/\/www.nature-bois-concept.com\/magazine\/bardage-bois\/","og_locale":"fr_FR","og_type":"article","og_title":"Tout savoir sur le Bardage en Bois : Guides & Articles !","og_description":"D\u00e9couvrez tout l'univers de la Bardage en bois : Guides, Conseils, Vid\u00e9os, Actus, Nouveaux produits et bien plus depuis le rayon bardage bois !","og_url":"https:\/\/www.nature-bois-concept.com\/magazine\/bardage-bois\/","og_site_name":"Magazine Nature Bois Concept","article_publisher":"https:\/\/www.facebook.com\/Nature-Bois-Concept-1596307970584169\/","article_modified_time":"2025-06-13T13:29:42+00:00","og_image":[{"width":290,"height":200,"url":"https:\/\/www.nature-bois-concept.com\/magazine\/wp-content\/uploads\/2016\/06\/gamme-bardage-bois.jpg","type":"image\/jpeg"}],"twitter_card":"summary_large_image","twitter_site":"@nbc_bois","twitter_misc":{"Dur\u00e9e de lecture estim\u00e9e":"2 minutes"},"schema":{"@context":"https:\/\/schema.org","@graph":[{"@type":"WebPage","@id":"https:\/\/www.nature-bois-concept.com\/magazine\/bardage-bois\/","url":"https:\/\/www.nature-bois-concept.com\/magazine\/bardage-bois\/","name":"Tout savoir sur le Bardage en Bois : Guides & Articles !","isPartOf":{"@id":"https:\/\/www.nature-bois-concept.com\/magazine\/#website"},"primaryImageOfPage":{"@id":"https:\/\/www.nature-bois-concept.com\/magazine\/bardage-bois\/#primaryimage"},"image":{"@id":"https:\/\/www.nature-bois-concept.com\/magazine\/bardage-bois\/#primaryimage"},"thumbnailUrl":"https:\/\/www.nature-bois-concept.com\/magazine\/wp-content\/uploads\/2016\/06\/gamme-bardage-bois.jpg","datePublished":"2016-06-28T12:44:28+00:00","dateModified":"2025-06-13T13:29:42+00:00","description":"D\u00e9couvrez tout l'univers de la Bardage en bois : Guides, Conseils, Vid\u00e9os, Actus, Nouveaux produits et bien plus depuis le rayon bardage bois !","breadcrumb":{"@id":"https:\/\/www.nature-bois-concept.com\/magazine\/bardage-bois\/#breadcrumb"},"inLanguage":"fr-FR","potentialAction":[{"@type":"ReadAction","target":["https:\/\/www.nature-bois-concept.com\/magazine\/bardage-bois\/"]}]},{"@type":"ImageObject","inLanguage":"fr-FR","@id":"https:\/\/www.nature-bois-concept.com\/magazine\/bardage-bois\/#primaryimage","url":"https:\/\/www.nature-bois-concept.com\/magazine\/wp-content\/uploads\/2016\/06\/gamme-bardage-bois.jpg","contentUrl":"https:\/\/www.nature-bois-concept.com\/magazine\/wp-content\/uploads\/2016\/06\/gamme-bardage-bois.jpg","width":290,"height":200,"caption":"claire voie bardage bois fa\u00e7ade"},{"@type":"BreadcrumbList","@id":"https:\/\/www.nature-bois-concept.com\/magazine\/bardage-bois\/#breadcrumb","itemListElement":[{"@type":"ListItem","position":1,"name":"Magazine NBC","item":"https:\/\/www.nature-bois-concept.com\/magazine\/"},{"@type":"ListItem","position":2,"name":"Bardage bois"}]},{"@type":"WebSite","@id":"https:\/\/www.nature-bois-concept.com\/magazine\/#website","url":"https:\/\/www.nature-bois-concept.com\/magazine\/","name":"Magazine Nature Bois Concept","description":"En association avec Nature Bois Concept","potentialAction":[{"@type":"SearchAction","target":{"@type":"EntryPoint","urlTemplate":"https:\/\/www.nature-bois-concept.com\/magazine\/?s={search_term_string}"},"query-input":"required name=search_term_string"}],"inLanguage":"fr-FR"}]}},"_links":{"self":[{"href":"https:\/\/www.nature-bois-concept.com\/magazine\/wp-json\/wp\/v2\/pages\/555"}],"collection":[{"href":"https:\/\/www.nature-bois-concept.com\/magazine\/wp-json\/wp\/v2\/pages"}],"about":[{"href":"https:\/\/www.nature-bois-concept.com\/magazine\/wp-json\/wp\/v2\/types\/page"}],"author":[{"embeddable":true,"href":"https:\/\/www.nature-bois-concept.com\/magazine\/wp-json\/wp\/v2\/users\/2"}],"replies":[{"embeddable":true,"href":"https:\/\/www.nature-bois-concept.com\/magazine\/wp-json\/wp\/v2\/comments?post=555"}],"version-history":[{"count":38,"href":"https:\/\/www.nature-bois-concept.com\/magazine\/wp-json\/wp\/v2\/pages\/555\/revisions"}],"predecessor-version":[{"id":7855,"href":"https:\/\/www.nature-bois-concept.com\/magazine\/wp-json\/wp\/v2\/pages\/555\/revisions\/7855"}],"wp:featuredmedia":[{"embeddable":true,"href":"https:\/\/www.nature-bois-concept.com\/magazine\/wp-json\/wp\/v2\/media\/3177"}],"wp:attachment":[{"href":"https:\/\/www.nature-bois-concept.com\/magazine\/wp-json\/wp\/v2\/media?parent=555"}],"curies":[{"name":"wp","href":"https:\/\/api.w.org\/{rel}","templated":true}]}}