{"id":549,"date":"2016-06-28T14:04:48","date_gmt":"2016-06-28T12:04:48","guid":{"rendered":"https:\/\/www.nature-bois-concept.com\/magazine\/?page_id=549"},"modified":"2025-02-26T15:33:30","modified_gmt":"2025-02-26T14:33:30","slug":"le-magazine","status":"publish","type":"page","link":"https:\/\/www.nature-bois-concept.com\/magazine\/","title":{"rendered":"LE MAGAZINE"},"content":{"rendered":"<p style=\"text-align: center;\">Un espace pour lire et commenter les articles sur toute l&rsquo;actualit\u00e9 du bois gr\u00e2ce \u00e0 <a href=\"https:\/\/www.nature-bois-concept.com\/\">Nature Bois concept, sp\u00e9cialiste de l&rsquo;am\u00e9nagement ext\u00e9rieur<\/a>.\u00a0De la terrasse bois au bardage d\u00e9couvrez les conseils et les tendances pour habiller votre maison et am\u00e9nager votre jardin.\u00a0Nous avons \u00e9tendu notre magazine \u00e0 la cl\u00f4ture rigide, les cl\u00f4tures bois, les gardes corps pour vous apporter toutes les r\u00e9ponses \u00e0 vos id\u00e9es d&rsquo;am\u00e9nagement.<\/p>\n","protected":false},"excerpt":{"rendered":"<p>Un espace pour lire et commenter les articles sur toute l&rsquo;actualit\u00e9 du bois gr\u00e2ce \u00e0 Nature Bois concept, sp\u00e9cialiste de l&rsquo;am\u00e9nagement ext\u00e9rieur.\u00a0De la terrasse bois au bardage d\u00e9couvrez les conseils et les tendances pour habiller votre maison et am\u00e9nager votre jardin.\u00a0Nous avons \u00e9tendu notre magazine \u00e0 la cl\u00f4ture rigide, les cl\u00f4tures bois, les gardes corps pour vous apporter toutes les r\u00e9ponses \u00e0 vos id\u00e9es d&rsquo;am\u00e9nagement.<\/p>\n","protected":false},"author":1,"featured_media":3152,"parent":0,"menu_order":8,"comment_status":"closed","ping_status":"closed","template":"","meta":{"_acf_changed":false,"footnotes":""},"acf":[],"yoast_head":"<!-- This site is optimized with the Yoast SEO plugin v22.4 - https:\/\/yoast.com\/wordpress\/plugins\/seo\/ -->\n<title>Magazine Nature Bois Concept : Am\u00e9nagement Ext\u00e9rieur Bois<\/title>\n<meta name=\"description\" content=\"Besoin d&#039;id\u00e9es ? Des conseils sur les essences de bois, pour le choix &amp; la pose de terrasse, bardage, cl\u00f4ture... D\u00e9couvrez le magazine Nature Bois Concept !\" \/>\n<meta name=\"robots\" content=\"index, follow, max-snippet:-1, max-image-preview:large, max-video-preview:-1\" \/>\n<link rel=\"canonical\" href=\"https:\/\/www.nature-bois-concept.com\/magazine\/\" \/>\n<meta property=\"og:locale\" content=\"fr_FR\" \/>\n<meta property=\"og:type\" content=\"article\" \/>\n<meta property=\"og:title\" content=\"Magazine Nature Bois Concept : Am\u00e9nagement Ext\u00e9rieur Bois\" \/>\n<meta property=\"og:description\" content=\"Besoin d&#039;id\u00e9es ? Des conseils sur les essences de bois, pour le choix &amp; la pose de terrasse, bardage, cl\u00f4ture... D\u00e9couvrez le magazine Nature Bois Concept !\" \/>\n<meta property=\"og:url\" content=\"https:\/\/www.nature-bois-concept.com\/magazine\/\" \/>\n<meta property=\"og:site_name\" content=\"Magazine Nature Bois Concept\" \/>\n<meta property=\"article:publisher\" content=\"https:\/\/www.facebook.com\/Nature-Bois-Concept-1596307970584169\/\" \/>\n<meta property=\"article:modified_time\" content=\"2025-02-26T14:33:30+00:00\" \/>\n<meta property=\"og:image\" content=\"https:\/\/www.nature-bois-concept.com\/magazine\/wp-content\/uploads\/2016\/06\/magazine-amenagement-exterieur-nature-bois-concept.jpg\" \/>\n\t<meta property=\"og:image:width\" content=\"1620\" \/>\n\t<meta property=\"og:image:height\" content=\"668\" \/>\n\t<meta property=\"og:image:type\" content=\"image\/jpeg\" \/>\n<meta name=\"twitter:card\" content=\"summary_large_image\" \/>\n<meta name=\"twitter:site\" content=\"@nbc_bois\" \/>\n<meta name=\"twitter:label1\" content=\"Dur\u00e9e de lecture estim\u00e9e\" \/>\n\t<meta name=\"twitter:data1\" content=\"1 minute\" \/>\n<script type=\"application\/ld+json\" class=\"yoast-schema-graph\">{\"@context\":\"https:\/\/schema.org\",\"@graph\":[{\"@type\":\"WebPage\",\"@id\":\"https:\/\/www.nature-bois-concept.com\/magazine\/\",\"url\":\"https:\/\/www.nature-bois-concept.com\/magazine\/\",\"name\":\"Magazine Nature Bois Concept : Am\u00e9nagement Ext\u00e9rieur Bois\",\"isPartOf\":{\"@id\":\"https:\/\/www.nature-bois-concept.com\/magazine\/#website\"},\"primaryImageOfPage\":{\"@id\":\"https:\/\/www.nature-bois-concept.com\/magazine\/#primaryimage\"},\"image\":{\"@id\":\"https:\/\/www.nature-bois-concept.com\/magazine\/#primaryimage\"},\"thumbnailUrl\":\"https:\/\/www.nature-bois-concept.com\/magazine\/wp-content\/uploads\/2016\/06\/magazine-amenagement-exterieur-nature-bois-concept.jpg\",\"datePublished\":\"2016-06-28T12:04:48+00:00\",\"dateModified\":\"2025-02-26T14:33:30+00:00\",\"description\":\"Besoin d'id\u00e9es ? Des conseils sur les essences de bois, pour le choix & la pose de terrasse, bardage, cl\u00f4ture... D\u00e9couvrez le magazine Nature Bois Concept !\",\"breadcrumb\":{\"@id\":\"https:\/\/www.nature-bois-concept.com\/magazine\/#breadcrumb\"},\"inLanguage\":\"fr-FR\",\"potentialAction\":[{\"@type\":\"ReadAction\",\"target\":[\"https:\/\/www.nature-bois-concept.com\/magazine\/\"]}]},{\"@type\":\"ImageObject\",\"inLanguage\":\"fr-FR\",\"@id\":\"https:\/\/www.nature-bois-concept.com\/magazine\/#primaryimage\",\"url\":\"https:\/\/www.nature-bois-concept.com\/magazine\/wp-content\/uploads\/2016\/06\/magazine-amenagement-exterieur-nature-bois-concept.jpg\",\"contentUrl\":\"https:\/\/www.nature-bois-concept.com\/magazine\/wp-content\/uploads\/2016\/06\/magazine-amenagement-exterieur-nature-bois-concept.jpg\",\"width\":1620,\"height\":668,\"caption\":\"terrasse et bardage de qualit\u00e9 sur maison\"},{\"@type\":\"BreadcrumbList\",\"@id\":\"https:\/\/www.nature-bois-concept.com\/magazine\/#breadcrumb\",\"itemListElement\":[{\"@type\":\"ListItem\",\"position\":1,\"name\":\"Magazine NBC\",\"item\":\"https:\/\/www.nature-bois-concept.com\/magazine\/\"},{\"@type\":\"ListItem\",\"position\":2,\"name\":\"LE MAGAZINE\"}]},{\"@type\":\"WebSite\",\"@id\":\"https:\/\/www.nature-bois-concept.com\/magazine\/#website\",\"url\":\"https:\/\/www.nature-bois-concept.com\/magazine\/\",\"name\":\"Magazine Nature Bois Concept\",\"description\":\"En association avec Nature Bois Concept\",\"potentialAction\":[{\"@type\":\"SearchAction\",\"target\":{\"@type\":\"EntryPoint\",\"urlTemplate\":\"https:\/\/www.nature-bois-concept.com\/magazine\/?s={search_term_string}\"},\"query-input\":\"required name=search_term_string\"}],\"inLanguage\":\"fr-FR\"}]}<\/script>\n<!-- \/ Yoast SEO plugin. -->","yoast_head_json":{"title":"Magazine Nature Bois Concept : Am\u00e9nagement Ext\u00e9rieur Bois","description":"Besoin d'id\u00e9es ? Des conseils sur les essences de bois, pour le choix & la pose de terrasse, bardage, cl\u00f4ture... D\u00e9couvrez le magazine Nature Bois Concept !","robots":{"index":"index","follow":"follow","max-snippet":"max-snippet:-1","max-image-preview":"max-image-preview:large","max-video-preview":"max-video-preview:-1"},"canonical":"https:\/\/www.nature-bois-concept.com\/magazine\/","og_locale":"fr_FR","og_type":"article","og_title":"Magazine Nature Bois Concept : Am\u00e9nagement Ext\u00e9rieur Bois","og_description":"Besoin d'id\u00e9es ? Des conseils sur les essences de bois, pour le choix & la pose de terrasse, bardage, cl\u00f4ture... D\u00e9couvrez le magazine Nature Bois Concept !","og_url":"https:\/\/www.nature-bois-concept.com\/magazine\/","og_site_name":"Magazine Nature Bois Concept","article_publisher":"https:\/\/www.facebook.com\/Nature-Bois-Concept-1596307970584169\/","article_modified_time":"2025-02-26T14:33:30+00:00","og_image":[{"width":1620,"height":668,"url":"https:\/\/www.nature-bois-concept.com\/magazine\/wp-content\/uploads\/2016\/06\/magazine-amenagement-exterieur-nature-bois-concept.jpg","type":"image\/jpeg"}],"twitter_card":"summary_large_image","twitter_site":"@nbc_bois","twitter_misc":{"Dur\u00e9e de lecture estim\u00e9e":"1 minute"},"schema":{"@context":"https:\/\/schema.org","@graph":[{"@type":"WebPage","@id":"https:\/\/www.nature-bois-concept.com\/magazine\/","url":"https:\/\/www.nature-bois-concept.com\/magazine\/","name":"Magazine Nature Bois Concept : Am\u00e9nagement Ext\u00e9rieur Bois","isPartOf":{"@id":"https:\/\/www.nature-bois-concept.com\/magazine\/#website"},"primaryImageOfPage":{"@id":"https:\/\/www.nature-bois-concept.com\/magazine\/#primaryimage"},"image":{"@id":"https:\/\/www.nature-bois-concept.com\/magazine\/#primaryimage"},"thumbnailUrl":"https:\/\/www.nature-bois-concept.com\/magazine\/wp-content\/uploads\/2016\/06\/magazine-amenagement-exterieur-nature-bois-concept.jpg","datePublished":"2016-06-28T12:04:48+00:00","dateModified":"2025-02-26T14:33:30+00:00","description":"Besoin d'id\u00e9es ? Des conseils sur les essences de bois, pour le choix & la pose de terrasse, bardage, cl\u00f4ture... D\u00e9couvrez le magazine Nature Bois Concept !","breadcrumb":{"@id":"https:\/\/www.nature-bois-concept.com\/magazine\/#breadcrumb"},"inLanguage":"fr-FR","potentialAction":[{"@type":"ReadAction","target":["https:\/\/www.nature-bois-concept.com\/magazine\/"]}]},{"@type":"ImageObject","inLanguage":"fr-FR","@id":"https:\/\/www.nature-bois-concept.com\/magazine\/#primaryimage","url":"https:\/\/www.nature-bois-concept.com\/magazine\/wp-content\/uploads\/2016\/06\/magazine-amenagement-exterieur-nature-bois-concept.jpg","contentUrl":"https:\/\/www.nature-bois-concept.com\/magazine\/wp-content\/uploads\/2016\/06\/magazine-amenagement-exterieur-nature-bois-concept.jpg","width":1620,"height":668,"caption":"terrasse et bardage de qualit\u00e9 sur maison"},{"@type":"BreadcrumbList","@id":"https:\/\/www.nature-bois-concept.com\/magazine\/#breadcrumb","itemListElement":[{"@type":"ListItem","position":1,"name":"Magazine NBC","item":"https:\/\/www.nature-bois-concept.com\/magazine\/"},{"@type":"ListItem","position":2,"name":"LE MAGAZINE"}]},{"@type":"WebSite","@id":"https:\/\/www.nature-bois-concept.com\/magazine\/#website","url":"https:\/\/www.nature-bois-concept.com\/magazine\/","name":"Magazine Nature Bois Concept","description":"En association avec Nature Bois Concept","potentialAction":[{"@type":"SearchAction","target":{"@type":"EntryPoint","urlTemplate":"https:\/\/www.nature-bois-concept.com\/magazine\/?s={search_term_string}"},"query-input":"required name=search_term_string"}],"inLanguage":"fr-FR"}]}},"_links":{"self":[{"href":"https:\/\/www.nature-bois-concept.com\/magazine\/wp-json\/wp\/v2\/pages\/549"}],"collection":[{"href":"https:\/\/www.nature-bois-concept.com\/magazine\/wp-json\/wp\/v2\/pages"}],"about":[{"href":"https:\/\/www.nature-bois-concept.com\/magazine\/wp-json\/wp\/v2\/types\/page"}],"author":[{"embeddable":true,"href":"https:\/\/www.nature-bois-concept.com\/magazine\/wp-json\/wp\/v2\/users\/1"}],"replies":[{"embeddable":true,"href":"https:\/\/www.nature-bois-concept.com\/magazine\/wp-json\/wp\/v2\/comments?post=549"}],"version-history":[{"count":41,"href":"https:\/\/www.nature-bois-concept.com\/magazine\/wp-json\/wp\/v2\/pages\/549\/revisions"}],"predecessor-version":[{"id":7633,"href":"https:\/\/www.nature-bois-concept.com\/magazine\/wp-json\/wp\/v2\/pages\/549\/revisions\/7633"}],"wp:featuredmedia":[{"embeddable":true,"href":"https:\/\/www.nature-bois-concept.com\/magazine\/wp-json\/wp\/v2\/media\/3152"}],"wp:attachment":[{"href":"https:\/\/www.nature-bois-concept.com\/magazine\/wp-json\/wp\/v2\/media?parent=549"}],"curies":[{"name":"wp","href":"https:\/\/api.w.org\/{rel}","templated":true}]}}