{"id":5302,"date":"2019-07-09T09:23:18","date_gmt":"2019-07-09T07:23:18","guid":{"rendered":"https:\/\/www.nature-bois-concept.com\/magazine\/?page_id=5302"},"modified":"2024-06-04T09:58:56","modified_gmt":"2024-06-04T07:58:56","slug":"choisir-plancha","status":"publish","type":"page","link":"https:\/\/www.nature-bois-concept.com\/magazine\/terrasse-bois\/actualites\/choisir-plancha\/","title":{"rendered":"Comment bien choisir sa plancha ?"},"content":{"rendered":"","protected":false},"excerpt":{"rendered":"","protected":false},"author":14,"featured_media":5307,"parent":556,"menu_order":0,"comment_status":"closed","ping_status":"closed","template":"","meta":{"_acf_changed":false,"footnotes":""},"acf":[],"yoast_head":"<!-- This site is optimized with the Yoast SEO plugin v22.4 - https:\/\/yoast.com\/wordpress\/plugins\/seo\/ -->\n<title>Comment choisir sa plancha ? \u00c0 gaz ou \u00e9lectrique ?<\/title>\n<meta name=\"description\" content=\"L\u2019\u00e9t\u00e9 arrive et vous n\u2019avez qu\u2019une h\u00e2te, pouvoir profiter de d\u00e9licieux barbecues et grillades. D\u00e9couvrez nos conseils pour bien choisir votre plancha !\" \/>\n<meta name=\"robots\" content=\"index, follow, max-snippet:-1, max-image-preview:large, max-video-preview:-1\" \/>\n<link rel=\"canonical\" href=\"https:\/\/www.nature-bois-concept.com\/magazine\/terrasse-bois\/actualites\/choisir-plancha\/\" \/>\n<meta property=\"og:locale\" content=\"fr_FR\" \/>\n<meta property=\"og:type\" content=\"article\" \/>\n<meta property=\"og:title\" content=\"Comment choisir sa plancha ? \u00c0 gaz ou \u00e9lectrique ?\" \/>\n<meta property=\"og:description\" content=\"L\u2019\u00e9t\u00e9 arrive et vous n\u2019avez qu\u2019une h\u00e2te, pouvoir profiter de d\u00e9licieux barbecues et grillades. D\u00e9couvrez nos conseils pour bien choisir votre plancha !\" \/>\n<meta property=\"og:url\" content=\"https:\/\/www.nature-bois-concept.com\/magazine\/terrasse-bois\/actualites\/choisir-plancha\/\" \/>\n<meta property=\"og:site_name\" content=\"Magazine Nature Bois Concept\" \/>\n<meta property=\"article:publisher\" content=\"https:\/\/www.facebook.com\/Nature-Bois-Concept-1596307970584169\/\" \/>\n<meta property=\"article:modified_time\" content=\"2024-06-04T07:58:56+00:00\" \/>\n<meta property=\"og:image\" content=\"https:\/\/www.nature-bois-concept.com\/magazine\/wp-content\/uploads\/2019\/07\/planca.jpg\" \/>\n\t<meta property=\"og:image:width\" content=\"1730\" \/>\n\t<meta property=\"og:image:height\" content=\"440\" \/>\n\t<meta property=\"og:image:type\" content=\"image\/jpeg\" \/>\n<meta name=\"twitter:card\" content=\"summary_large_image\" \/>\n<meta name=\"twitter:site\" content=\"@nbc_bois\" \/>\n<meta name=\"twitter:label1\" content=\"Dur\u00e9e de lecture estim\u00e9e\" \/>\n\t<meta name=\"twitter:data1\" content=\"1 minute\" \/>\n<script type=\"application\/ld+json\" class=\"yoast-schema-graph\">{\"@context\":\"https:\/\/schema.org\",\"@graph\":[{\"@type\":\"WebPage\",\"@id\":\"https:\/\/www.nature-bois-concept.com\/magazine\/terrasse-bois\/actualites\/choisir-plancha\/\",\"url\":\"https:\/\/www.nature-bois-concept.com\/magazine\/terrasse-bois\/actualites\/choisir-plancha\/\",\"name\":\"Comment choisir sa plancha ? \u00c0 gaz ou \u00e9lectrique ?\",\"isPartOf\":{\"@id\":\"https:\/\/www.nature-bois-concept.com\/magazine\/#website\"},\"primaryImageOfPage\":{\"@id\":\"https:\/\/www.nature-bois-concept.com\/magazine\/terrasse-bois\/actualites\/choisir-plancha\/#primaryimage\"},\"image\":{\"@id\":\"https:\/\/www.nature-bois-concept.com\/magazine\/terrasse-bois\/actualites\/choisir-plancha\/#primaryimage\"},\"thumbnailUrl\":\"https:\/\/www.nature-bois-concept.com\/magazine\/wp-content\/uploads\/2019\/07\/planca.jpg\",\"datePublished\":\"2019-07-09T07:23:18+00:00\",\"dateModified\":\"2024-06-04T07:58:56+00:00\",\"description\":\"L\u2019\u00e9t\u00e9 arrive et vous n\u2019avez qu\u2019une h\u00e2te, pouvoir profiter de d\u00e9licieux barbecues et grillades. D\u00e9couvrez nos conseils pour bien choisir votre plancha !\",\"breadcrumb\":{\"@id\":\"https:\/\/www.nature-bois-concept.com\/magazine\/terrasse-bois\/actualites\/choisir-plancha\/#breadcrumb\"},\"inLanguage\":\"fr-FR\",\"potentialAction\":[{\"@type\":\"ReadAction\",\"target\":[\"https:\/\/www.nature-bois-concept.com\/magazine\/terrasse-bois\/actualites\/choisir-plancha\/\"]}]},{\"@type\":\"ImageObject\",\"inLanguage\":\"fr-FR\",\"@id\":\"https:\/\/www.nature-bois-concept.com\/magazine\/terrasse-bois\/actualites\/choisir-plancha\/#primaryimage\",\"url\":\"https:\/\/www.nature-bois-concept.com\/magazine\/wp-content\/uploads\/2019\/07\/planca.jpg\",\"contentUrl\":\"https:\/\/www.nature-bois-concept.com\/magazine\/wp-content\/uploads\/2019\/07\/planca.jpg\",\"width\":1730,\"height\":440,\"caption\":\"Plancha le marquier\"},{\"@type\":\"BreadcrumbList\",\"@id\":\"https:\/\/www.nature-bois-concept.com\/magazine\/terrasse-bois\/actualites\/choisir-plancha\/#breadcrumb\",\"itemListElement\":[{\"@type\":\"ListItem\",\"position\":1,\"name\":\"Magazine NBC\",\"item\":\"https:\/\/www.nature-bois-concept.com\/magazine\/\"},{\"@type\":\"ListItem\",\"position\":2,\"name\":\"Terrasse bois\",\"item\":\"https:\/\/www.nature-bois-concept.com\/magazine\/terrasse-bois\/\"},{\"@type\":\"ListItem\",\"position\":3,\"name\":\"Les Articles sur la Terrasse en Bois\",\"item\":\"https:\/\/www.nature-bois-concept.com\/magazine\/terrasse-bois\/actualites\/\"},{\"@type\":\"ListItem\",\"position\":4,\"name\":\"Comment bien choisir sa plancha ?\"}]},{\"@type\":\"WebSite\",\"@id\":\"https:\/\/www.nature-bois-concept.com\/magazine\/#website\",\"url\":\"https:\/\/www.nature-bois-concept.com\/magazine\/\",\"name\":\"Magazine Nature Bois Concept\",\"description\":\"En association avec Nature Bois Concept\",\"potentialAction\":[{\"@type\":\"SearchAction\",\"target\":{\"@type\":\"EntryPoint\",\"urlTemplate\":\"https:\/\/www.nature-bois-concept.com\/magazine\/?s={search_term_string}\"},\"query-input\":\"required name=search_term_string\"}],\"inLanguage\":\"fr-FR\"}]}<\/script>\n<!-- \/ Yoast SEO plugin. -->","yoast_head_json":{"title":"Comment choisir sa plancha ? \u00c0 gaz ou \u00e9lectrique ?","description":"L\u2019\u00e9t\u00e9 arrive et vous n\u2019avez qu\u2019une h\u00e2te, pouvoir profiter de d\u00e9licieux barbecues et grillades. D\u00e9couvrez nos conseils pour bien choisir votre plancha !","robots":{"index":"index","follow":"follow","max-snippet":"max-snippet:-1","max-image-preview":"max-image-preview:large","max-video-preview":"max-video-preview:-1"},"canonical":"https:\/\/www.nature-bois-concept.com\/magazine\/terrasse-bois\/actualites\/choisir-plancha\/","og_locale":"fr_FR","og_type":"article","og_title":"Comment choisir sa plancha ? \u00c0 gaz ou \u00e9lectrique ?","og_description":"L\u2019\u00e9t\u00e9 arrive et vous n\u2019avez qu\u2019une h\u00e2te, pouvoir profiter de d\u00e9licieux barbecues et grillades. D\u00e9couvrez nos conseils pour bien choisir votre plancha !","og_url":"https:\/\/www.nature-bois-concept.com\/magazine\/terrasse-bois\/actualites\/choisir-plancha\/","og_site_name":"Magazine Nature Bois Concept","article_publisher":"https:\/\/www.facebook.com\/Nature-Bois-Concept-1596307970584169\/","article_modified_time":"2024-06-04T07:58:56+00:00","og_image":[{"width":1730,"height":440,"url":"https:\/\/www.nature-bois-concept.com\/magazine\/wp-content\/uploads\/2019\/07\/planca.jpg","type":"image\/jpeg"}],"twitter_card":"summary_large_image","twitter_site":"@nbc_bois","twitter_misc":{"Dur\u00e9e de lecture estim\u00e9e":"1 minute"},"schema":{"@context":"https:\/\/schema.org","@graph":[{"@type":"WebPage","@id":"https:\/\/www.nature-bois-concept.com\/magazine\/terrasse-bois\/actualites\/choisir-plancha\/","url":"https:\/\/www.nature-bois-concept.com\/magazine\/terrasse-bois\/actualites\/choisir-plancha\/","name":"Comment choisir sa plancha ? \u00c0 gaz ou \u00e9lectrique ?","isPartOf":{"@id":"https:\/\/www.nature-bois-concept.com\/magazine\/#website"},"primaryImageOfPage":{"@id":"https:\/\/www.nature-bois-concept.com\/magazine\/terrasse-bois\/actualites\/choisir-plancha\/#primaryimage"},"image":{"@id":"https:\/\/www.nature-bois-concept.com\/magazine\/terrasse-bois\/actualites\/choisir-plancha\/#primaryimage"},"thumbnailUrl":"https:\/\/www.nature-bois-concept.com\/magazine\/wp-content\/uploads\/2019\/07\/planca.jpg","datePublished":"2019-07-09T07:23:18+00:00","dateModified":"2024-06-04T07:58:56+00:00","description":"L\u2019\u00e9t\u00e9 arrive et vous n\u2019avez qu\u2019une h\u00e2te, pouvoir profiter de d\u00e9licieux barbecues et grillades. D\u00e9couvrez nos conseils pour bien choisir votre plancha !","breadcrumb":{"@id":"https:\/\/www.nature-bois-concept.com\/magazine\/terrasse-bois\/actualites\/choisir-plancha\/#breadcrumb"},"inLanguage":"fr-FR","potentialAction":[{"@type":"ReadAction","target":["https:\/\/www.nature-bois-concept.com\/magazine\/terrasse-bois\/actualites\/choisir-plancha\/"]}]},{"@type":"ImageObject","inLanguage":"fr-FR","@id":"https:\/\/www.nature-bois-concept.com\/magazine\/terrasse-bois\/actualites\/choisir-plancha\/#primaryimage","url":"https:\/\/www.nature-bois-concept.com\/magazine\/wp-content\/uploads\/2019\/07\/planca.jpg","contentUrl":"https:\/\/www.nature-bois-concept.com\/magazine\/wp-content\/uploads\/2019\/07\/planca.jpg","width":1730,"height":440,"caption":"Plancha le marquier"},{"@type":"BreadcrumbList","@id":"https:\/\/www.nature-bois-concept.com\/magazine\/terrasse-bois\/actualites\/choisir-plancha\/#breadcrumb","itemListElement":[{"@type":"ListItem","position":1,"name":"Magazine NBC","item":"https:\/\/www.nature-bois-concept.com\/magazine\/"},{"@type":"ListItem","position":2,"name":"Terrasse bois","item":"https:\/\/www.nature-bois-concept.com\/magazine\/terrasse-bois\/"},{"@type":"ListItem","position":3,"name":"Les Articles sur la Terrasse en Bois","item":"https:\/\/www.nature-bois-concept.com\/magazine\/terrasse-bois\/actualites\/"},{"@type":"ListItem","position":4,"name":"Comment bien choisir sa plancha ?"}]},{"@type":"WebSite","@id":"https:\/\/www.nature-bois-concept.com\/magazine\/#website","url":"https:\/\/www.nature-bois-concept.com\/magazine\/","name":"Magazine Nature Bois Concept","description":"En association avec Nature Bois Concept","potentialAction":[{"@type":"SearchAction","target":{"@type":"EntryPoint","urlTemplate":"https:\/\/www.nature-bois-concept.com\/magazine\/?s={search_term_string}"},"query-input":"required name=search_term_string"}],"inLanguage":"fr-FR"}]}},"_links":{"self":[{"href":"https:\/\/www.nature-bois-concept.com\/magazine\/wp-json\/wp\/v2\/pages\/5302"}],"collection":[{"href":"https:\/\/www.nature-bois-concept.com\/magazine\/wp-json\/wp\/v2\/pages"}],"about":[{"href":"https:\/\/www.nature-bois-concept.com\/magazine\/wp-json\/wp\/v2\/types\/page"}],"author":[{"embeddable":true,"href":"https:\/\/www.nature-bois-concept.com\/magazine\/wp-json\/wp\/v2\/users\/14"}],"replies":[{"embeddable":true,"href":"https:\/\/www.nature-bois-concept.com\/magazine\/wp-json\/wp\/v2\/comments?post=5302"}],"version-history":[{"count":13,"href":"https:\/\/www.nature-bois-concept.com\/magazine\/wp-json\/wp\/v2\/pages\/5302\/revisions"}],"predecessor-version":[{"id":7248,"href":"https:\/\/www.nature-bois-concept.com\/magazine\/wp-json\/wp\/v2\/pages\/5302\/revisions\/7248"}],"up":[{"embeddable":true,"href":"https:\/\/www.nature-bois-concept.com\/magazine\/wp-json\/wp\/v2\/pages\/556"}],"wp:featuredmedia":[{"embeddable":true,"href":"https:\/\/www.nature-bois-concept.com\/magazine\/wp-json\/wp\/v2\/media\/5307"}],"wp:attachment":[{"href":"https:\/\/www.nature-bois-concept.com\/magazine\/wp-json\/wp\/v2\/media?parent=5302"}],"curies":[{"name":"wp","href":"https:\/\/api.w.org\/{rel}","templated":true}]}}