{"id":4446,"date":"2018-06-08T16:36:30","date_gmt":"2018-06-08T14:36:30","guid":{"rendered":"https:\/\/www.nature-bois-concept.com\/magazine\/?page_id=4446"},"modified":"2023-07-19T14:46:48","modified_gmt":"2023-07-19T12:46:48","slug":"instant-technique-n9-bien-placer-lambourdes","status":"publish","type":"page","link":"https:\/\/www.nature-bois-concept.com\/magazine\/terrasse-bois\/guides\/instants-technique-terrasse-bois\/instant-technique-n9-bien-placer-lambourdes\/","title":{"rendered":"Instant technique N\u00b09 : comment bien placer mes lambourdes ?"},"content":{"rendered":"","protected":false},"excerpt":{"rendered":"","protected":false},"author":7,"featured_media":4453,"parent":4298,"menu_order":0,"comment_status":"closed","ping_status":"closed","template":"","meta":{"_acf_changed":false,"footnotes":""},"acf":[],"yoast_head":"<!-- This site is optimized with the Yoast SEO plugin v22.4 - https:\/\/yoast.com\/wordpress\/plugins\/seo\/ -->\n<title>Instant technique N\u00b09 : comment bien placer mes lambourdes ?<\/title>\n<meta name=\"description\" content=\"L\u2019assise de la terrasse est tr\u00e8s importante pour cr\u00e9er un platelage durable et esth\u00e9tique. Comment placer vos lambourdes pour cr\u00e9er un platelage solide et stable ?\" \/>\n<meta name=\"robots\" content=\"index, follow, max-snippet:-1, max-image-preview:large, max-video-preview:-1\" \/>\n<link rel=\"canonical\" href=\"https:\/\/www.nature-bois-concept.com\/magazine\/terrasse-bois\/guides\/instants-technique-terrasse-bois\/instant-technique-n9-bien-placer-lambourdes\/\" \/>\n<meta property=\"og:locale\" content=\"fr_FR\" \/>\n<meta property=\"og:type\" content=\"article\" \/>\n<meta property=\"og:title\" content=\"Instant technique N\u00b09 : comment bien placer mes lambourdes ?\" \/>\n<meta property=\"og:description\" content=\"L\u2019assise de la terrasse est tr\u00e8s importante pour cr\u00e9er un platelage durable et esth\u00e9tique. Comment placer vos lambourdes pour cr\u00e9er un platelage solide et stable ?\" \/>\n<meta property=\"og:url\" content=\"https:\/\/www.nature-bois-concept.com\/magazine\/terrasse-bois\/guides\/instants-technique-terrasse-bois\/instant-technique-n9-bien-placer-lambourdes\/\" \/>\n<meta property=\"og:site_name\" content=\"Magazine Nature Bois Concept\" \/>\n<meta property=\"article:publisher\" content=\"https:\/\/www.facebook.com\/Nature-Bois-Concept-1596307970584169\/\" \/>\n<meta property=\"article:modified_time\" content=\"2023-07-19T12:46:48+00:00\" \/>\n<meta property=\"og:image\" content=\"https:\/\/www.nature-bois-concept.com\/magazine\/wp-content\/uploads\/2018\/06\/DSC_6843-e1528463345687.jpg\" \/>\n\t<meta property=\"og:image:width\" content=\"2000\" \/>\n\t<meta property=\"og:image:height\" content=\"1325\" \/>\n\t<meta property=\"og:image:type\" content=\"image\/jpeg\" \/>\n<meta name=\"twitter:card\" content=\"summary_large_image\" \/>\n<meta name=\"twitter:site\" content=\"@nbc_bois\" \/>\n<script type=\"application\/ld+json\" class=\"yoast-schema-graph\">{\"@context\":\"https:\/\/schema.org\",\"@graph\":[{\"@type\":\"WebPage\",\"@id\":\"https:\/\/www.nature-bois-concept.com\/magazine\/terrasse-bois\/guides\/instants-technique-terrasse-bois\/instant-technique-n9-bien-placer-lambourdes\/\",\"url\":\"https:\/\/www.nature-bois-concept.com\/magazine\/terrasse-bois\/guides\/instants-technique-terrasse-bois\/instant-technique-n9-bien-placer-lambourdes\/\",\"name\":\"Instant technique N\u00b09 : comment bien placer mes lambourdes ?\",\"isPartOf\":{\"@id\":\"https:\/\/www.nature-bois-concept.com\/magazine\/#website\"},\"primaryImageOfPage\":{\"@id\":\"https:\/\/www.nature-bois-concept.com\/magazine\/terrasse-bois\/guides\/instants-technique-terrasse-bois\/instant-technique-n9-bien-placer-lambourdes\/#primaryimage\"},\"image\":{\"@id\":\"https:\/\/www.nature-bois-concept.com\/magazine\/terrasse-bois\/guides\/instants-technique-terrasse-bois\/instant-technique-n9-bien-placer-lambourdes\/#primaryimage\"},\"thumbnailUrl\":\"https:\/\/www.nature-bois-concept.com\/magazine\/wp-content\/uploads\/2018\/06\/DSC_6843-e1528463345687.jpg\",\"datePublished\":\"2018-06-08T14:36:30+00:00\",\"dateModified\":\"2023-07-19T12:46:48+00:00\",\"description\":\"L\u2019assise de la terrasse est tr\u00e8s importante pour cr\u00e9er un platelage durable et esth\u00e9tique. Comment placer vos lambourdes pour cr\u00e9er un platelage solide et stable ?\",\"breadcrumb\":{\"@id\":\"https:\/\/www.nature-bois-concept.com\/magazine\/terrasse-bois\/guides\/instants-technique-terrasse-bois\/instant-technique-n9-bien-placer-lambourdes\/#breadcrumb\"},\"inLanguage\":\"fr-FR\",\"potentialAction\":[{\"@type\":\"ReadAction\",\"target\":[\"https:\/\/www.nature-bois-concept.com\/magazine\/terrasse-bois\/guides\/instants-technique-terrasse-bois\/instant-technique-n9-bien-placer-lambourdes\/\"]}]},{\"@type\":\"ImageObject\",\"inLanguage\":\"fr-FR\",\"@id\":\"https:\/\/www.nature-bois-concept.com\/magazine\/terrasse-bois\/guides\/instants-technique-terrasse-bois\/instant-technique-n9-bien-placer-lambourdes\/#primaryimage\",\"url\":\"https:\/\/www.nature-bois-concept.com\/magazine\/wp-content\/uploads\/2018\/06\/DSC_6843-e1528463345687.jpg\",\"contentUrl\":\"https:\/\/www.nature-bois-concept.com\/magazine\/wp-content\/uploads\/2018\/06\/DSC_6843-e1528463345687.jpg\",\"width\":2000,\"height\":1325,\"caption\":\"D\u00e9couvrez comment placer vos lambourdes de mani\u00e8re correcte et optimis\u00e9e pour vos platelages.\"},{\"@type\":\"BreadcrumbList\",\"@id\":\"https:\/\/www.nature-bois-concept.com\/magazine\/terrasse-bois\/guides\/instants-technique-terrasse-bois\/instant-technique-n9-bien-placer-lambourdes\/#breadcrumb\",\"itemListElement\":[{\"@type\":\"ListItem\",\"position\":1,\"name\":\"Magazine NBC\",\"item\":\"https:\/\/www.nature-bois-concept.com\/magazine\/\"},{\"@type\":\"ListItem\",\"position\":2,\"name\":\"Terrasse bois\",\"item\":\"https:\/\/www.nature-bois-concept.com\/magazine\/terrasse-bois\/\"},{\"@type\":\"ListItem\",\"position\":3,\"name\":\"Nos guides sur la Terrasse\",\"item\":\"https:\/\/www.nature-bois-concept.com\/magazine\/terrasse-bois\/guides\/\"},{\"@type\":\"ListItem\",\"position\":4,\"name\":\"L&rsquo;instant technique\",\"item\":\"https:\/\/www.nature-bois-concept.com\/magazine\/terrasse-bois\/guides\/instants-technique-terrasse-bois\/\"},{\"@type\":\"ListItem\",\"position\":5,\"name\":\"Instant technique N\u00b09 : comment bien placer mes lambourdes ?\"}]},{\"@type\":\"WebSite\",\"@id\":\"https:\/\/www.nature-bois-concept.com\/magazine\/#website\",\"url\":\"https:\/\/www.nature-bois-concept.com\/magazine\/\",\"name\":\"Magazine Nature Bois Concept\",\"description\":\"En association avec Nature Bois Concept\",\"potentialAction\":[{\"@type\":\"SearchAction\",\"target\":{\"@type\":\"EntryPoint\",\"urlTemplate\":\"https:\/\/www.nature-bois-concept.com\/magazine\/?s={search_term_string}\"},\"query-input\":\"required name=search_term_string\"}],\"inLanguage\":\"fr-FR\"}]}<\/script>\n<!-- \/ Yoast SEO plugin. -->","yoast_head_json":{"title":"Instant technique N\u00b09 : comment bien placer mes lambourdes ?","description":"L\u2019assise de la terrasse est tr\u00e8s importante pour cr\u00e9er un platelage durable et esth\u00e9tique. Comment placer vos lambourdes pour cr\u00e9er un platelage solide et stable ?","robots":{"index":"index","follow":"follow","max-snippet":"max-snippet:-1","max-image-preview":"max-image-preview:large","max-video-preview":"max-video-preview:-1"},"canonical":"https:\/\/www.nature-bois-concept.com\/magazine\/terrasse-bois\/guides\/instants-technique-terrasse-bois\/instant-technique-n9-bien-placer-lambourdes\/","og_locale":"fr_FR","og_type":"article","og_title":"Instant technique N\u00b09 : comment bien placer mes lambourdes ?","og_description":"L\u2019assise de la terrasse est tr\u00e8s importante pour cr\u00e9er un platelage durable et esth\u00e9tique. Comment placer vos lambourdes pour cr\u00e9er un platelage solide et stable ?","og_url":"https:\/\/www.nature-bois-concept.com\/magazine\/terrasse-bois\/guides\/instants-technique-terrasse-bois\/instant-technique-n9-bien-placer-lambourdes\/","og_site_name":"Magazine Nature Bois Concept","article_publisher":"https:\/\/www.facebook.com\/Nature-Bois-Concept-1596307970584169\/","article_modified_time":"2023-07-19T12:46:48+00:00","og_image":[{"width":2000,"height":1325,"url":"https:\/\/www.nature-bois-concept.com\/magazine\/wp-content\/uploads\/2018\/06\/DSC_6843-e1528463345687.jpg","type":"image\/jpeg"}],"twitter_card":"summary_large_image","twitter_site":"@nbc_bois","schema":{"@context":"https:\/\/schema.org","@graph":[{"@type":"WebPage","@id":"https:\/\/www.nature-bois-concept.com\/magazine\/terrasse-bois\/guides\/instants-technique-terrasse-bois\/instant-technique-n9-bien-placer-lambourdes\/","url":"https:\/\/www.nature-bois-concept.com\/magazine\/terrasse-bois\/guides\/instants-technique-terrasse-bois\/instant-technique-n9-bien-placer-lambourdes\/","name":"Instant technique N\u00b09 : comment bien placer mes lambourdes ?","isPartOf":{"@id":"https:\/\/www.nature-bois-concept.com\/magazine\/#website"},"primaryImageOfPage":{"@id":"https:\/\/www.nature-bois-concept.com\/magazine\/terrasse-bois\/guides\/instants-technique-terrasse-bois\/instant-technique-n9-bien-placer-lambourdes\/#primaryimage"},"image":{"@id":"https:\/\/www.nature-bois-concept.com\/magazine\/terrasse-bois\/guides\/instants-technique-terrasse-bois\/instant-technique-n9-bien-placer-lambourdes\/#primaryimage"},"thumbnailUrl":"https:\/\/www.nature-bois-concept.com\/magazine\/wp-content\/uploads\/2018\/06\/DSC_6843-e1528463345687.jpg","datePublished":"2018-06-08T14:36:30+00:00","dateModified":"2023-07-19T12:46:48+00:00","description":"L\u2019assise de la terrasse est tr\u00e8s importante pour cr\u00e9er un platelage durable et esth\u00e9tique. Comment placer vos lambourdes pour cr\u00e9er un platelage solide et stable ?","breadcrumb":{"@id":"https:\/\/www.nature-bois-concept.com\/magazine\/terrasse-bois\/guides\/instants-technique-terrasse-bois\/instant-technique-n9-bien-placer-lambourdes\/#breadcrumb"},"inLanguage":"fr-FR","potentialAction":[{"@type":"ReadAction","target":["https:\/\/www.nature-bois-concept.com\/magazine\/terrasse-bois\/guides\/instants-technique-terrasse-bois\/instant-technique-n9-bien-placer-lambourdes\/"]}]},{"@type":"ImageObject","inLanguage":"fr-FR","@id":"https:\/\/www.nature-bois-concept.com\/magazine\/terrasse-bois\/guides\/instants-technique-terrasse-bois\/instant-technique-n9-bien-placer-lambourdes\/#primaryimage","url":"https:\/\/www.nature-bois-concept.com\/magazine\/wp-content\/uploads\/2018\/06\/DSC_6843-e1528463345687.jpg","contentUrl":"https:\/\/www.nature-bois-concept.com\/magazine\/wp-content\/uploads\/2018\/06\/DSC_6843-e1528463345687.jpg","width":2000,"height":1325,"caption":"D\u00e9couvrez comment placer vos lambourdes de mani\u00e8re correcte et optimis\u00e9e pour vos platelages."},{"@type":"BreadcrumbList","@id":"https:\/\/www.nature-bois-concept.com\/magazine\/terrasse-bois\/guides\/instants-technique-terrasse-bois\/instant-technique-n9-bien-placer-lambourdes\/#breadcrumb","itemListElement":[{"@type":"ListItem","position":1,"name":"Magazine NBC","item":"https:\/\/www.nature-bois-concept.com\/magazine\/"},{"@type":"ListItem","position":2,"name":"Terrasse bois","item":"https:\/\/www.nature-bois-concept.com\/magazine\/terrasse-bois\/"},{"@type":"ListItem","position":3,"name":"Nos guides sur la Terrasse","item":"https:\/\/www.nature-bois-concept.com\/magazine\/terrasse-bois\/guides\/"},{"@type":"ListItem","position":4,"name":"L&rsquo;instant technique","item":"https:\/\/www.nature-bois-concept.com\/magazine\/terrasse-bois\/guides\/instants-technique-terrasse-bois\/"},{"@type":"ListItem","position":5,"name":"Instant technique N\u00b09 : comment bien placer mes lambourdes ?"}]},{"@type":"WebSite","@id":"https:\/\/www.nature-bois-concept.com\/magazine\/#website","url":"https:\/\/www.nature-bois-concept.com\/magazine\/","name":"Magazine Nature Bois Concept","description":"En association avec Nature Bois Concept","potentialAction":[{"@type":"SearchAction","target":{"@type":"EntryPoint","urlTemplate":"https:\/\/www.nature-bois-concept.com\/magazine\/?s={search_term_string}"},"query-input":"required name=search_term_string"}],"inLanguage":"fr-FR"}]}},"_links":{"self":[{"href":"https:\/\/www.nature-bois-concept.com\/magazine\/wp-json\/wp\/v2\/pages\/4446"}],"collection":[{"href":"https:\/\/www.nature-bois-concept.com\/magazine\/wp-json\/wp\/v2\/pages"}],"about":[{"href":"https:\/\/www.nature-bois-concept.com\/magazine\/wp-json\/wp\/v2\/types\/page"}],"author":[{"embeddable":true,"href":"https:\/\/www.nature-bois-concept.com\/magazine\/wp-json\/wp\/v2\/users\/7"}],"replies":[{"embeddable":true,"href":"https:\/\/www.nature-bois-concept.com\/magazine\/wp-json\/wp\/v2\/comments?post=4446"}],"version-history":[{"count":12,"href":"https:\/\/www.nature-bois-concept.com\/magazine\/wp-json\/wp\/v2\/pages\/4446\/revisions"}],"predecessor-version":[{"id":6989,"href":"https:\/\/www.nature-bois-concept.com\/magazine\/wp-json\/wp\/v2\/pages\/4446\/revisions\/6989"}],"up":[{"embeddable":true,"href":"https:\/\/www.nature-bois-concept.com\/magazine\/wp-json\/wp\/v2\/pages\/4298"}],"wp:featuredmedia":[{"embeddable":true,"href":"https:\/\/www.nature-bois-concept.com\/magazine\/wp-json\/wp\/v2\/media\/4453"}],"wp:attachment":[{"href":"https:\/\/www.nature-bois-concept.com\/magazine\/wp-json\/wp\/v2\/media?parent=4446"}],"curies":[{"name":"wp","href":"https:\/\/api.w.org\/{rel}","templated":true}]}}