{"id":4399,"date":"2018-05-16T18:29:22","date_gmt":"2018-05-16T16:29:22","guid":{"rendered":"https:\/\/www.nature-bois-concept.com\/magazine\/?page_id=4399"},"modified":"2024-06-04T16:01:20","modified_gmt":"2024-06-04T14:01:20","slug":"creer-une-piscine-a-fond-mobile-nos-conseils-pour-choisir-le-bois","status":"publish","type":"page","link":"https:\/\/www.nature-bois-concept.com\/magazine\/terrasse-bois\/actualites\/creer-une-piscine-a-fond-mobile-nos-conseils-pour-choisir-le-bois\/","title":{"rendered":"Cr\u00e9er une piscine \u00e0 fond mobile : Nos conseils pour choisir le bois"},"content":{"rendered":"","protected":false},"excerpt":{"rendered":"","protected":false},"author":7,"featured_media":4401,"parent":556,"menu_order":0,"comment_status":"closed","ping_status":"closed","template":"","meta":{"_acf_changed":false,"footnotes":""},"acf":[],"yoast_head":"<!-- This site is optimized with the Yoast SEO plugin v22.4 - https:\/\/yoast.com\/wordpress\/plugins\/seo\/ -->\n<title>Cr\u00e9er une piscine \u00e0 fond mobile : Nos conseils pour choisir le bois<\/title>\n<meta name=\"description\" content=\"Une piscine \u00e0 fond mobile constitue la quintessence de tout amateur de bois et de piscine. D\u00e9couvrez nos conseils pour choisir le bois adapt\u00e9.\" \/>\n<meta name=\"robots\" content=\"index, follow, max-snippet:-1, max-image-preview:large, max-video-preview:-1\" \/>\n<link rel=\"canonical\" href=\"https:\/\/www.nature-bois-concept.com\/magazine\/terrasse-bois\/actualites\/creer-une-piscine-a-fond-mobile-nos-conseils-pour-choisir-le-bois\/\" \/>\n<meta property=\"og:locale\" content=\"fr_FR\" \/>\n<meta property=\"og:type\" content=\"article\" \/>\n<meta property=\"og:title\" content=\"Cr\u00e9er une piscine \u00e0 fond mobile : Nos conseils pour choisir le bois\" \/>\n<meta property=\"og:description\" content=\"Une piscine \u00e0 fond mobile, constitue la quintessence de tout amateur de bois et de piscine. C\u2019est un m\u00e9lange id\u00e9al entre deux mondes\u00a0: Terrestre et aquatique\u00a0! D\u00e9couvrez nos conseils pour choisir le bois adapt\u00e9.\" \/>\n<meta property=\"og:url\" content=\"https:\/\/www.nature-bois-concept.com\/magazine\/terrasse-bois\/actualites\/creer-une-piscine-a-fond-mobile-nos-conseils-pour-choisir-le-bois\/\" \/>\n<meta property=\"og:site_name\" content=\"Magazine Nature Bois Concept\" \/>\n<meta property=\"article:publisher\" content=\"https:\/\/www.facebook.com\/Nature-Bois-Concept-1596307970584169\/\" \/>\n<meta property=\"article:modified_time\" content=\"2024-06-04T14:01:20+00:00\" \/>\n<meta name=\"twitter:card\" content=\"summary_large_image\" \/>\n<meta name=\"twitter:image\" content=\"https:\/\/www.nature-bois-concept.com\/magazine\/wp-content\/uploads\/2018\/05\/Coupe-angle-piscine.jpg\" \/>\n<meta name=\"twitter:site\" content=\"@nbc_bois\" \/>\n<meta name=\"twitter:label1\" content=\"Dur\u00e9e de lecture estim\u00e9e\" \/>\n\t<meta name=\"twitter:data1\" content=\"1 minute\" \/>\n<script type=\"application\/ld+json\" class=\"yoast-schema-graph\">{\"@context\":\"https:\/\/schema.org\",\"@graph\":[{\"@type\":\"WebPage\",\"@id\":\"https:\/\/www.nature-bois-concept.com\/magazine\/terrasse-bois\/actualites\/creer-une-piscine-a-fond-mobile-nos-conseils-pour-choisir-le-bois\/\",\"url\":\"https:\/\/www.nature-bois-concept.com\/magazine\/terrasse-bois\/actualites\/creer-une-piscine-a-fond-mobile-nos-conseils-pour-choisir-le-bois\/\",\"name\":\"Cr\u00e9er une piscine \u00e0 fond mobile : Nos conseils pour choisir le bois\",\"isPartOf\":{\"@id\":\"https:\/\/www.nature-bois-concept.com\/magazine\/#website\"},\"primaryImageOfPage\":{\"@id\":\"https:\/\/www.nature-bois-concept.com\/magazine\/terrasse-bois\/actualites\/creer-une-piscine-a-fond-mobile-nos-conseils-pour-choisir-le-bois\/#primaryimage\"},\"image\":{\"@id\":\"https:\/\/www.nature-bois-concept.com\/magazine\/terrasse-bois\/actualites\/creer-une-piscine-a-fond-mobile-nos-conseils-pour-choisir-le-bois\/#primaryimage\"},\"thumbnailUrl\":\"https:\/\/www.nature-bois-concept.com\/magazine\/wp-content\/uploads\/2018\/05\/Coupe-angle-piscine.jpg\",\"datePublished\":\"2018-05-16T16:29:22+00:00\",\"dateModified\":\"2024-06-04T14:01:20+00:00\",\"description\":\"Une piscine \u00e0 fond mobile constitue la quintessence de tout amateur de bois et de piscine. D\u00e9couvrez nos conseils pour choisir le bois adapt\u00e9.\",\"breadcrumb\":{\"@id\":\"https:\/\/www.nature-bois-concept.com\/magazine\/terrasse-bois\/actualites\/creer-une-piscine-a-fond-mobile-nos-conseils-pour-choisir-le-bois\/#breadcrumb\"},\"inLanguage\":\"fr-FR\",\"potentialAction\":[{\"@type\":\"ReadAction\",\"target\":[\"https:\/\/www.nature-bois-concept.com\/magazine\/terrasse-bois\/actualites\/creer-une-piscine-a-fond-mobile-nos-conseils-pour-choisir-le-bois\/\"]}]},{\"@type\":\"ImageObject\",\"inLanguage\":\"fr-FR\",\"@id\":\"https:\/\/www.nature-bois-concept.com\/magazine\/terrasse-bois\/actualites\/creer-une-piscine-a-fond-mobile-nos-conseils-pour-choisir-le-bois\/#primaryimage\",\"url\":\"https:\/\/www.nature-bois-concept.com\/magazine\/wp-content\/uploads\/2018\/05\/Coupe-angle-piscine.jpg\",\"contentUrl\":\"https:\/\/www.nature-bois-concept.com\/magazine\/wp-content\/uploads\/2018\/05\/Coupe-angle-piscine.jpg\",\"width\":3264,\"height\":2448,\"caption\":\"Piscine \u00e0 double fond de qualit\u00e9.\"},{\"@type\":\"BreadcrumbList\",\"@id\":\"https:\/\/www.nature-bois-concept.com\/magazine\/terrasse-bois\/actualites\/creer-une-piscine-a-fond-mobile-nos-conseils-pour-choisir-le-bois\/#breadcrumb\",\"itemListElement\":[{\"@type\":\"ListItem\",\"position\":1,\"name\":\"Magazine NBC\",\"item\":\"https:\/\/www.nature-bois-concept.com\/magazine\/\"},{\"@type\":\"ListItem\",\"position\":2,\"name\":\"Terrasse bois\",\"item\":\"https:\/\/www.nature-bois-concept.com\/magazine\/terrasse-bois\/\"},{\"@type\":\"ListItem\",\"position\":3,\"name\":\"Les Articles sur la Terrasse en Bois\",\"item\":\"https:\/\/www.nature-bois-concept.com\/magazine\/terrasse-bois\/actualites\/\"},{\"@type\":\"ListItem\",\"position\":4,\"name\":\"Cr\u00e9er une piscine \u00e0 fond mobile : Nos conseils pour choisir le bois\"}]},{\"@type\":\"WebSite\",\"@id\":\"https:\/\/www.nature-bois-concept.com\/magazine\/#website\",\"url\":\"https:\/\/www.nature-bois-concept.com\/magazine\/\",\"name\":\"Magazine Nature Bois Concept\",\"description\":\"En association avec Nature Bois Concept\",\"potentialAction\":[{\"@type\":\"SearchAction\",\"target\":{\"@type\":\"EntryPoint\",\"urlTemplate\":\"https:\/\/www.nature-bois-concept.com\/magazine\/?s={search_term_string}\"},\"query-input\":\"required name=search_term_string\"}],\"inLanguage\":\"fr-FR\"}]}<\/script>\n<!-- \/ Yoast SEO plugin. -->","yoast_head_json":{"title":"Cr\u00e9er une piscine \u00e0 fond mobile : Nos conseils pour choisir le bois","description":"Une piscine \u00e0 fond mobile constitue la quintessence de tout amateur de bois et de piscine. D\u00e9couvrez nos conseils pour choisir le bois adapt\u00e9.","robots":{"index":"index","follow":"follow","max-snippet":"max-snippet:-1","max-image-preview":"max-image-preview:large","max-video-preview":"max-video-preview:-1"},"canonical":"https:\/\/www.nature-bois-concept.com\/magazine\/terrasse-bois\/actualites\/creer-une-piscine-a-fond-mobile-nos-conseils-pour-choisir-le-bois\/","og_locale":"fr_FR","og_type":"article","og_title":"Cr\u00e9er une piscine \u00e0 fond mobile : Nos conseils pour choisir le bois","og_description":"Une piscine \u00e0 fond mobile, constitue la quintessence de tout amateur de bois et de piscine. C\u2019est un m\u00e9lange id\u00e9al entre deux mondes\u00a0: Terrestre et aquatique\u00a0! D\u00e9couvrez nos conseils pour choisir le bois adapt\u00e9.","og_url":"https:\/\/www.nature-bois-concept.com\/magazine\/terrasse-bois\/actualites\/creer-une-piscine-a-fond-mobile-nos-conseils-pour-choisir-le-bois\/","og_site_name":"Magazine Nature Bois Concept","article_publisher":"https:\/\/www.facebook.com\/Nature-Bois-Concept-1596307970584169\/","article_modified_time":"2024-06-04T14:01:20+00:00","twitter_card":"summary_large_image","twitter_image":"https:\/\/www.nature-bois-concept.com\/magazine\/wp-content\/uploads\/2018\/05\/Coupe-angle-piscine.jpg","twitter_site":"@nbc_bois","twitter_misc":{"Dur\u00e9e de lecture estim\u00e9e":"1 minute"},"schema":{"@context":"https:\/\/schema.org","@graph":[{"@type":"WebPage","@id":"https:\/\/www.nature-bois-concept.com\/magazine\/terrasse-bois\/actualites\/creer-une-piscine-a-fond-mobile-nos-conseils-pour-choisir-le-bois\/","url":"https:\/\/www.nature-bois-concept.com\/magazine\/terrasse-bois\/actualites\/creer-une-piscine-a-fond-mobile-nos-conseils-pour-choisir-le-bois\/","name":"Cr\u00e9er une piscine \u00e0 fond mobile : Nos conseils pour choisir le bois","isPartOf":{"@id":"https:\/\/www.nature-bois-concept.com\/magazine\/#website"},"primaryImageOfPage":{"@id":"https:\/\/www.nature-bois-concept.com\/magazine\/terrasse-bois\/actualites\/creer-une-piscine-a-fond-mobile-nos-conseils-pour-choisir-le-bois\/#primaryimage"},"image":{"@id":"https:\/\/www.nature-bois-concept.com\/magazine\/terrasse-bois\/actualites\/creer-une-piscine-a-fond-mobile-nos-conseils-pour-choisir-le-bois\/#primaryimage"},"thumbnailUrl":"https:\/\/www.nature-bois-concept.com\/magazine\/wp-content\/uploads\/2018\/05\/Coupe-angle-piscine.jpg","datePublished":"2018-05-16T16:29:22+00:00","dateModified":"2024-06-04T14:01:20+00:00","description":"Une piscine \u00e0 fond mobile constitue la quintessence de tout amateur de bois et de piscine. D\u00e9couvrez nos conseils pour choisir le bois adapt\u00e9.","breadcrumb":{"@id":"https:\/\/www.nature-bois-concept.com\/magazine\/terrasse-bois\/actualites\/creer-une-piscine-a-fond-mobile-nos-conseils-pour-choisir-le-bois\/#breadcrumb"},"inLanguage":"fr-FR","potentialAction":[{"@type":"ReadAction","target":["https:\/\/www.nature-bois-concept.com\/magazine\/terrasse-bois\/actualites\/creer-une-piscine-a-fond-mobile-nos-conseils-pour-choisir-le-bois\/"]}]},{"@type":"ImageObject","inLanguage":"fr-FR","@id":"https:\/\/www.nature-bois-concept.com\/magazine\/terrasse-bois\/actualites\/creer-une-piscine-a-fond-mobile-nos-conseils-pour-choisir-le-bois\/#primaryimage","url":"https:\/\/www.nature-bois-concept.com\/magazine\/wp-content\/uploads\/2018\/05\/Coupe-angle-piscine.jpg","contentUrl":"https:\/\/www.nature-bois-concept.com\/magazine\/wp-content\/uploads\/2018\/05\/Coupe-angle-piscine.jpg","width":3264,"height":2448,"caption":"Piscine \u00e0 double fond de qualit\u00e9."},{"@type":"BreadcrumbList","@id":"https:\/\/www.nature-bois-concept.com\/magazine\/terrasse-bois\/actualites\/creer-une-piscine-a-fond-mobile-nos-conseils-pour-choisir-le-bois\/#breadcrumb","itemListElement":[{"@type":"ListItem","position":1,"name":"Magazine NBC","item":"https:\/\/www.nature-bois-concept.com\/magazine\/"},{"@type":"ListItem","position":2,"name":"Terrasse bois","item":"https:\/\/www.nature-bois-concept.com\/magazine\/terrasse-bois\/"},{"@type":"ListItem","position":3,"name":"Les Articles sur la Terrasse en Bois","item":"https:\/\/www.nature-bois-concept.com\/magazine\/terrasse-bois\/actualites\/"},{"@type":"ListItem","position":4,"name":"Cr\u00e9er une piscine \u00e0 fond mobile : Nos conseils pour choisir le bois"}]},{"@type":"WebSite","@id":"https:\/\/www.nature-bois-concept.com\/magazine\/#website","url":"https:\/\/www.nature-bois-concept.com\/magazine\/","name":"Magazine Nature Bois Concept","description":"En association avec Nature Bois Concept","potentialAction":[{"@type":"SearchAction","target":{"@type":"EntryPoint","urlTemplate":"https:\/\/www.nature-bois-concept.com\/magazine\/?s={search_term_string}"},"query-input":"required name=search_term_string"}],"inLanguage":"fr-FR"}]}},"_links":{"self":[{"href":"https:\/\/www.nature-bois-concept.com\/magazine\/wp-json\/wp\/v2\/pages\/4399"}],"collection":[{"href":"https:\/\/www.nature-bois-concept.com\/magazine\/wp-json\/wp\/v2\/pages"}],"about":[{"href":"https:\/\/www.nature-bois-concept.com\/magazine\/wp-json\/wp\/v2\/types\/page"}],"author":[{"embeddable":true,"href":"https:\/\/www.nature-bois-concept.com\/magazine\/wp-json\/wp\/v2\/users\/7"}],"replies":[{"embeddable":true,"href":"https:\/\/www.nature-bois-concept.com\/magazine\/wp-json\/wp\/v2\/comments?post=4399"}],"version-history":[{"count":17,"href":"https:\/\/www.nature-bois-concept.com\/magazine\/wp-json\/wp\/v2\/pages\/4399\/revisions"}],"predecessor-version":[{"id":7301,"href":"https:\/\/www.nature-bois-concept.com\/magazine\/wp-json\/wp\/v2\/pages\/4399\/revisions\/7301"}],"up":[{"embeddable":true,"href":"https:\/\/www.nature-bois-concept.com\/magazine\/wp-json\/wp\/v2\/pages\/556"}],"wp:featuredmedia":[{"embeddable":true,"href":"https:\/\/www.nature-bois-concept.com\/magazine\/wp-json\/wp\/v2\/media\/4401"}],"wp:attachment":[{"href":"https:\/\/www.nature-bois-concept.com\/magazine\/wp-json\/wp\/v2\/media?parent=4399"}],"curies":[{"name":"wp","href":"https:\/\/api.w.org\/{rel}","templated":true}]}}