{"id":4287,"date":"2018-04-13T16:54:53","date_gmt":"2018-04-13T14:54:53","guid":{"rendered":"https:\/\/www.nature-bois-concept.com\/magazine\/?page_id=4287"},"modified":"2019-10-21T19:50:41","modified_gmt":"2019-10-21T17:50:41","slug":"instant-technique-comment-choisir-ses-lames","status":"publish","type":"page","link":"https:\/\/www.nature-bois-concept.com\/magazine\/terrasse-bois\/guides\/instants-technique-terrasse-bois\/instant-technique-comment-choisir-ses-lames\/","title":{"rendered":"L\u2019instant technique n\u00b02  : Comment choisir ses lames de terrasse en fonction du d\u00e9bit !"},"content":{"rendered":"","protected":false},"excerpt":{"rendered":"","protected":false},"author":7,"featured_media":4293,"parent":4298,"menu_order":0,"comment_status":"closed","ping_status":"closed","template":"","meta":{"_acf_changed":false,"footnotes":""},"acf":[],"yoast_head":"<!-- This site is optimized with the Yoast SEO plugin v22.4 - https:\/\/yoast.com\/wordpress\/plugins\/seo\/ -->\n<title>L\u2019instant technique n\u00b02 : Comment choisir ses lames en fonction du d\u00e9bit !<\/title>\n<meta name=\"description\" content=\"M\u00eame d\u00e9bit\u00e9, le bois reste un mat\u00e9riau naturel et vivant. Alors comment choisir ses lames ? Retour sur ces aspects peu connus de la terrasse bois.\" \/>\n<meta name=\"robots\" content=\"index, follow, max-snippet:-1, max-image-preview:large, max-video-preview:-1\" \/>\n<link rel=\"canonical\" href=\"https:\/\/www.nature-bois-concept.com\/magazine\/terrasse-bois\/guides\/instants-technique-terrasse-bois\/instant-technique-comment-choisir-ses-lames\/\" \/>\n<meta property=\"og:locale\" content=\"fr_FR\" \/>\n<meta property=\"og:type\" content=\"article\" \/>\n<meta property=\"og:title\" content=\"L\u2019instant technique n\u00b02 : Comment choisir ses lames en fonction du d\u00e9bit !\" \/>\n<meta property=\"og:description\" content=\"M\u00eame d\u00e9bit\u00e9, le bois reste un mat\u00e9riau naturel et vivant. Alors comment choisir ses lames ? Retour sur ces aspects peu connus de la terrasse bois.\" \/>\n<meta property=\"og:url\" content=\"https:\/\/www.nature-bois-concept.com\/magazine\/terrasse-bois\/guides\/instants-technique-terrasse-bois\/instant-technique-comment-choisir-ses-lames\/\" \/>\n<meta property=\"og:site_name\" content=\"Magazine Nature Bois Concept\" \/>\n<meta property=\"article:publisher\" content=\"https:\/\/www.facebook.com\/Nature-Bois-Concept-1596307970584169\/\" \/>\n<meta property=\"article:modified_time\" content=\"2019-10-21T17:50:41+00:00\" \/>\n<meta property=\"og:image\" content=\"https:\/\/www.nature-bois-concept.com\/magazine\/wp-content\/uploads\/2018\/04\/bois-lames.jpg\" \/>\n\t<meta property=\"og:image:width\" content=\"1419\" \/>\n\t<meta property=\"og:image:height\" content=\"941\" \/>\n\t<meta property=\"og:image:type\" content=\"image\/jpeg\" \/>\n<meta name=\"twitter:card\" content=\"summary_large_image\" \/>\n<meta name=\"twitter:site\" content=\"@nbc_bois\" \/>\n<script type=\"application\/ld+json\" class=\"yoast-schema-graph\">{\"@context\":\"https:\/\/schema.org\",\"@graph\":[{\"@type\":\"WebPage\",\"@id\":\"https:\/\/www.nature-bois-concept.com\/magazine\/terrasse-bois\/guides\/instants-technique-terrasse-bois\/instant-technique-comment-choisir-ses-lames\/\",\"url\":\"https:\/\/www.nature-bois-concept.com\/magazine\/terrasse-bois\/guides\/instants-technique-terrasse-bois\/instant-technique-comment-choisir-ses-lames\/\",\"name\":\"L\u2019instant technique n\u00b02 : Comment choisir ses lames en fonction du d\u00e9bit !\",\"isPartOf\":{\"@id\":\"https:\/\/www.nature-bois-concept.com\/magazine\/#website\"},\"primaryImageOfPage\":{\"@id\":\"https:\/\/www.nature-bois-concept.com\/magazine\/terrasse-bois\/guides\/instants-technique-terrasse-bois\/instant-technique-comment-choisir-ses-lames\/#primaryimage\"},\"image\":{\"@id\":\"https:\/\/www.nature-bois-concept.com\/magazine\/terrasse-bois\/guides\/instants-technique-terrasse-bois\/instant-technique-comment-choisir-ses-lames\/#primaryimage\"},\"thumbnailUrl\":\"https:\/\/www.nature-bois-concept.com\/magazine\/wp-content\/uploads\/2018\/04\/bois-lames.jpg\",\"datePublished\":\"2018-04-13T14:54:53+00:00\",\"dateModified\":\"2019-10-21T17:50:41+00:00\",\"description\":\"M\u00eame d\u00e9bit\u00e9, le bois reste un mat\u00e9riau naturel et vivant. Alors comment choisir ses lames ? Retour sur ces aspects peu connus de la terrasse bois.\",\"breadcrumb\":{\"@id\":\"https:\/\/www.nature-bois-concept.com\/magazine\/terrasse-bois\/guides\/instants-technique-terrasse-bois\/instant-technique-comment-choisir-ses-lames\/#breadcrumb\"},\"inLanguage\":\"fr-FR\",\"potentialAction\":[{\"@type\":\"ReadAction\",\"target\":[\"https:\/\/www.nature-bois-concept.com\/magazine\/terrasse-bois\/guides\/instants-technique-terrasse-bois\/instant-technique-comment-choisir-ses-lames\/\"]}]},{\"@type\":\"ImageObject\",\"inLanguage\":\"fr-FR\",\"@id\":\"https:\/\/www.nature-bois-concept.com\/magazine\/terrasse-bois\/guides\/instants-technique-terrasse-bois\/instant-technique-comment-choisir-ses-lames\/#primaryimage\",\"url\":\"https:\/\/www.nature-bois-concept.com\/magazine\/wp-content\/uploads\/2018\/04\/bois-lames.jpg\",\"contentUrl\":\"https:\/\/www.nature-bois-concept.com\/magazine\/wp-content\/uploads\/2018\/04\/bois-lames.jpg\",\"width\":1419,\"height\":941,\"caption\":\"Lames de bois visuel\"},{\"@type\":\"BreadcrumbList\",\"@id\":\"https:\/\/www.nature-bois-concept.com\/magazine\/terrasse-bois\/guides\/instants-technique-terrasse-bois\/instant-technique-comment-choisir-ses-lames\/#breadcrumb\",\"itemListElement\":[{\"@type\":\"ListItem\",\"position\":1,\"name\":\"Magazine NBC\",\"item\":\"https:\/\/www.nature-bois-concept.com\/magazine\/\"},{\"@type\":\"ListItem\",\"position\":2,\"name\":\"Terrasse bois\",\"item\":\"https:\/\/www.nature-bois-concept.com\/magazine\/terrasse-bois\/\"},{\"@type\":\"ListItem\",\"position\":3,\"name\":\"Nos guides sur la Terrasse\",\"item\":\"https:\/\/www.nature-bois-concept.com\/magazine\/terrasse-bois\/guides\/\"},{\"@type\":\"ListItem\",\"position\":4,\"name\":\"L&rsquo;instant technique\",\"item\":\"https:\/\/www.nature-bois-concept.com\/magazine\/terrasse-bois\/guides\/instants-technique-terrasse-bois\/\"},{\"@type\":\"ListItem\",\"position\":5,\"name\":\"L\u2019instant technique n\u00b02 : Comment choisir ses lames de terrasse en fonction du d\u00e9bit !\"}]},{\"@type\":\"WebSite\",\"@id\":\"https:\/\/www.nature-bois-concept.com\/magazine\/#website\",\"url\":\"https:\/\/www.nature-bois-concept.com\/magazine\/\",\"name\":\"Magazine Nature Bois Concept\",\"description\":\"En association avec Nature Bois Concept\",\"potentialAction\":[{\"@type\":\"SearchAction\",\"target\":{\"@type\":\"EntryPoint\",\"urlTemplate\":\"https:\/\/www.nature-bois-concept.com\/magazine\/?s={search_term_string}\"},\"query-input\":\"required name=search_term_string\"}],\"inLanguage\":\"fr-FR\"}]}<\/script>\n<!-- \/ Yoast SEO plugin. -->","yoast_head_json":{"title":"L\u2019instant technique n\u00b02 : Comment choisir ses lames en fonction du d\u00e9bit !","description":"M\u00eame d\u00e9bit\u00e9, le bois reste un mat\u00e9riau naturel et vivant. Alors comment choisir ses lames ? Retour sur ces aspects peu connus de la terrasse bois.","robots":{"index":"index","follow":"follow","max-snippet":"max-snippet:-1","max-image-preview":"max-image-preview:large","max-video-preview":"max-video-preview:-1"},"canonical":"https:\/\/www.nature-bois-concept.com\/magazine\/terrasse-bois\/guides\/instants-technique-terrasse-bois\/instant-technique-comment-choisir-ses-lames\/","og_locale":"fr_FR","og_type":"article","og_title":"L\u2019instant technique n\u00b02 : Comment choisir ses lames en fonction du d\u00e9bit !","og_description":"M\u00eame d\u00e9bit\u00e9, le bois reste un mat\u00e9riau naturel et vivant. Alors comment choisir ses lames ? Retour sur ces aspects peu connus de la terrasse bois.","og_url":"https:\/\/www.nature-bois-concept.com\/magazine\/terrasse-bois\/guides\/instants-technique-terrasse-bois\/instant-technique-comment-choisir-ses-lames\/","og_site_name":"Magazine Nature Bois Concept","article_publisher":"https:\/\/www.facebook.com\/Nature-Bois-Concept-1596307970584169\/","article_modified_time":"2019-10-21T17:50:41+00:00","og_image":[{"width":1419,"height":941,"url":"https:\/\/www.nature-bois-concept.com\/magazine\/wp-content\/uploads\/2018\/04\/bois-lames.jpg","type":"image\/jpeg"}],"twitter_card":"summary_large_image","twitter_site":"@nbc_bois","schema":{"@context":"https:\/\/schema.org","@graph":[{"@type":"WebPage","@id":"https:\/\/www.nature-bois-concept.com\/magazine\/terrasse-bois\/guides\/instants-technique-terrasse-bois\/instant-technique-comment-choisir-ses-lames\/","url":"https:\/\/www.nature-bois-concept.com\/magazine\/terrasse-bois\/guides\/instants-technique-terrasse-bois\/instant-technique-comment-choisir-ses-lames\/","name":"L\u2019instant technique n\u00b02 : Comment choisir ses lames en fonction du d\u00e9bit !","isPartOf":{"@id":"https:\/\/www.nature-bois-concept.com\/magazine\/#website"},"primaryImageOfPage":{"@id":"https:\/\/www.nature-bois-concept.com\/magazine\/terrasse-bois\/guides\/instants-technique-terrasse-bois\/instant-technique-comment-choisir-ses-lames\/#primaryimage"},"image":{"@id":"https:\/\/www.nature-bois-concept.com\/magazine\/terrasse-bois\/guides\/instants-technique-terrasse-bois\/instant-technique-comment-choisir-ses-lames\/#primaryimage"},"thumbnailUrl":"https:\/\/www.nature-bois-concept.com\/magazine\/wp-content\/uploads\/2018\/04\/bois-lames.jpg","datePublished":"2018-04-13T14:54:53+00:00","dateModified":"2019-10-21T17:50:41+00:00","description":"M\u00eame d\u00e9bit\u00e9, le bois reste un mat\u00e9riau naturel et vivant. Alors comment choisir ses lames ? Retour sur ces aspects peu connus de la terrasse bois.","breadcrumb":{"@id":"https:\/\/www.nature-bois-concept.com\/magazine\/terrasse-bois\/guides\/instants-technique-terrasse-bois\/instant-technique-comment-choisir-ses-lames\/#breadcrumb"},"inLanguage":"fr-FR","potentialAction":[{"@type":"ReadAction","target":["https:\/\/www.nature-bois-concept.com\/magazine\/terrasse-bois\/guides\/instants-technique-terrasse-bois\/instant-technique-comment-choisir-ses-lames\/"]}]},{"@type":"ImageObject","inLanguage":"fr-FR","@id":"https:\/\/www.nature-bois-concept.com\/magazine\/terrasse-bois\/guides\/instants-technique-terrasse-bois\/instant-technique-comment-choisir-ses-lames\/#primaryimage","url":"https:\/\/www.nature-bois-concept.com\/magazine\/wp-content\/uploads\/2018\/04\/bois-lames.jpg","contentUrl":"https:\/\/www.nature-bois-concept.com\/magazine\/wp-content\/uploads\/2018\/04\/bois-lames.jpg","width":1419,"height":941,"caption":"Lames de bois visuel"},{"@type":"BreadcrumbList","@id":"https:\/\/www.nature-bois-concept.com\/magazine\/terrasse-bois\/guides\/instants-technique-terrasse-bois\/instant-technique-comment-choisir-ses-lames\/#breadcrumb","itemListElement":[{"@type":"ListItem","position":1,"name":"Magazine NBC","item":"https:\/\/www.nature-bois-concept.com\/magazine\/"},{"@type":"ListItem","position":2,"name":"Terrasse bois","item":"https:\/\/www.nature-bois-concept.com\/magazine\/terrasse-bois\/"},{"@type":"ListItem","position":3,"name":"Nos guides sur la Terrasse","item":"https:\/\/www.nature-bois-concept.com\/magazine\/terrasse-bois\/guides\/"},{"@type":"ListItem","position":4,"name":"L&rsquo;instant technique","item":"https:\/\/www.nature-bois-concept.com\/magazine\/terrasse-bois\/guides\/instants-technique-terrasse-bois\/"},{"@type":"ListItem","position":5,"name":"L\u2019instant technique n\u00b02 : Comment choisir ses lames de terrasse en fonction du d\u00e9bit !"}]},{"@type":"WebSite","@id":"https:\/\/www.nature-bois-concept.com\/magazine\/#website","url":"https:\/\/www.nature-bois-concept.com\/magazine\/","name":"Magazine Nature Bois Concept","description":"En association avec Nature Bois Concept","potentialAction":[{"@type":"SearchAction","target":{"@type":"EntryPoint","urlTemplate":"https:\/\/www.nature-bois-concept.com\/magazine\/?s={search_term_string}"},"query-input":"required name=search_term_string"}],"inLanguage":"fr-FR"}]}},"_links":{"self":[{"href":"https:\/\/www.nature-bois-concept.com\/magazine\/wp-json\/wp\/v2\/pages\/4287"}],"collection":[{"href":"https:\/\/www.nature-bois-concept.com\/magazine\/wp-json\/wp\/v2\/pages"}],"about":[{"href":"https:\/\/www.nature-bois-concept.com\/magazine\/wp-json\/wp\/v2\/types\/page"}],"author":[{"embeddable":true,"href":"https:\/\/www.nature-bois-concept.com\/magazine\/wp-json\/wp\/v2\/users\/7"}],"replies":[{"embeddable":true,"href":"https:\/\/www.nature-bois-concept.com\/magazine\/wp-json\/wp\/v2\/comments?post=4287"}],"version-history":[{"count":7,"href":"https:\/\/www.nature-bois-concept.com\/magazine\/wp-json\/wp\/v2\/pages\/4287\/revisions"}],"predecessor-version":[{"id":6335,"href":"https:\/\/www.nature-bois-concept.com\/magazine\/wp-json\/wp\/v2\/pages\/4287\/revisions\/6335"}],"up":[{"embeddable":true,"href":"https:\/\/www.nature-bois-concept.com\/magazine\/wp-json\/wp\/v2\/pages\/4298"}],"wp:featuredmedia":[{"embeddable":true,"href":"https:\/\/www.nature-bois-concept.com\/magazine\/wp-json\/wp\/v2\/media\/4293"}],"wp:attachment":[{"href":"https:\/\/www.nature-bois-concept.com\/magazine\/wp-json\/wp\/v2\/media?parent=4287"}],"curies":[{"name":"wp","href":"https:\/\/api.w.org\/{rel}","templated":true}]}}