{"id":4204,"date":"2018-03-22T14:29:04","date_gmt":"2018-03-22T13:29:04","guid":{"rendered":"https:\/\/www.nature-bois-concept.com\/magazine\/?page_id=4204"},"modified":"2025-10-29T16:35:18","modified_gmt":"2025-10-29T15:35:18","slug":"garapa-osez-le-bois-dore","status":"publish","type":"page","link":"https:\/\/www.nature-bois-concept.com\/magazine\/guide-bois\/essences\/bois-exotique\/garapa-osez-le-bois-dore\/","title":{"rendered":"Garapa : un bois exotique dor\u00e9 pour votre Terrasse !"},"content":{"rendered":"<p>D\u00e9sormais bien install\u00e9 parmi les essences exotiques pris\u00e9es, le <strong data-start=\"65\" data-end=\"75\">Garapa<\/strong> s&rsquo;impose comme un choix de qualit\u00e9 pour les terrasses en bois. Cousin de l\u2019<strong data-start=\"151\" data-end=\"161\">Itauba<\/strong> et du <strong data-start=\"168\" data-end=\"180\">Tatajuba<\/strong>, il s\u00e9duit par son esth\u00e9tique singuli\u00e8re et son \u00e9l\u00e9gance naturelle. Zoom sur ce bois lumineux qui a su conqu\u00e9rir de nombreux amateurs d\u2019am\u00e9nagement ext\u00e9rieur !<\/p>\n","protected":false},"excerpt":{"rendered":"<p>D\u00e9sormais bien install\u00e9 parmi les essences exotiques pris\u00e9es, le Garapa s&rsquo;impose comme un choix de qualit\u00e9 pour les terrasses en bois. Cousin de l\u2019Itauba et du Tatajuba, il s\u00e9duit par son esth\u00e9tique singuli\u00e8re et son \u00e9l\u00e9gance naturelle. Zoom sur ce bois lumineux qui a su conqu\u00e9rir de nombreux amateurs d\u2019am\u00e9nagement ext\u00e9rieur !<\/p>\n","protected":false},"author":7,"featured_media":4222,"parent":616,"menu_order":0,"comment_status":"closed","ping_status":"closed","template":"","meta":{"_acf_changed":false,"footnotes":""},"acf":[],"yoast_head":"<!-- This site is optimized with the Yoast SEO plugin v22.4 - https:\/\/yoast.com\/wordpress\/plugins\/seo\/ -->\n<title>Garapa Bois : D\u00e9couvrez le Bois Dor\u00e9 pour Votre Terrasse<\/title>\n<meta name=\"description\" content=\"D\u00e9couvrez le Garapa bois : une essence exotique au visuel dor\u00e9 unique, parfaite pour une terrasse Garapa \u00e9l\u00e9gante et durable.\" \/>\n<meta name=\"robots\" content=\"index, follow, max-snippet:-1, max-image-preview:large, max-video-preview:-1\" \/>\n<link rel=\"canonical\" href=\"https:\/\/www.nature-bois-concept.com\/magazine\/guide-bois\/essences\/bois-exotique\/garapa-osez-le-bois-dore\/\" \/>\n<meta property=\"og:locale\" content=\"fr_FR\" \/>\n<meta property=\"og:type\" content=\"article\" \/>\n<meta property=\"og:title\" content=\"Garapa Bois : D\u00e9couvrez le Bois Dor\u00e9 pour Votre Terrasse\" \/>\n<meta property=\"og:description\" content=\"D\u00e9couvrez le Garapa bois : une essence exotique au visuel dor\u00e9 unique, parfaite pour une terrasse Garapa \u00e9l\u00e9gante et durable.\" \/>\n<meta property=\"og:url\" content=\"https:\/\/www.nature-bois-concept.com\/magazine\/guide-bois\/essences\/bois-exotique\/garapa-osez-le-bois-dore\/\" \/>\n<meta property=\"og:site_name\" content=\"Magazine Nature Bois Concept\" \/>\n<meta property=\"article:publisher\" content=\"https:\/\/www.facebook.com\/Nature-Bois-Concept-1596307970584169\/\" \/>\n<meta property=\"article:modified_time\" content=\"2025-10-29T15:35:18+00:00\" \/>\n<meta property=\"og:image\" content=\"https:\/\/www.nature-bois-concept.com\/magazine\/wp-content\/uploads\/2018\/03\/terrasse-garapa-2-e1521712516318.jpg\" \/>\n\t<meta property=\"og:image:width\" content=\"2000\" \/>\n\t<meta property=\"og:image:height\" content=\"1190\" \/>\n\t<meta property=\"og:image:type\" content=\"image\/jpeg\" \/>\n<meta name=\"twitter:card\" content=\"summary_large_image\" \/>\n<meta name=\"twitter:site\" content=\"@nbc_bois\" \/>\n<meta name=\"twitter:label1\" content=\"Dur\u00e9e de lecture estim\u00e9e\" \/>\n\t<meta name=\"twitter:data1\" content=\"1 minute\" \/>\n<script type=\"application\/ld+json\" class=\"yoast-schema-graph\">{\"@context\":\"https:\/\/schema.org\",\"@graph\":[{\"@type\":\"WebPage\",\"@id\":\"https:\/\/www.nature-bois-concept.com\/magazine\/guide-bois\/essences\/bois-exotique\/garapa-osez-le-bois-dore\/\",\"url\":\"https:\/\/www.nature-bois-concept.com\/magazine\/guide-bois\/essences\/bois-exotique\/garapa-osez-le-bois-dore\/\",\"name\":\"Garapa Bois : D\u00e9couvrez le Bois Dor\u00e9 pour Votre Terrasse\",\"isPartOf\":{\"@id\":\"https:\/\/www.nature-bois-concept.com\/magazine\/#website\"},\"primaryImageOfPage\":{\"@id\":\"https:\/\/www.nature-bois-concept.com\/magazine\/guide-bois\/essences\/bois-exotique\/garapa-osez-le-bois-dore\/#primaryimage\"},\"image\":{\"@id\":\"https:\/\/www.nature-bois-concept.com\/magazine\/guide-bois\/essences\/bois-exotique\/garapa-osez-le-bois-dore\/#primaryimage\"},\"thumbnailUrl\":\"https:\/\/www.nature-bois-concept.com\/magazine\/wp-content\/uploads\/2018\/03\/visuel-lames-garapa-e1521725564198.jpg\",\"datePublished\":\"2018-03-22T13:29:04+00:00\",\"dateModified\":\"2025-10-29T15:35:18+00:00\",\"description\":\"D\u00e9couvrez le Garapa bois : une essence exotique au visuel dor\u00e9 unique, parfaite pour une terrasse Garapa \u00e9l\u00e9gante et durable.\",\"breadcrumb\":{\"@id\":\"https:\/\/www.nature-bois-concept.com\/magazine\/guide-bois\/essences\/bois-exotique\/garapa-osez-le-bois-dore\/#breadcrumb\"},\"inLanguage\":\"fr-FR\",\"potentialAction\":[{\"@type\":\"ReadAction\",\"target\":[\"https:\/\/www.nature-bois-concept.com\/magazine\/guide-bois\/essences\/bois-exotique\/garapa-osez-le-bois-dore\/\"]}]},{\"@type\":\"ImageObject\",\"inLanguage\":\"fr-FR\",\"@id\":\"https:\/\/www.nature-bois-concept.com\/magazine\/guide-bois\/essences\/bois-exotique\/garapa-osez-le-bois-dore\/#primaryimage\",\"url\":\"https:\/\/www.nature-bois-concept.com\/magazine\/wp-content\/uploads\/2018\/03\/visuel-lames-garapa-e1521725564198.jpg\",\"contentUrl\":\"https:\/\/www.nature-bois-concept.com\/magazine\/wp-content\/uploads\/2018\/03\/visuel-lames-garapa-e1521725564198.jpg\",\"width\":1900,\"height\":1069},{\"@type\":\"BreadcrumbList\",\"@id\":\"https:\/\/www.nature-bois-concept.com\/magazine\/guide-bois\/essences\/bois-exotique\/garapa-osez-le-bois-dore\/#breadcrumb\",\"itemListElement\":[{\"@type\":\"ListItem\",\"position\":1,\"name\":\"Magazine NBC\",\"item\":\"https:\/\/www.nature-bois-concept.com\/magazine\/\"},{\"@type\":\"ListItem\",\"position\":2,\"name\":\"Guide Bois\",\"item\":\"https:\/\/www.nature-bois-concept.com\/magazine\/guide-bois\/\"},{\"@type\":\"ListItem\",\"position\":3,\"name\":\"Guide Essences Bois\",\"item\":\"https:\/\/www.nature-bois-concept.com\/magazine\/guide-bois\/essences\/\"},{\"@type\":\"ListItem\",\"position\":4,\"name\":\"Guide Essence Bois Exotique\",\"item\":\"https:\/\/www.nature-bois-concept.com\/magazine\/guide-bois\/essences\/bois-exotique\/\"},{\"@type\":\"ListItem\",\"position\":5,\"name\":\"Garapa : un bois exotique dor\u00e9 pour votre Terrasse !\"}]},{\"@type\":\"WebSite\",\"@id\":\"https:\/\/www.nature-bois-concept.com\/magazine\/#website\",\"url\":\"https:\/\/www.nature-bois-concept.com\/magazine\/\",\"name\":\"Magazine Nature Bois Concept\",\"description\":\"En association avec Nature Bois Concept\",\"potentialAction\":[{\"@type\":\"SearchAction\",\"target\":{\"@type\":\"EntryPoint\",\"urlTemplate\":\"https:\/\/www.nature-bois-concept.com\/magazine\/?s={search_term_string}\"},\"query-input\":\"required name=search_term_string\"}],\"inLanguage\":\"fr-FR\"}]}<\/script>\n<!-- \/ Yoast SEO plugin. -->","yoast_head_json":{"title":"Garapa Bois : D\u00e9couvrez le Bois Dor\u00e9 pour Votre Terrasse","description":"D\u00e9couvrez le Garapa bois : une essence exotique au visuel dor\u00e9 unique, parfaite pour une terrasse Garapa \u00e9l\u00e9gante et durable.","robots":{"index":"index","follow":"follow","max-snippet":"max-snippet:-1","max-image-preview":"max-image-preview:large","max-video-preview":"max-video-preview:-1"},"canonical":"https:\/\/www.nature-bois-concept.com\/magazine\/guide-bois\/essences\/bois-exotique\/garapa-osez-le-bois-dore\/","og_locale":"fr_FR","og_type":"article","og_title":"Garapa Bois : D\u00e9couvrez le Bois Dor\u00e9 pour Votre Terrasse","og_description":"D\u00e9couvrez le Garapa bois : une essence exotique au visuel dor\u00e9 unique, parfaite pour une terrasse Garapa \u00e9l\u00e9gante et durable.","og_url":"https:\/\/www.nature-bois-concept.com\/magazine\/guide-bois\/essences\/bois-exotique\/garapa-osez-le-bois-dore\/","og_site_name":"Magazine Nature Bois Concept","article_publisher":"https:\/\/www.facebook.com\/Nature-Bois-Concept-1596307970584169\/","article_modified_time":"2025-10-29T15:35:18+00:00","og_image":[{"width":2000,"height":1190,"url":"https:\/\/www.nature-bois-concept.com\/magazine\/wp-content\/uploads\/2018\/03\/terrasse-garapa-2-e1521712516318.jpg","type":"image\/jpeg"}],"twitter_card":"summary_large_image","twitter_site":"@nbc_bois","twitter_misc":{"Dur\u00e9e de lecture estim\u00e9e":"1 minute"},"schema":{"@context":"https:\/\/schema.org","@graph":[{"@type":"WebPage","@id":"https:\/\/www.nature-bois-concept.com\/magazine\/guide-bois\/essences\/bois-exotique\/garapa-osez-le-bois-dore\/","url":"https:\/\/www.nature-bois-concept.com\/magazine\/guide-bois\/essences\/bois-exotique\/garapa-osez-le-bois-dore\/","name":"Garapa Bois : D\u00e9couvrez le Bois Dor\u00e9 pour Votre Terrasse","isPartOf":{"@id":"https:\/\/www.nature-bois-concept.com\/magazine\/#website"},"primaryImageOfPage":{"@id":"https:\/\/www.nature-bois-concept.com\/magazine\/guide-bois\/essences\/bois-exotique\/garapa-osez-le-bois-dore\/#primaryimage"},"image":{"@id":"https:\/\/www.nature-bois-concept.com\/magazine\/guide-bois\/essences\/bois-exotique\/garapa-osez-le-bois-dore\/#primaryimage"},"thumbnailUrl":"https:\/\/www.nature-bois-concept.com\/magazine\/wp-content\/uploads\/2018\/03\/visuel-lames-garapa-e1521725564198.jpg","datePublished":"2018-03-22T13:29:04+00:00","dateModified":"2025-10-29T15:35:18+00:00","description":"D\u00e9couvrez le Garapa bois : une essence exotique au visuel dor\u00e9 unique, parfaite pour une terrasse Garapa \u00e9l\u00e9gante et durable.","breadcrumb":{"@id":"https:\/\/www.nature-bois-concept.com\/magazine\/guide-bois\/essences\/bois-exotique\/garapa-osez-le-bois-dore\/#breadcrumb"},"inLanguage":"fr-FR","potentialAction":[{"@type":"ReadAction","target":["https:\/\/www.nature-bois-concept.com\/magazine\/guide-bois\/essences\/bois-exotique\/garapa-osez-le-bois-dore\/"]}]},{"@type":"ImageObject","inLanguage":"fr-FR","@id":"https:\/\/www.nature-bois-concept.com\/magazine\/guide-bois\/essences\/bois-exotique\/garapa-osez-le-bois-dore\/#primaryimage","url":"https:\/\/www.nature-bois-concept.com\/magazine\/wp-content\/uploads\/2018\/03\/visuel-lames-garapa-e1521725564198.jpg","contentUrl":"https:\/\/www.nature-bois-concept.com\/magazine\/wp-content\/uploads\/2018\/03\/visuel-lames-garapa-e1521725564198.jpg","width":1900,"height":1069},{"@type":"BreadcrumbList","@id":"https:\/\/www.nature-bois-concept.com\/magazine\/guide-bois\/essences\/bois-exotique\/garapa-osez-le-bois-dore\/#breadcrumb","itemListElement":[{"@type":"ListItem","position":1,"name":"Magazine NBC","item":"https:\/\/www.nature-bois-concept.com\/magazine\/"},{"@type":"ListItem","position":2,"name":"Guide Bois","item":"https:\/\/www.nature-bois-concept.com\/magazine\/guide-bois\/"},{"@type":"ListItem","position":3,"name":"Guide Essences Bois","item":"https:\/\/www.nature-bois-concept.com\/magazine\/guide-bois\/essences\/"},{"@type":"ListItem","position":4,"name":"Guide Essence Bois Exotique","item":"https:\/\/www.nature-bois-concept.com\/magazine\/guide-bois\/essences\/bois-exotique\/"},{"@type":"ListItem","position":5,"name":"Garapa : un bois exotique dor\u00e9 pour votre Terrasse !"}]},{"@type":"WebSite","@id":"https:\/\/www.nature-bois-concept.com\/magazine\/#website","url":"https:\/\/www.nature-bois-concept.com\/magazine\/","name":"Magazine Nature Bois Concept","description":"En association avec Nature Bois Concept","potentialAction":[{"@type":"SearchAction","target":{"@type":"EntryPoint","urlTemplate":"https:\/\/www.nature-bois-concept.com\/magazine\/?s={search_term_string}"},"query-input":"required name=search_term_string"}],"inLanguage":"fr-FR"}]}},"_links":{"self":[{"href":"https:\/\/www.nature-bois-concept.com\/magazine\/wp-json\/wp\/v2\/pages\/4204"}],"collection":[{"href":"https:\/\/www.nature-bois-concept.com\/magazine\/wp-json\/wp\/v2\/pages"}],"about":[{"href":"https:\/\/www.nature-bois-concept.com\/magazine\/wp-json\/wp\/v2\/types\/page"}],"author":[{"embeddable":true,"href":"https:\/\/www.nature-bois-concept.com\/magazine\/wp-json\/wp\/v2\/users\/7"}],"replies":[{"embeddable":true,"href":"https:\/\/www.nature-bois-concept.com\/magazine\/wp-json\/wp\/v2\/comments?post=4204"}],"version-history":[{"count":42,"href":"https:\/\/www.nature-bois-concept.com\/magazine\/wp-json\/wp\/v2\/pages\/4204\/revisions"}],"predecessor-version":[{"id":8091,"href":"https:\/\/www.nature-bois-concept.com\/magazine\/wp-json\/wp\/v2\/pages\/4204\/revisions\/8091"}],"up":[{"embeddable":true,"href":"https:\/\/www.nature-bois-concept.com\/magazine\/wp-json\/wp\/v2\/pages\/616"}],"wp:featuredmedia":[{"embeddable":true,"href":"https:\/\/www.nature-bois-concept.com\/magazine\/wp-json\/wp\/v2\/media\/4222"}],"wp:attachment":[{"href":"https:\/\/www.nature-bois-concept.com\/magazine\/wp-json\/wp\/v2\/media?parent=4204"}],"curies":[{"name":"wp","href":"https:\/\/api.w.org\/{rel}","templated":true}]}}