{"id":4143,"date":"2018-02-23T16:43:12","date_gmt":"2018-02-23T15:43:12","guid":{"rendered":"https:\/\/www.nature-bois-concept.com\/magazine\/?page_id=4143"},"modified":"2025-05-22T16:43:24","modified_gmt":"2025-05-22T14:43:24","slug":"et-pourquoi-pas-une-cuisine-de-jardin","status":"publish","type":"page","link":"https:\/\/www.nature-bois-concept.com\/magazine\/terrasse-bois\/guides\/apres-achat\/amenagement-terrasse-bois\/et-pourquoi-pas-une-cuisine-de-jardin\/","title":{"rendered":"Et pourquoi pas une cuisine de jardin pour votre ext\u00e9rieur ?"},"content":{"rendered":"","protected":false},"excerpt":{"rendered":"","protected":false},"author":7,"featured_media":4158,"parent":575,"menu_order":0,"comment_status":"closed","ping_status":"closed","template":"","meta":{"_acf_changed":false,"footnotes":""},"acf":[],"yoast_head":"<!-- This site is optimized with the Yoast SEO plugin v22.4 - https:\/\/yoast.com\/wordpress\/plugins\/seo\/ -->\n<title>Et pourquoi pas une cuisine de jardin pour votre ext\u00e9rieur ?<\/title>\n<meta name=\"description\" content=\"Quoi de mieux qu&#039;une cuisine d&#039;ext\u00e9rieur pour profiter pleinement de votre terrasse bois ? Voici quelques conseils pour am\u00e9nager une cuisine d&#039;\u00e9t\u00e9 r\u00e9ussie !\" \/>\n<meta name=\"robots\" content=\"index, follow, max-snippet:-1, max-image-preview:large, max-video-preview:-1\" \/>\n<link rel=\"canonical\" href=\"https:\/\/www.nature-bois-concept.com\/magazine\/terrasse-bois\/guides\/apres-achat\/amenagement-terrasse-bois\/et-pourquoi-pas-une-cuisine-de-jardin\/\" \/>\n<meta property=\"og:locale\" content=\"fr_FR\" \/>\n<meta property=\"og:type\" content=\"article\" \/>\n<meta property=\"og:title\" content=\"Et pourquoi pas une cuisine de jardin pour votre ext\u00e9rieur ?\" \/>\n<meta property=\"og:description\" content=\"Quoi de mieux qu&#039;une cuisine d&#039;ext\u00e9rieur pour profiter pleinement de votre terrasse bois ? C&#039;est un r\u00eave \u00e0 part enti\u00e8re... Et tellement de raisons d&#039;en convoiter. Voici quelques conseils pour une cuisine ext\u00e9rieure r\u00e9ussie !\" \/>\n<meta property=\"og:url\" content=\"https:\/\/www.nature-bois-concept.com\/magazine\/terrasse-bois\/guides\/apres-achat\/amenagement-terrasse-bois\/et-pourquoi-pas-une-cuisine-de-jardin\/\" \/>\n<meta property=\"og:site_name\" content=\"Magazine Nature Bois Concept\" \/>\n<meta property=\"article:publisher\" content=\"https:\/\/www.facebook.com\/Nature-Bois-Concept-1596307970584169\/\" \/>\n<meta property=\"article:modified_time\" content=\"2025-05-22T14:43:24+00:00\" \/>\n<meta property=\"og:image\" content=\"https:\/\/www.nature-bois-concept.com\/magazine\/wp-content\/uploads\/2018\/02\/13568479109c31a3ba709c30e7849e01.jpg\" \/>\n\t<meta property=\"og:image:width\" content=\"378\" \/>\n\t<meta property=\"og:image:height\" content=\"579\" \/>\n\t<meta property=\"og:image:type\" content=\"image\/jpeg\" \/>\n<meta name=\"twitter:card\" content=\"summary_large_image\" \/>\n<meta name=\"twitter:site\" content=\"@nbc_bois\" \/>\n<meta name=\"twitter:label1\" content=\"Dur\u00e9e de lecture estim\u00e9e\" \/>\n\t<meta name=\"twitter:data1\" content=\"1 minute\" \/>\n<script type=\"application\/ld+json\" class=\"yoast-schema-graph\">{\"@context\":\"https:\/\/schema.org\",\"@graph\":[{\"@type\":\"WebPage\",\"@id\":\"https:\/\/www.nature-bois-concept.com\/magazine\/terrasse-bois\/guides\/apres-achat\/amenagement-terrasse-bois\/et-pourquoi-pas-une-cuisine-de-jardin\/\",\"url\":\"https:\/\/www.nature-bois-concept.com\/magazine\/terrasse-bois\/guides\/apres-achat\/amenagement-terrasse-bois\/et-pourquoi-pas-une-cuisine-de-jardin\/\",\"name\":\"Et pourquoi pas une cuisine de jardin pour votre ext\u00e9rieur ?\",\"isPartOf\":{\"@id\":\"https:\/\/www.nature-bois-concept.com\/magazine\/#website\"},\"primaryImageOfPage\":{\"@id\":\"https:\/\/www.nature-bois-concept.com\/magazine\/terrasse-bois\/guides\/apres-achat\/amenagement-terrasse-bois\/et-pourquoi-pas-une-cuisine-de-jardin\/#primaryimage\"},\"image\":{\"@id\":\"https:\/\/www.nature-bois-concept.com\/magazine\/terrasse-bois\/guides\/apres-achat\/amenagement-terrasse-bois\/et-pourquoi-pas-une-cuisine-de-jardin\/#primaryimage\"},\"thumbnailUrl\":\"https:\/\/www.nature-bois-concept.com\/magazine\/wp-content\/uploads\/2018\/02\/pose-terrasse-cumaru-piscine-e1561017555271.jpg\",\"datePublished\":\"2018-02-23T15:43:12+00:00\",\"dateModified\":\"2025-05-22T14:43:24+00:00\",\"description\":\"Quoi de mieux qu'une cuisine d'ext\u00e9rieur pour profiter pleinement de votre terrasse bois ? Voici quelques conseils pour am\u00e9nager une cuisine d'\u00e9t\u00e9 r\u00e9ussie !\",\"breadcrumb\":{\"@id\":\"https:\/\/www.nature-bois-concept.com\/magazine\/terrasse-bois\/guides\/apres-achat\/amenagement-terrasse-bois\/et-pourquoi-pas-une-cuisine-de-jardin\/#breadcrumb\"},\"inLanguage\":\"fr-FR\",\"potentialAction\":[{\"@type\":\"ReadAction\",\"target\":[\"https:\/\/www.nature-bois-concept.com\/magazine\/terrasse-bois\/guides\/apres-achat\/amenagement-terrasse-bois\/et-pourquoi-pas-une-cuisine-de-jardin\/\"]}]},{\"@type\":\"ImageObject\",\"inLanguage\":\"fr-FR\",\"@id\":\"https:\/\/www.nature-bois-concept.com\/magazine\/terrasse-bois\/guides\/apres-achat\/amenagement-terrasse-bois\/et-pourquoi-pas-une-cuisine-de-jardin\/#primaryimage\",\"url\":\"https:\/\/www.nature-bois-concept.com\/magazine\/wp-content\/uploads\/2018\/02\/pose-terrasse-cumaru-piscine-e1561017555271.jpg\",\"contentUrl\":\"https:\/\/www.nature-bois-concept.com\/magazine\/wp-content\/uploads\/2018\/02\/pose-terrasse-cumaru-piscine-e1561017555271.jpg\",\"width\":1000,\"height\":750,\"caption\":\"Une cuisine d'ext\u00e9rieur sur votre terrasse : la perfection\"},{\"@type\":\"BreadcrumbList\",\"@id\":\"https:\/\/www.nature-bois-concept.com\/magazine\/terrasse-bois\/guides\/apres-achat\/amenagement-terrasse-bois\/et-pourquoi-pas-une-cuisine-de-jardin\/#breadcrumb\",\"itemListElement\":[{\"@type\":\"ListItem\",\"position\":1,\"name\":\"Magazine NBC\",\"item\":\"https:\/\/www.nature-bois-concept.com\/magazine\/\"},{\"@type\":\"ListItem\",\"position\":2,\"name\":\"Terrasse bois\",\"item\":\"https:\/\/www.nature-bois-concept.com\/magazine\/terrasse-bois\/\"},{\"@type\":\"ListItem\",\"position\":3,\"name\":\"Nos guides sur la Terrasse\",\"item\":\"https:\/\/www.nature-bois-concept.com\/magazine\/terrasse-bois\/guides\/\"},{\"@type\":\"ListItem\",\"position\":4,\"name\":\"Tout ce que vous devez savoir apr\u00e8s l&rsquo;achat de votre terrasse\",\"item\":\"https:\/\/www.nature-bois-concept.com\/magazine\/terrasse-bois\/guides\/apres-achat\/\"},{\"@type\":\"ListItem\",\"position\":5,\"name\":\"Comment bien am\u00e9nager votre terrasse ?\",\"item\":\"https:\/\/www.nature-bois-concept.com\/magazine\/terrasse-bois\/guides\/apres-achat\/amenagement-terrasse-bois\/\"},{\"@type\":\"ListItem\",\"position\":6,\"name\":\"Et pourquoi pas une cuisine de jardin pour votre ext\u00e9rieur ?\"}]},{\"@type\":\"WebSite\",\"@id\":\"https:\/\/www.nature-bois-concept.com\/magazine\/#website\",\"url\":\"https:\/\/www.nature-bois-concept.com\/magazine\/\",\"name\":\"Magazine Nature Bois Concept\",\"description\":\"En association avec Nature Bois Concept\",\"potentialAction\":[{\"@type\":\"SearchAction\",\"target\":{\"@type\":\"EntryPoint\",\"urlTemplate\":\"https:\/\/www.nature-bois-concept.com\/magazine\/?s={search_term_string}\"},\"query-input\":\"required name=search_term_string\"}],\"inLanguage\":\"fr-FR\"}]}<\/script>\n<!-- \/ Yoast SEO plugin. -->","yoast_head_json":{"title":"Et pourquoi pas une cuisine de jardin pour votre ext\u00e9rieur ?","description":"Quoi de mieux qu'une cuisine d'ext\u00e9rieur pour profiter pleinement de votre terrasse bois ? Voici quelques conseils pour am\u00e9nager une cuisine d'\u00e9t\u00e9 r\u00e9ussie !","robots":{"index":"index","follow":"follow","max-snippet":"max-snippet:-1","max-image-preview":"max-image-preview:large","max-video-preview":"max-video-preview:-1"},"canonical":"https:\/\/www.nature-bois-concept.com\/magazine\/terrasse-bois\/guides\/apres-achat\/amenagement-terrasse-bois\/et-pourquoi-pas-une-cuisine-de-jardin\/","og_locale":"fr_FR","og_type":"article","og_title":"Et pourquoi pas une cuisine de jardin pour votre ext\u00e9rieur ?","og_description":"Quoi de mieux qu'une cuisine d'ext\u00e9rieur pour profiter pleinement de votre terrasse bois ? C'est un r\u00eave \u00e0 part enti\u00e8re... Et tellement de raisons d'en convoiter. Voici quelques conseils pour une cuisine ext\u00e9rieure r\u00e9ussie !","og_url":"https:\/\/www.nature-bois-concept.com\/magazine\/terrasse-bois\/guides\/apres-achat\/amenagement-terrasse-bois\/et-pourquoi-pas-une-cuisine-de-jardin\/","og_site_name":"Magazine Nature Bois Concept","article_publisher":"https:\/\/www.facebook.com\/Nature-Bois-Concept-1596307970584169\/","article_modified_time":"2025-05-22T14:43:24+00:00","og_image":[{"width":378,"height":579,"url":"https:\/\/www.nature-bois-concept.com\/magazine\/wp-content\/uploads\/2018\/02\/13568479109c31a3ba709c30e7849e01.jpg","type":"image\/jpeg"}],"twitter_card":"summary_large_image","twitter_site":"@nbc_bois","twitter_misc":{"Dur\u00e9e de lecture estim\u00e9e":"1 minute"},"schema":{"@context":"https:\/\/schema.org","@graph":[{"@type":"WebPage","@id":"https:\/\/www.nature-bois-concept.com\/magazine\/terrasse-bois\/guides\/apres-achat\/amenagement-terrasse-bois\/et-pourquoi-pas-une-cuisine-de-jardin\/","url":"https:\/\/www.nature-bois-concept.com\/magazine\/terrasse-bois\/guides\/apres-achat\/amenagement-terrasse-bois\/et-pourquoi-pas-une-cuisine-de-jardin\/","name":"Et pourquoi pas une cuisine de jardin pour votre ext\u00e9rieur ?","isPartOf":{"@id":"https:\/\/www.nature-bois-concept.com\/magazine\/#website"},"primaryImageOfPage":{"@id":"https:\/\/www.nature-bois-concept.com\/magazine\/terrasse-bois\/guides\/apres-achat\/amenagement-terrasse-bois\/et-pourquoi-pas-une-cuisine-de-jardin\/#primaryimage"},"image":{"@id":"https:\/\/www.nature-bois-concept.com\/magazine\/terrasse-bois\/guides\/apres-achat\/amenagement-terrasse-bois\/et-pourquoi-pas-une-cuisine-de-jardin\/#primaryimage"},"thumbnailUrl":"https:\/\/www.nature-bois-concept.com\/magazine\/wp-content\/uploads\/2018\/02\/pose-terrasse-cumaru-piscine-e1561017555271.jpg","datePublished":"2018-02-23T15:43:12+00:00","dateModified":"2025-05-22T14:43:24+00:00","description":"Quoi de mieux qu'une cuisine d'ext\u00e9rieur pour profiter pleinement de votre terrasse bois ? Voici quelques conseils pour am\u00e9nager une cuisine d'\u00e9t\u00e9 r\u00e9ussie !","breadcrumb":{"@id":"https:\/\/www.nature-bois-concept.com\/magazine\/terrasse-bois\/guides\/apres-achat\/amenagement-terrasse-bois\/et-pourquoi-pas-une-cuisine-de-jardin\/#breadcrumb"},"inLanguage":"fr-FR","potentialAction":[{"@type":"ReadAction","target":["https:\/\/www.nature-bois-concept.com\/magazine\/terrasse-bois\/guides\/apres-achat\/amenagement-terrasse-bois\/et-pourquoi-pas-une-cuisine-de-jardin\/"]}]},{"@type":"ImageObject","inLanguage":"fr-FR","@id":"https:\/\/www.nature-bois-concept.com\/magazine\/terrasse-bois\/guides\/apres-achat\/amenagement-terrasse-bois\/et-pourquoi-pas-une-cuisine-de-jardin\/#primaryimage","url":"https:\/\/www.nature-bois-concept.com\/magazine\/wp-content\/uploads\/2018\/02\/pose-terrasse-cumaru-piscine-e1561017555271.jpg","contentUrl":"https:\/\/www.nature-bois-concept.com\/magazine\/wp-content\/uploads\/2018\/02\/pose-terrasse-cumaru-piscine-e1561017555271.jpg","width":1000,"height":750,"caption":"Une cuisine d'ext\u00e9rieur sur votre terrasse : la perfection"},{"@type":"BreadcrumbList","@id":"https:\/\/www.nature-bois-concept.com\/magazine\/terrasse-bois\/guides\/apres-achat\/amenagement-terrasse-bois\/et-pourquoi-pas-une-cuisine-de-jardin\/#breadcrumb","itemListElement":[{"@type":"ListItem","position":1,"name":"Magazine NBC","item":"https:\/\/www.nature-bois-concept.com\/magazine\/"},{"@type":"ListItem","position":2,"name":"Terrasse bois","item":"https:\/\/www.nature-bois-concept.com\/magazine\/terrasse-bois\/"},{"@type":"ListItem","position":3,"name":"Nos guides sur la Terrasse","item":"https:\/\/www.nature-bois-concept.com\/magazine\/terrasse-bois\/guides\/"},{"@type":"ListItem","position":4,"name":"Tout ce que vous devez savoir apr\u00e8s l&rsquo;achat de votre terrasse","item":"https:\/\/www.nature-bois-concept.com\/magazine\/terrasse-bois\/guides\/apres-achat\/"},{"@type":"ListItem","position":5,"name":"Comment bien am\u00e9nager votre terrasse ?","item":"https:\/\/www.nature-bois-concept.com\/magazine\/terrasse-bois\/guides\/apres-achat\/amenagement-terrasse-bois\/"},{"@type":"ListItem","position":6,"name":"Et pourquoi pas une cuisine de jardin pour votre ext\u00e9rieur ?"}]},{"@type":"WebSite","@id":"https:\/\/www.nature-bois-concept.com\/magazine\/#website","url":"https:\/\/www.nature-bois-concept.com\/magazine\/","name":"Magazine Nature Bois Concept","description":"En association avec Nature Bois Concept","potentialAction":[{"@type":"SearchAction","target":{"@type":"EntryPoint","urlTemplate":"https:\/\/www.nature-bois-concept.com\/magazine\/?s={search_term_string}"},"query-input":"required name=search_term_string"}],"inLanguage":"fr-FR"}]}},"_links":{"self":[{"href":"https:\/\/www.nature-bois-concept.com\/magazine\/wp-json\/wp\/v2\/pages\/4143"}],"collection":[{"href":"https:\/\/www.nature-bois-concept.com\/magazine\/wp-json\/wp\/v2\/pages"}],"about":[{"href":"https:\/\/www.nature-bois-concept.com\/magazine\/wp-json\/wp\/v2\/types\/page"}],"author":[{"embeddable":true,"href":"https:\/\/www.nature-bois-concept.com\/magazine\/wp-json\/wp\/v2\/users\/7"}],"replies":[{"embeddable":true,"href":"https:\/\/www.nature-bois-concept.com\/magazine\/wp-json\/wp\/v2\/comments?post=4143"}],"version-history":[{"count":26,"href":"https:\/\/www.nature-bois-concept.com\/magazine\/wp-json\/wp\/v2\/pages\/4143\/revisions"}],"predecessor-version":[{"id":7846,"href":"https:\/\/www.nature-bois-concept.com\/magazine\/wp-json\/wp\/v2\/pages\/4143\/revisions\/7846"}],"up":[{"embeddable":true,"href":"https:\/\/www.nature-bois-concept.com\/magazine\/wp-json\/wp\/v2\/pages\/575"}],"wp:featuredmedia":[{"embeddable":true,"href":"https:\/\/www.nature-bois-concept.com\/magazine\/wp-json\/wp\/v2\/media\/4158"}],"wp:attachment":[{"href":"https:\/\/www.nature-bois-concept.com\/magazine\/wp-json\/wp\/v2\/media?parent=4143"}],"curies":[{"name":"wp","href":"https:\/\/api.w.org\/{rel}","templated":true}]}}