{"id":4103,"date":"2018-01-31T17:16:27","date_gmt":"2018-01-31T16:16:27","guid":{"rendered":"https:\/\/www.nature-bois-concept.com\/magazine\/?page_id=4103"},"modified":"2026-01-12T16:52:39","modified_gmt":"2026-01-12T15:52:39","slug":"une-terrasse-primo-accedant-cest-possible","status":"publish","type":"page","link":"https:\/\/www.nature-bois-concept.com\/magazine\/terrasse-bois\/guides\/avant-achat\/une-terrasse-primo-accedant-cest-possible\/","title":{"rendered":"Une terrasse bois quand on est primo acc\u00e9dant : c\u2019est possible !"},"content":{"rendered":"","protected":false},"excerpt":{"rendered":"","protected":false},"author":7,"featured_media":4111,"parent":563,"menu_order":0,"comment_status":"closed","ping_status":"closed","template":"","meta":{"_acf_changed":false,"footnotes":""},"acf":[],"yoast_head":"<!-- This site is optimized with the Yoast SEO plugin v22.4 - https:\/\/yoast.com\/wordpress\/plugins\/seo\/ -->\n<title>Une terrasse bois quand on est primo acc\u00e9dant : c\u2019est possible !<\/title>\n<meta name=\"description\" content=\"Quoi de mieux qu&#039;une terrasse pour s&#039;approprier les lieux... Voici quelques conseils pour choisir sa terrasse bois \u00e0 bas prix, sans oublier la qualit\u00e9\u00a0!\" \/>\n<meta name=\"robots\" content=\"index, follow, max-snippet:-1, max-image-preview:large, max-video-preview:-1\" \/>\n<link rel=\"canonical\" href=\"https:\/\/www.nature-bois-concept.com\/magazine\/terrasse-bois\/guides\/avant-achat\/une-terrasse-primo-accedant-cest-possible\/\" \/>\n<meta property=\"og:locale\" content=\"fr_FR\" \/>\n<meta property=\"og:type\" content=\"article\" \/>\n<meta property=\"og:title\" content=\"Une terrasse bois quand on est primo acc\u00e9dant : c\u2019est possible !\" \/>\n<meta property=\"og:description\" content=\"En tant que primo acc\u00e9dant, on h\u00e9site parfois \u00e0 r\u00e9aliser certains am\u00e9nagements. Mais entre acheter une simple maison, et cr\u00e9er son \u00ab\u00a0chez soi\u00a0\u00bb il y a une diff\u00e9rence ! Quoi de mieux qu&#039;une terrasse pour s&#039;approprier les lieux... Voici quelques conseils pour choisir sa terrasse bois \u00e0 bas prix, sans oublier la qualit\u00e9\u00a0!\" \/>\n<meta property=\"og:url\" content=\"https:\/\/www.nature-bois-concept.com\/magazine\/terrasse-bois\/guides\/avant-achat\/une-terrasse-primo-accedant-cest-possible\/\" \/>\n<meta property=\"og:site_name\" content=\"Magazine Nature Bois Concept\" \/>\n<meta property=\"article:publisher\" content=\"https:\/\/www.facebook.com\/Nature-Bois-Concept-1596307970584169\/\" \/>\n<meta property=\"article:modified_time\" content=\"2026-01-12T15:52:39+00:00\" \/>\n<meta property=\"og:image\" content=\"https:\/\/www.nature-bois-concept.com\/magazine\/wp-content\/uploads\/2018\/01\/iStock-521529428-e1517409623156.jpg\" \/>\n\t<meta property=\"og:image:width\" content=\"900\" \/>\n\t<meta property=\"og:image:height\" content=\"601\" \/>\n\t<meta property=\"og:image:type\" content=\"image\/jpeg\" \/>\n<meta name=\"twitter:card\" content=\"summary_large_image\" \/>\n<meta name=\"twitter:description\" content=\"En tant que primo acc\u00e9dant, on h\u00e9site parfois \u00e0 r\u00e9aliser certains am\u00e9nagements. Mais entre acheter une simple maison, et cr\u00e9er son \u00ab\u00a0chez soi\u00a0\u00bb il y a une diff\u00e9rence ! Quoi de mieux qu&#039;une terrasse pour s&#039;approprier les lieux... Voici quelques conseils pour choisir sa terrasse bois \u00e0 bas prix, sans oublier la qualit\u00e9\u00a0!\" \/>\n<meta name=\"twitter:image\" content=\"https:\/\/res.cloudinary.com\/nature-bois-concept\/image\/upload\/fl_any_format,q_auto,c_scale,c_limit,w_1200,f_auto\/www.nature-bois-concept.com\/magazine\/wp-content\/uploads\/2018\/01\/iStock-521529428-e1517409623156.jpg\" \/>\n<meta name=\"twitter:site\" content=\"@nbc_bois\" \/>\n<meta name=\"twitter:label1\" content=\"Dur\u00e9e de lecture estim\u00e9e\" \/>\n\t<meta name=\"twitter:data1\" content=\"1 minute\" \/>\n<script type=\"application\/ld+json\" class=\"yoast-schema-graph\">{\"@context\":\"https:\/\/schema.org\",\"@graph\":[{\"@type\":\"WebPage\",\"@id\":\"https:\/\/www.nature-bois-concept.com\/magazine\/terrasse-bois\/guides\/avant-achat\/une-terrasse-primo-accedant-cest-possible\/\",\"url\":\"https:\/\/www.nature-bois-concept.com\/magazine\/terrasse-bois\/guides\/avant-achat\/une-terrasse-primo-accedant-cest-possible\/\",\"name\":\"Une terrasse bois quand on est primo acc\u00e9dant : c\u2019est possible !\",\"isPartOf\":{\"@id\":\"https:\/\/www.nature-bois-concept.com\/magazine\/#website\"},\"primaryImageOfPage\":{\"@id\":\"https:\/\/www.nature-bois-concept.com\/magazine\/terrasse-bois\/guides\/avant-achat\/une-terrasse-primo-accedant-cest-possible\/#primaryimage\"},\"image\":{\"@id\":\"https:\/\/www.nature-bois-concept.com\/magazine\/terrasse-bois\/guides\/avant-achat\/une-terrasse-primo-accedant-cest-possible\/#primaryimage\"},\"thumbnailUrl\":\"https:\/\/www.nature-bois-concept.com\/magazine\/wp-content\/uploads\/2018\/01\/iStock-521529428-e1517409623156.jpg\",\"datePublished\":\"2018-01-31T16:16:27+00:00\",\"dateModified\":\"2026-01-12T15:52:39+00:00\",\"description\":\"Quoi de mieux qu'une terrasse pour s'approprier les lieux... Voici quelques conseils pour choisir sa terrasse bois \u00e0 bas prix, sans oublier la qualit\u00e9\u00a0!\",\"breadcrumb\":{\"@id\":\"https:\/\/www.nature-bois-concept.com\/magazine\/terrasse-bois\/guides\/avant-achat\/une-terrasse-primo-accedant-cest-possible\/#breadcrumb\"},\"inLanguage\":\"fr-FR\",\"potentialAction\":[{\"@type\":\"ReadAction\",\"target\":[\"https:\/\/www.nature-bois-concept.com\/magazine\/terrasse-bois\/guides\/avant-achat\/une-terrasse-primo-accedant-cest-possible\/\"]}]},{\"@type\":\"ImageObject\",\"inLanguage\":\"fr-FR\",\"@id\":\"https:\/\/www.nature-bois-concept.com\/magazine\/terrasse-bois\/guides\/avant-achat\/une-terrasse-primo-accedant-cest-possible\/#primaryimage\",\"url\":\"https:\/\/www.nature-bois-concept.com\/magazine\/wp-content\/uploads\/2018\/01\/iStock-521529428-e1517409623156.jpg\",\"contentUrl\":\"https:\/\/www.nature-bois-concept.com\/magazine\/wp-content\/uploads\/2018\/01\/iStock-521529428-e1517409623156.jpg\",\"width\":900,\"height\":601,\"caption\":\"terrasse bois\"},{\"@type\":\"BreadcrumbList\",\"@id\":\"https:\/\/www.nature-bois-concept.com\/magazine\/terrasse-bois\/guides\/avant-achat\/une-terrasse-primo-accedant-cest-possible\/#breadcrumb\",\"itemListElement\":[{\"@type\":\"ListItem\",\"position\":1,\"name\":\"Magazine NBC\",\"item\":\"https:\/\/www.nature-bois-concept.com\/magazine\/\"},{\"@type\":\"ListItem\",\"position\":2,\"name\":\"Terrasse bois\",\"item\":\"https:\/\/www.nature-bois-concept.com\/magazine\/terrasse-bois\/\"},{\"@type\":\"ListItem\",\"position\":3,\"name\":\"Nos guides sur la Terrasse\",\"item\":\"https:\/\/www.nature-bois-concept.com\/magazine\/terrasse-bois\/guides\/\"},{\"@type\":\"ListItem\",\"position\":4,\"name\":\"Tout ce qu&rsquo;il faut savoir avant l&rsquo;achat de sa Terrasse\",\"item\":\"https:\/\/www.nature-bois-concept.com\/magazine\/terrasse-bois\/guides\/avant-achat\/\"},{\"@type\":\"ListItem\",\"position\":5,\"name\":\"Une terrasse bois quand on est primo acc\u00e9dant : c\u2019est possible !\"}]},{\"@type\":\"WebSite\",\"@id\":\"https:\/\/www.nature-bois-concept.com\/magazine\/#website\",\"url\":\"https:\/\/www.nature-bois-concept.com\/magazine\/\",\"name\":\"Magazine Nature Bois Concept\",\"description\":\"En association avec Nature Bois Concept\",\"potentialAction\":[{\"@type\":\"SearchAction\",\"target\":{\"@type\":\"EntryPoint\",\"urlTemplate\":\"https:\/\/www.nature-bois-concept.com\/magazine\/?s={search_term_string}\"},\"query-input\":\"required name=search_term_string\"}],\"inLanguage\":\"fr-FR\"}]}<\/script>\n<!-- \/ Yoast SEO plugin. -->","yoast_head_json":{"title":"Une terrasse bois quand on est primo acc\u00e9dant : c\u2019est possible !","description":"Quoi de mieux qu'une terrasse pour s'approprier les lieux... Voici quelques conseils pour choisir sa terrasse bois \u00e0 bas prix, sans oublier la qualit\u00e9\u00a0!","robots":{"index":"index","follow":"follow","max-snippet":"max-snippet:-1","max-image-preview":"max-image-preview:large","max-video-preview":"max-video-preview:-1"},"canonical":"https:\/\/www.nature-bois-concept.com\/magazine\/terrasse-bois\/guides\/avant-achat\/une-terrasse-primo-accedant-cest-possible\/","og_locale":"fr_FR","og_type":"article","og_title":"Une terrasse bois quand on est primo acc\u00e9dant : c\u2019est possible !","og_description":"En tant que primo acc\u00e9dant, on h\u00e9site parfois \u00e0 r\u00e9aliser certains am\u00e9nagements. Mais entre acheter une simple maison, et cr\u00e9er son \u00ab\u00a0chez soi\u00a0\u00bb il y a une diff\u00e9rence ! Quoi de mieux qu'une terrasse pour s'approprier les lieux... Voici quelques conseils pour choisir sa terrasse bois \u00e0 bas prix, sans oublier la qualit\u00e9\u00a0!","og_url":"https:\/\/www.nature-bois-concept.com\/magazine\/terrasse-bois\/guides\/avant-achat\/une-terrasse-primo-accedant-cest-possible\/","og_site_name":"Magazine Nature Bois Concept","article_publisher":"https:\/\/www.facebook.com\/Nature-Bois-Concept-1596307970584169\/","article_modified_time":"2026-01-12T15:52:39+00:00","og_image":[{"width":900,"height":601,"url":"https:\/\/www.nature-bois-concept.com\/magazine\/wp-content\/uploads\/2018\/01\/iStock-521529428-e1517409623156.jpg","type":"image\/jpeg"}],"twitter_card":"summary_large_image","twitter_description":"En tant que primo acc\u00e9dant, on h\u00e9site parfois \u00e0 r\u00e9aliser certains am\u00e9nagements. Mais entre acheter une simple maison, et cr\u00e9er son \u00ab\u00a0chez soi\u00a0\u00bb il y a une diff\u00e9rence ! Quoi de mieux qu'une terrasse pour s'approprier les lieux... Voici quelques conseils pour choisir sa terrasse bois \u00e0 bas prix, sans oublier la qualit\u00e9\u00a0!","twitter_image":"https:\/\/res.cloudinary.com\/nature-bois-concept\/image\/upload\/fl_any_format,q_auto,c_scale,c_limit,w_1200,f_auto\/www.nature-bois-concept.com\/magazine\/wp-content\/uploads\/2018\/01\/iStock-521529428-e1517409623156.jpg","twitter_site":"@nbc_bois","twitter_misc":{"Dur\u00e9e de lecture estim\u00e9e":"1 minute"},"schema":{"@context":"https:\/\/schema.org","@graph":[{"@type":"WebPage","@id":"https:\/\/www.nature-bois-concept.com\/magazine\/terrasse-bois\/guides\/avant-achat\/une-terrasse-primo-accedant-cest-possible\/","url":"https:\/\/www.nature-bois-concept.com\/magazine\/terrasse-bois\/guides\/avant-achat\/une-terrasse-primo-accedant-cest-possible\/","name":"Une terrasse bois quand on est primo acc\u00e9dant : c\u2019est possible !","isPartOf":{"@id":"https:\/\/www.nature-bois-concept.com\/magazine\/#website"},"primaryImageOfPage":{"@id":"https:\/\/www.nature-bois-concept.com\/magazine\/terrasse-bois\/guides\/avant-achat\/une-terrasse-primo-accedant-cest-possible\/#primaryimage"},"image":{"@id":"https:\/\/www.nature-bois-concept.com\/magazine\/terrasse-bois\/guides\/avant-achat\/une-terrasse-primo-accedant-cest-possible\/#primaryimage"},"thumbnailUrl":"https:\/\/www.nature-bois-concept.com\/magazine\/wp-content\/uploads\/2018\/01\/iStock-521529428-e1517409623156.jpg","datePublished":"2018-01-31T16:16:27+00:00","dateModified":"2026-01-12T15:52:39+00:00","description":"Quoi de mieux qu'une terrasse pour s'approprier les lieux... Voici quelques conseils pour choisir sa terrasse bois \u00e0 bas prix, sans oublier la qualit\u00e9\u00a0!","breadcrumb":{"@id":"https:\/\/www.nature-bois-concept.com\/magazine\/terrasse-bois\/guides\/avant-achat\/une-terrasse-primo-accedant-cest-possible\/#breadcrumb"},"inLanguage":"fr-FR","potentialAction":[{"@type":"ReadAction","target":["https:\/\/www.nature-bois-concept.com\/magazine\/terrasse-bois\/guides\/avant-achat\/une-terrasse-primo-accedant-cest-possible\/"]}]},{"@type":"ImageObject","inLanguage":"fr-FR","@id":"https:\/\/www.nature-bois-concept.com\/magazine\/terrasse-bois\/guides\/avant-achat\/une-terrasse-primo-accedant-cest-possible\/#primaryimage","url":"https:\/\/www.nature-bois-concept.com\/magazine\/wp-content\/uploads\/2018\/01\/iStock-521529428-e1517409623156.jpg","contentUrl":"https:\/\/www.nature-bois-concept.com\/magazine\/wp-content\/uploads\/2018\/01\/iStock-521529428-e1517409623156.jpg","width":900,"height":601,"caption":"terrasse bois"},{"@type":"BreadcrumbList","@id":"https:\/\/www.nature-bois-concept.com\/magazine\/terrasse-bois\/guides\/avant-achat\/une-terrasse-primo-accedant-cest-possible\/#breadcrumb","itemListElement":[{"@type":"ListItem","position":1,"name":"Magazine NBC","item":"https:\/\/www.nature-bois-concept.com\/magazine\/"},{"@type":"ListItem","position":2,"name":"Terrasse bois","item":"https:\/\/www.nature-bois-concept.com\/magazine\/terrasse-bois\/"},{"@type":"ListItem","position":3,"name":"Nos guides sur la Terrasse","item":"https:\/\/www.nature-bois-concept.com\/magazine\/terrasse-bois\/guides\/"},{"@type":"ListItem","position":4,"name":"Tout ce qu&rsquo;il faut savoir avant l&rsquo;achat de sa Terrasse","item":"https:\/\/www.nature-bois-concept.com\/magazine\/terrasse-bois\/guides\/avant-achat\/"},{"@type":"ListItem","position":5,"name":"Une terrasse bois quand on est primo acc\u00e9dant : c\u2019est possible !"}]},{"@type":"WebSite","@id":"https:\/\/www.nature-bois-concept.com\/magazine\/#website","url":"https:\/\/www.nature-bois-concept.com\/magazine\/","name":"Magazine Nature Bois Concept","description":"En association avec Nature Bois Concept","potentialAction":[{"@type":"SearchAction","target":{"@type":"EntryPoint","urlTemplate":"https:\/\/www.nature-bois-concept.com\/magazine\/?s={search_term_string}"},"query-input":"required name=search_term_string"}],"inLanguage":"fr-FR"}]}},"_links":{"self":[{"href":"https:\/\/www.nature-bois-concept.com\/magazine\/wp-json\/wp\/v2\/pages\/4103"}],"collection":[{"href":"https:\/\/www.nature-bois-concept.com\/magazine\/wp-json\/wp\/v2\/pages"}],"about":[{"href":"https:\/\/www.nature-bois-concept.com\/magazine\/wp-json\/wp\/v2\/types\/page"}],"author":[{"embeddable":true,"href":"https:\/\/www.nature-bois-concept.com\/magazine\/wp-json\/wp\/v2\/users\/7"}],"replies":[{"embeddable":true,"href":"https:\/\/www.nature-bois-concept.com\/magazine\/wp-json\/wp\/v2\/comments?post=4103"}],"version-history":[{"count":22,"href":"https:\/\/www.nature-bois-concept.com\/magazine\/wp-json\/wp\/v2\/pages\/4103\/revisions"}],"predecessor-version":[{"id":8118,"href":"https:\/\/www.nature-bois-concept.com\/magazine\/wp-json\/wp\/v2\/pages\/4103\/revisions\/8118"}],"up":[{"embeddable":true,"href":"https:\/\/www.nature-bois-concept.com\/magazine\/wp-json\/wp\/v2\/pages\/563"}],"wp:featuredmedia":[{"embeddable":true,"href":"https:\/\/www.nature-bois-concept.com\/magazine\/wp-json\/wp\/v2\/media\/4111"}],"wp:attachment":[{"href":"https:\/\/www.nature-bois-concept.com\/magazine\/wp-json\/wp\/v2\/media?parent=4103"}],"curies":[{"name":"wp","href":"https:\/\/api.w.org\/{rel}","templated":true}]}}