{"id":4082,"date":"2018-01-24T14:27:25","date_gmt":"2018-01-24T13:27:25","guid":{"rendered":"https:\/\/www.nature-bois-concept.com\/magazine\/?page_id=4082"},"modified":"2018-01-24T14:27:25","modified_gmt":"2018-01-24T13:27:25","slug":"sechage-differences","status":"publish","type":"page","link":"https:\/\/www.nature-bois-concept.com\/magazine\/guide-bois\/actualites\/sechage-differences\/","title":{"rendered":"S\u00e9chage naturel contre s\u00e9chage en s\u00e9choir : quelles r\u00e9elles diff\u00e9rences ?"},"content":{"rendered":"","protected":false},"excerpt":{"rendered":"","protected":false},"author":7,"featured_media":4087,"parent":624,"menu_order":0,"comment_status":"closed","ping_status":"closed","template":"","meta":{"_acf_changed":false,"footnotes":""},"acf":[],"yoast_head":"<!-- This site is optimized with the Yoast SEO plugin v22.4 - https:\/\/yoast.com\/wordpress\/plugins\/seo\/ -->\n<title>S\u00e9chage naturel contre s\u00e9chage en s\u00e9choir : quelles r\u00e9elles diff\u00e9rences ?<\/title>\n<meta name=\"description\" content=\"Le s\u00e9chage du bois est un aspect important qui influe sur la qualit\u00e9 du bois. Mais quelles diff\u00e9rences entre les techniques ? Nous allons vous le dire !\" \/>\n<meta name=\"robots\" content=\"index, follow, max-snippet:-1, max-image-preview:large, max-video-preview:-1\" \/>\n<link rel=\"canonical\" href=\"https:\/\/www.nature-bois-concept.com\/magazine\/guide-bois\/actualites\/sechage-differences\/\" \/>\n<meta property=\"og:locale\" content=\"fr_FR\" \/>\n<meta property=\"og:type\" content=\"article\" \/>\n<meta property=\"og:title\" content=\"S\u00e9chage naturel contre s\u00e9chage en s\u00e9choir : quelles r\u00e9elles diff\u00e9rences ?\" \/>\n<meta property=\"og:description\" content=\"Le s\u00e9chage du bois est un aspect important qui influe sur la qualit\u00e9 du bois. Mais quelles diff\u00e9rences entre les techniques ? Nous allons vous le dire !\" \/>\n<meta property=\"og:url\" content=\"https:\/\/www.nature-bois-concept.com\/magazine\/guide-bois\/actualites\/sechage-differences\/\" \/>\n<meta property=\"og:site_name\" content=\"Magazine Nature Bois Concept\" \/>\n<meta property=\"article:publisher\" content=\"https:\/\/www.facebook.com\/Nature-Bois-Concept-1596307970584169\/\" \/>\n<meta property=\"og:image\" content=\"https:\/\/www.nature-bois-concept.com\/magazine\/wp-content\/uploads\/2018\/01\/iStock-176689552-e1516800499508.jpg\" \/>\n\t<meta property=\"og:image:width\" content=\"984\" \/>\n\t<meta property=\"og:image:height\" content=\"656\" \/>\n\t<meta property=\"og:image:type\" content=\"image\/jpeg\" \/>\n<meta name=\"twitter:card\" content=\"summary_large_image\" \/>\n<meta name=\"twitter:site\" content=\"@nbc_bois\" \/>\n<script type=\"application\/ld+json\" class=\"yoast-schema-graph\">{\"@context\":\"https:\/\/schema.org\",\"@graph\":[{\"@type\":\"WebPage\",\"@id\":\"https:\/\/www.nature-bois-concept.com\/magazine\/guide-bois\/actualites\/sechage-differences\/\",\"url\":\"https:\/\/www.nature-bois-concept.com\/magazine\/guide-bois\/actualites\/sechage-differences\/\",\"name\":\"S\u00e9chage naturel contre s\u00e9chage en s\u00e9choir : quelles r\u00e9elles diff\u00e9rences ?\",\"isPartOf\":{\"@id\":\"https:\/\/www.nature-bois-concept.com\/magazine\/#website\"},\"primaryImageOfPage\":{\"@id\":\"https:\/\/www.nature-bois-concept.com\/magazine\/guide-bois\/actualites\/sechage-differences\/#primaryimage\"},\"image\":{\"@id\":\"https:\/\/www.nature-bois-concept.com\/magazine\/guide-bois\/actualites\/sechage-differences\/#primaryimage\"},\"thumbnailUrl\":\"https:\/\/www.nature-bois-concept.com\/magazine\/wp-content\/uploads\/2018\/01\/iStock-176689552-e1516800499508.jpg\",\"datePublished\":\"2018-01-24T13:27:25+00:00\",\"dateModified\":\"2018-01-24T13:27:25+00:00\",\"description\":\"Le s\u00e9chage du bois est un aspect important qui influe sur la qualit\u00e9 du bois. Mais quelles diff\u00e9rences entre les techniques ? Nous allons vous le dire !\",\"breadcrumb\":{\"@id\":\"https:\/\/www.nature-bois-concept.com\/magazine\/guide-bois\/actualites\/sechage-differences\/#breadcrumb\"},\"inLanguage\":\"fr-FR\",\"potentialAction\":[{\"@type\":\"ReadAction\",\"target\":[\"https:\/\/www.nature-bois-concept.com\/magazine\/guide-bois\/actualites\/sechage-differences\/\"]}]},{\"@type\":\"ImageObject\",\"inLanguage\":\"fr-FR\",\"@id\":\"https:\/\/www.nature-bois-concept.com\/magazine\/guide-bois\/actualites\/sechage-differences\/#primaryimage\",\"url\":\"https:\/\/www.nature-bois-concept.com\/magazine\/wp-content\/uploads\/2018\/01\/iStock-176689552-e1516800499508.jpg\",\"contentUrl\":\"https:\/\/www.nature-bois-concept.com\/magazine\/wp-content\/uploads\/2018\/01\/iStock-176689552-e1516800499508.jpg\",\"width\":984,\"height\":656,\"caption\":\"S\u00e9chage de quelques lames de bois.\"},{\"@type\":\"BreadcrumbList\",\"@id\":\"https:\/\/www.nature-bois-concept.com\/magazine\/guide-bois\/actualites\/sechage-differences\/#breadcrumb\",\"itemListElement\":[{\"@type\":\"ListItem\",\"position\":1,\"name\":\"Magazine NBC\",\"item\":\"https:\/\/www.nature-bois-concept.com\/magazine\/\"},{\"@type\":\"ListItem\",\"position\":2,\"name\":\"Guide Bois\",\"item\":\"https:\/\/www.nature-bois-concept.com\/magazine\/guide-bois\/\"},{\"@type\":\"ListItem\",\"position\":3,\"name\":\"Article Guide Bois\",\"item\":\"https:\/\/www.nature-bois-concept.com\/magazine\/guide-bois\/actualites\/\"},{\"@type\":\"ListItem\",\"position\":4,\"name\":\"S\u00e9chage naturel contre s\u00e9chage en s\u00e9choir : quelles r\u00e9elles diff\u00e9rences ?\"}]},{\"@type\":\"WebSite\",\"@id\":\"https:\/\/www.nature-bois-concept.com\/magazine\/#website\",\"url\":\"https:\/\/www.nature-bois-concept.com\/magazine\/\",\"name\":\"Magazine Nature Bois Concept\",\"description\":\"En association avec Nature Bois Concept\",\"potentialAction\":[{\"@type\":\"SearchAction\",\"target\":{\"@type\":\"EntryPoint\",\"urlTemplate\":\"https:\/\/www.nature-bois-concept.com\/magazine\/?s={search_term_string}\"},\"query-input\":\"required name=search_term_string\"}],\"inLanguage\":\"fr-FR\"}]}<\/script>\n<!-- \/ Yoast SEO plugin. -->","yoast_head_json":{"title":"S\u00e9chage naturel contre s\u00e9chage en s\u00e9choir : quelles r\u00e9elles diff\u00e9rences ?","description":"Le s\u00e9chage du bois est un aspect important qui influe sur la qualit\u00e9 du bois. Mais quelles diff\u00e9rences entre les techniques ? Nous allons vous le dire !","robots":{"index":"index","follow":"follow","max-snippet":"max-snippet:-1","max-image-preview":"max-image-preview:large","max-video-preview":"max-video-preview:-1"},"canonical":"https:\/\/www.nature-bois-concept.com\/magazine\/guide-bois\/actualites\/sechage-differences\/","og_locale":"fr_FR","og_type":"article","og_title":"S\u00e9chage naturel contre s\u00e9chage en s\u00e9choir : quelles r\u00e9elles diff\u00e9rences ?","og_description":"Le s\u00e9chage du bois est un aspect important qui influe sur la qualit\u00e9 du bois. Mais quelles diff\u00e9rences entre les techniques ? Nous allons vous le dire !","og_url":"https:\/\/www.nature-bois-concept.com\/magazine\/guide-bois\/actualites\/sechage-differences\/","og_site_name":"Magazine Nature Bois Concept","article_publisher":"https:\/\/www.facebook.com\/Nature-Bois-Concept-1596307970584169\/","og_image":[{"width":984,"height":656,"url":"https:\/\/www.nature-bois-concept.com\/magazine\/wp-content\/uploads\/2018\/01\/iStock-176689552-e1516800499508.jpg","type":"image\/jpeg"}],"twitter_card":"summary_large_image","twitter_site":"@nbc_bois","schema":{"@context":"https:\/\/schema.org","@graph":[{"@type":"WebPage","@id":"https:\/\/www.nature-bois-concept.com\/magazine\/guide-bois\/actualites\/sechage-differences\/","url":"https:\/\/www.nature-bois-concept.com\/magazine\/guide-bois\/actualites\/sechage-differences\/","name":"S\u00e9chage naturel contre s\u00e9chage en s\u00e9choir : quelles r\u00e9elles diff\u00e9rences ?","isPartOf":{"@id":"https:\/\/www.nature-bois-concept.com\/magazine\/#website"},"primaryImageOfPage":{"@id":"https:\/\/www.nature-bois-concept.com\/magazine\/guide-bois\/actualites\/sechage-differences\/#primaryimage"},"image":{"@id":"https:\/\/www.nature-bois-concept.com\/magazine\/guide-bois\/actualites\/sechage-differences\/#primaryimage"},"thumbnailUrl":"https:\/\/www.nature-bois-concept.com\/magazine\/wp-content\/uploads\/2018\/01\/iStock-176689552-e1516800499508.jpg","datePublished":"2018-01-24T13:27:25+00:00","dateModified":"2018-01-24T13:27:25+00:00","description":"Le s\u00e9chage du bois est un aspect important qui influe sur la qualit\u00e9 du bois. Mais quelles diff\u00e9rences entre les techniques ? Nous allons vous le dire !","breadcrumb":{"@id":"https:\/\/www.nature-bois-concept.com\/magazine\/guide-bois\/actualites\/sechage-differences\/#breadcrumb"},"inLanguage":"fr-FR","potentialAction":[{"@type":"ReadAction","target":["https:\/\/www.nature-bois-concept.com\/magazine\/guide-bois\/actualites\/sechage-differences\/"]}]},{"@type":"ImageObject","inLanguage":"fr-FR","@id":"https:\/\/www.nature-bois-concept.com\/magazine\/guide-bois\/actualites\/sechage-differences\/#primaryimage","url":"https:\/\/www.nature-bois-concept.com\/magazine\/wp-content\/uploads\/2018\/01\/iStock-176689552-e1516800499508.jpg","contentUrl":"https:\/\/www.nature-bois-concept.com\/magazine\/wp-content\/uploads\/2018\/01\/iStock-176689552-e1516800499508.jpg","width":984,"height":656,"caption":"S\u00e9chage de quelques lames de bois."},{"@type":"BreadcrumbList","@id":"https:\/\/www.nature-bois-concept.com\/magazine\/guide-bois\/actualites\/sechage-differences\/#breadcrumb","itemListElement":[{"@type":"ListItem","position":1,"name":"Magazine NBC","item":"https:\/\/www.nature-bois-concept.com\/magazine\/"},{"@type":"ListItem","position":2,"name":"Guide Bois","item":"https:\/\/www.nature-bois-concept.com\/magazine\/guide-bois\/"},{"@type":"ListItem","position":3,"name":"Article Guide Bois","item":"https:\/\/www.nature-bois-concept.com\/magazine\/guide-bois\/actualites\/"},{"@type":"ListItem","position":4,"name":"S\u00e9chage naturel contre s\u00e9chage en s\u00e9choir : quelles r\u00e9elles diff\u00e9rences ?"}]},{"@type":"WebSite","@id":"https:\/\/www.nature-bois-concept.com\/magazine\/#website","url":"https:\/\/www.nature-bois-concept.com\/magazine\/","name":"Magazine Nature Bois Concept","description":"En association avec Nature Bois Concept","potentialAction":[{"@type":"SearchAction","target":{"@type":"EntryPoint","urlTemplate":"https:\/\/www.nature-bois-concept.com\/magazine\/?s={search_term_string}"},"query-input":"required name=search_term_string"}],"inLanguage":"fr-FR"}]}},"_links":{"self":[{"href":"https:\/\/www.nature-bois-concept.com\/magazine\/wp-json\/wp\/v2\/pages\/4082"}],"collection":[{"href":"https:\/\/www.nature-bois-concept.com\/magazine\/wp-json\/wp\/v2\/pages"}],"about":[{"href":"https:\/\/www.nature-bois-concept.com\/magazine\/wp-json\/wp\/v2\/types\/page"}],"author":[{"embeddable":true,"href":"https:\/\/www.nature-bois-concept.com\/magazine\/wp-json\/wp\/v2\/users\/7"}],"replies":[{"embeddable":true,"href":"https:\/\/www.nature-bois-concept.com\/magazine\/wp-json\/wp\/v2\/comments?post=4082"}],"version-history":[{"count":6,"href":"https:\/\/www.nature-bois-concept.com\/magazine\/wp-json\/wp\/v2\/pages\/4082\/revisions"}],"predecessor-version":[{"id":4090,"href":"https:\/\/www.nature-bois-concept.com\/magazine\/wp-json\/wp\/v2\/pages\/4082\/revisions\/4090"}],"up":[{"embeddable":true,"href":"https:\/\/www.nature-bois-concept.com\/magazine\/wp-json\/wp\/v2\/pages\/624"}],"wp:featuredmedia":[{"embeddable":true,"href":"https:\/\/www.nature-bois-concept.com\/magazine\/wp-json\/wp\/v2\/media\/4087"}],"wp:attachment":[{"href":"https:\/\/www.nature-bois-concept.com\/magazine\/wp-json\/wp\/v2\/media?parent=4082"}],"curies":[{"name":"wp","href":"https:\/\/api.w.org\/{rel}","templated":true}]}}