{"id":4036,"date":"2017-11-24T17:04:18","date_gmt":"2017-11-24T16:04:18","guid":{"rendered":"https:\/\/www.nature-bois-concept.com\/magazine\/?page_id=4036"},"modified":"2017-12-20T18:31:46","modified_gmt":"2017-12-20T17:31:46","slug":"bois-dexterieur-ou-dinterieur","status":"publish","type":"page","link":"https:\/\/www.nature-bois-concept.com\/magazine\/guide-bois\/actualites\/bois-dexterieur-ou-dinterieur\/","title":{"rendered":"Bois d\u2019ext\u00e9rieur ou bois d\u2019int\u00e9rieur : la diff\u00e9rence expliqu\u00e9e !"},"content":{"rendered":"","protected":false},"excerpt":{"rendered":"","protected":false},"author":7,"featured_media":4046,"parent":624,"menu_order":0,"comment_status":"closed","ping_status":"closed","template":"","meta":{"_acf_changed":false,"footnotes":""},"acf":[],"yoast_head":"<!-- This site is optimized with the Yoast SEO plugin v22.4 - https:\/\/yoast.com\/wordpress\/plugins\/seo\/ -->\n<title>Bois d\u2019ext\u00e9rieur ou bois d\u2019int\u00e9rieur : la diff\u00e9rence expliqu\u00e9e !<\/title>\n<meta name=\"description\" content=\"Terrasses ou parquets, nombreux sont les ouvrages en bois\u00a0! Mais quelle est la diff\u00e9rence entre un bois d\u2019int\u00e9rieur d\u2019un bois d\u2019ext\u00e9rieur\u00a0? La r\u00e9ponse ici!\" \/>\n<meta name=\"robots\" content=\"index, follow, max-snippet:-1, max-image-preview:large, max-video-preview:-1\" \/>\n<link rel=\"canonical\" href=\"https:\/\/www.nature-bois-concept.com\/magazine\/guide-bois\/actualites\/bois-dexterieur-ou-dinterieur\/\" \/>\n<meta property=\"og:locale\" content=\"fr_FR\" \/>\n<meta property=\"og:type\" content=\"article\" \/>\n<meta property=\"og:title\" content=\"Bois d\u2019ext\u00e9rieur ou bois d\u2019int\u00e9rieur : la diff\u00e9rence expliqu\u00e9e !\" \/>\n<meta property=\"og:description\" content=\"Terrasses ou parquets, nombreux sont les ouvrages en bois\u00a0! Mais quelle est la diff\u00e9rence entre un bois d\u2019int\u00e9rieur d\u2019un bois d\u2019ext\u00e9rieur\u00a0? La r\u00e9ponse ici!\" \/>\n<meta property=\"og:url\" content=\"https:\/\/www.nature-bois-concept.com\/magazine\/guide-bois\/actualites\/bois-dexterieur-ou-dinterieur\/\" \/>\n<meta property=\"og:site_name\" content=\"Magazine Nature Bois Concept\" \/>\n<meta property=\"article:publisher\" content=\"https:\/\/www.facebook.com\/Nature-Bois-Concept-1596307970584169\/\" \/>\n<meta property=\"article:modified_time\" content=\"2017-12-20T17:31:46+00:00\" \/>\n<meta property=\"og:image\" content=\"https:\/\/www.nature-bois-concept.com\/magazine\/wp-content\/uploads\/2017\/11\/photo-article-e1511542375712.jpg\" \/>\n\t<meta property=\"og:image:width\" content=\"500\" \/>\n\t<meta property=\"og:image:height\" content=\"334\" \/>\n\t<meta property=\"og:image:type\" content=\"image\/jpeg\" \/>\n<meta name=\"twitter:card\" content=\"summary_large_image\" \/>\n<meta name=\"twitter:site\" content=\"@nbc_bois\" \/>\n<script type=\"application\/ld+json\" class=\"yoast-schema-graph\">{\"@context\":\"https:\/\/schema.org\",\"@graph\":[{\"@type\":\"WebPage\",\"@id\":\"https:\/\/www.nature-bois-concept.com\/magazine\/guide-bois\/actualites\/bois-dexterieur-ou-dinterieur\/\",\"url\":\"https:\/\/www.nature-bois-concept.com\/magazine\/guide-bois\/actualites\/bois-dexterieur-ou-dinterieur\/\",\"name\":\"Bois d\u2019ext\u00e9rieur ou bois d\u2019int\u00e9rieur : la diff\u00e9rence expliqu\u00e9e !\",\"isPartOf\":{\"@id\":\"https:\/\/www.nature-bois-concept.com\/magazine\/#website\"},\"primaryImageOfPage\":{\"@id\":\"https:\/\/www.nature-bois-concept.com\/magazine\/guide-bois\/actualites\/bois-dexterieur-ou-dinterieur\/#primaryimage\"},\"image\":{\"@id\":\"https:\/\/www.nature-bois-concept.com\/magazine\/guide-bois\/actualites\/bois-dexterieur-ou-dinterieur\/#primaryimage\"},\"thumbnailUrl\":\"https:\/\/www.nature-bois-concept.com\/magazine\/wp-content\/uploads\/2017\/11\/photo-article-e1511542375712.jpg\",\"datePublished\":\"2017-11-24T16:04:18+00:00\",\"dateModified\":\"2017-12-20T17:31:46+00:00\",\"description\":\"Terrasses ou parquets, nombreux sont les ouvrages en bois\u00a0! Mais quelle est la diff\u00e9rence entre un bois d\u2019int\u00e9rieur d\u2019un bois d\u2019ext\u00e9rieur\u00a0? La r\u00e9ponse ici!\",\"breadcrumb\":{\"@id\":\"https:\/\/www.nature-bois-concept.com\/magazine\/guide-bois\/actualites\/bois-dexterieur-ou-dinterieur\/#breadcrumb\"},\"inLanguage\":\"fr-FR\",\"potentialAction\":[{\"@type\":\"ReadAction\",\"target\":[\"https:\/\/www.nature-bois-concept.com\/magazine\/guide-bois\/actualites\/bois-dexterieur-ou-dinterieur\/\"]}]},{\"@type\":\"ImageObject\",\"inLanguage\":\"fr-FR\",\"@id\":\"https:\/\/www.nature-bois-concept.com\/magazine\/guide-bois\/actualites\/bois-dexterieur-ou-dinterieur\/#primaryimage\",\"url\":\"https:\/\/www.nature-bois-concept.com\/magazine\/wp-content\/uploads\/2017\/11\/photo-article-e1511542375712.jpg\",\"contentUrl\":\"https:\/\/www.nature-bois-concept.com\/magazine\/wp-content\/uploads\/2017\/11\/photo-article-e1511542375712.jpg\",\"width\":500,\"height\":334,\"caption\":\"timber wood brown oak panels used as backgroundtimber wood brown oak panels used as background\"},{\"@type\":\"BreadcrumbList\",\"@id\":\"https:\/\/www.nature-bois-concept.com\/magazine\/guide-bois\/actualites\/bois-dexterieur-ou-dinterieur\/#breadcrumb\",\"itemListElement\":[{\"@type\":\"ListItem\",\"position\":1,\"name\":\"Magazine NBC\",\"item\":\"https:\/\/www.nature-bois-concept.com\/magazine\/\"},{\"@type\":\"ListItem\",\"position\":2,\"name\":\"Guide Bois\",\"item\":\"https:\/\/www.nature-bois-concept.com\/magazine\/guide-bois\/\"},{\"@type\":\"ListItem\",\"position\":3,\"name\":\"Article Guide Bois\",\"item\":\"https:\/\/www.nature-bois-concept.com\/magazine\/guide-bois\/actualites\/\"},{\"@type\":\"ListItem\",\"position\":4,\"name\":\"Bois d\u2019ext\u00e9rieur ou bois d\u2019int\u00e9rieur : la diff\u00e9rence expliqu\u00e9e !\"}]},{\"@type\":\"WebSite\",\"@id\":\"https:\/\/www.nature-bois-concept.com\/magazine\/#website\",\"url\":\"https:\/\/www.nature-bois-concept.com\/magazine\/\",\"name\":\"Magazine Nature Bois Concept\",\"description\":\"En association avec Nature Bois Concept\",\"potentialAction\":[{\"@type\":\"SearchAction\",\"target\":{\"@type\":\"EntryPoint\",\"urlTemplate\":\"https:\/\/www.nature-bois-concept.com\/magazine\/?s={search_term_string}\"},\"query-input\":\"required name=search_term_string\"}],\"inLanguage\":\"fr-FR\"}]}<\/script>\n<!-- \/ Yoast SEO plugin. -->","yoast_head_json":{"title":"Bois d\u2019ext\u00e9rieur ou bois d\u2019int\u00e9rieur : la diff\u00e9rence expliqu\u00e9e !","description":"Terrasses ou parquets, nombreux sont les ouvrages en bois\u00a0! Mais quelle est la diff\u00e9rence entre un bois d\u2019int\u00e9rieur d\u2019un bois d\u2019ext\u00e9rieur\u00a0? La r\u00e9ponse ici!","robots":{"index":"index","follow":"follow","max-snippet":"max-snippet:-1","max-image-preview":"max-image-preview:large","max-video-preview":"max-video-preview:-1"},"canonical":"https:\/\/www.nature-bois-concept.com\/magazine\/guide-bois\/actualites\/bois-dexterieur-ou-dinterieur\/","og_locale":"fr_FR","og_type":"article","og_title":"Bois d\u2019ext\u00e9rieur ou bois d\u2019int\u00e9rieur : la diff\u00e9rence expliqu\u00e9e !","og_description":"Terrasses ou parquets, nombreux sont les ouvrages en bois\u00a0! Mais quelle est la diff\u00e9rence entre un bois d\u2019int\u00e9rieur d\u2019un bois d\u2019ext\u00e9rieur\u00a0? La r\u00e9ponse ici!","og_url":"https:\/\/www.nature-bois-concept.com\/magazine\/guide-bois\/actualites\/bois-dexterieur-ou-dinterieur\/","og_site_name":"Magazine Nature Bois Concept","article_publisher":"https:\/\/www.facebook.com\/Nature-Bois-Concept-1596307970584169\/","article_modified_time":"2017-12-20T17:31:46+00:00","og_image":[{"width":500,"height":334,"url":"https:\/\/www.nature-bois-concept.com\/magazine\/wp-content\/uploads\/2017\/11\/photo-article-e1511542375712.jpg","type":"image\/jpeg"}],"twitter_card":"summary_large_image","twitter_site":"@nbc_bois","schema":{"@context":"https:\/\/schema.org","@graph":[{"@type":"WebPage","@id":"https:\/\/www.nature-bois-concept.com\/magazine\/guide-bois\/actualites\/bois-dexterieur-ou-dinterieur\/","url":"https:\/\/www.nature-bois-concept.com\/magazine\/guide-bois\/actualites\/bois-dexterieur-ou-dinterieur\/","name":"Bois d\u2019ext\u00e9rieur ou bois d\u2019int\u00e9rieur : la diff\u00e9rence expliqu\u00e9e !","isPartOf":{"@id":"https:\/\/www.nature-bois-concept.com\/magazine\/#website"},"primaryImageOfPage":{"@id":"https:\/\/www.nature-bois-concept.com\/magazine\/guide-bois\/actualites\/bois-dexterieur-ou-dinterieur\/#primaryimage"},"image":{"@id":"https:\/\/www.nature-bois-concept.com\/magazine\/guide-bois\/actualites\/bois-dexterieur-ou-dinterieur\/#primaryimage"},"thumbnailUrl":"https:\/\/www.nature-bois-concept.com\/magazine\/wp-content\/uploads\/2017\/11\/photo-article-e1511542375712.jpg","datePublished":"2017-11-24T16:04:18+00:00","dateModified":"2017-12-20T17:31:46+00:00","description":"Terrasses ou parquets, nombreux sont les ouvrages en bois\u00a0! Mais quelle est la diff\u00e9rence entre un bois d\u2019int\u00e9rieur d\u2019un bois d\u2019ext\u00e9rieur\u00a0? La r\u00e9ponse ici!","breadcrumb":{"@id":"https:\/\/www.nature-bois-concept.com\/magazine\/guide-bois\/actualites\/bois-dexterieur-ou-dinterieur\/#breadcrumb"},"inLanguage":"fr-FR","potentialAction":[{"@type":"ReadAction","target":["https:\/\/www.nature-bois-concept.com\/magazine\/guide-bois\/actualites\/bois-dexterieur-ou-dinterieur\/"]}]},{"@type":"ImageObject","inLanguage":"fr-FR","@id":"https:\/\/www.nature-bois-concept.com\/magazine\/guide-bois\/actualites\/bois-dexterieur-ou-dinterieur\/#primaryimage","url":"https:\/\/www.nature-bois-concept.com\/magazine\/wp-content\/uploads\/2017\/11\/photo-article-e1511542375712.jpg","contentUrl":"https:\/\/www.nature-bois-concept.com\/magazine\/wp-content\/uploads\/2017\/11\/photo-article-e1511542375712.jpg","width":500,"height":334,"caption":"timber wood brown oak panels used as backgroundtimber wood brown oak panels used as background"},{"@type":"BreadcrumbList","@id":"https:\/\/www.nature-bois-concept.com\/magazine\/guide-bois\/actualites\/bois-dexterieur-ou-dinterieur\/#breadcrumb","itemListElement":[{"@type":"ListItem","position":1,"name":"Magazine NBC","item":"https:\/\/www.nature-bois-concept.com\/magazine\/"},{"@type":"ListItem","position":2,"name":"Guide Bois","item":"https:\/\/www.nature-bois-concept.com\/magazine\/guide-bois\/"},{"@type":"ListItem","position":3,"name":"Article Guide Bois","item":"https:\/\/www.nature-bois-concept.com\/magazine\/guide-bois\/actualites\/"},{"@type":"ListItem","position":4,"name":"Bois d\u2019ext\u00e9rieur ou bois d\u2019int\u00e9rieur : la diff\u00e9rence expliqu\u00e9e !"}]},{"@type":"WebSite","@id":"https:\/\/www.nature-bois-concept.com\/magazine\/#website","url":"https:\/\/www.nature-bois-concept.com\/magazine\/","name":"Magazine Nature Bois Concept","description":"En association avec Nature Bois Concept","potentialAction":[{"@type":"SearchAction","target":{"@type":"EntryPoint","urlTemplate":"https:\/\/www.nature-bois-concept.com\/magazine\/?s={search_term_string}"},"query-input":"required name=search_term_string"}],"inLanguage":"fr-FR"}]}},"_links":{"self":[{"href":"https:\/\/www.nature-bois-concept.com\/magazine\/wp-json\/wp\/v2\/pages\/4036"}],"collection":[{"href":"https:\/\/www.nature-bois-concept.com\/magazine\/wp-json\/wp\/v2\/pages"}],"about":[{"href":"https:\/\/www.nature-bois-concept.com\/magazine\/wp-json\/wp\/v2\/types\/page"}],"author":[{"embeddable":true,"href":"https:\/\/www.nature-bois-concept.com\/magazine\/wp-json\/wp\/v2\/users\/7"}],"replies":[{"embeddable":true,"href":"https:\/\/www.nature-bois-concept.com\/magazine\/wp-json\/wp\/v2\/comments?post=4036"}],"version-history":[{"count":11,"href":"https:\/\/www.nature-bois-concept.com\/magazine\/wp-json\/wp\/v2\/pages\/4036\/revisions"}],"predecessor-version":[{"id":4050,"href":"https:\/\/www.nature-bois-concept.com\/magazine\/wp-json\/wp\/v2\/pages\/4036\/revisions\/4050"}],"up":[{"embeddable":true,"href":"https:\/\/www.nature-bois-concept.com\/magazine\/wp-json\/wp\/v2\/pages\/624"}],"wp:featuredmedia":[{"embeddable":true,"href":"https:\/\/www.nature-bois-concept.com\/magazine\/wp-json\/wp\/v2\/media\/4046"}],"wp:attachment":[{"href":"https:\/\/www.nature-bois-concept.com\/magazine\/wp-json\/wp\/v2\/media?parent=4036"}],"curies":[{"name":"wp","href":"https:\/\/api.w.org\/{rel}","templated":true}]}}