{"id":4018,"date":"2017-11-17T18:56:00","date_gmt":"2017-11-17T17:56:00","guid":{"rendered":"https:\/\/www.nature-bois-concept.com\/magazine\/?page_id=4018"},"modified":"2025-03-03T16:25:40","modified_gmt":"2025-03-03T15:25:40","slug":"bien-planifier-terrasse-bois-33-type-de-pose-de-lames","status":"publish","type":"page","link":"https:\/\/www.nature-bois-concept.com\/magazine\/terrasse-bois\/guides\/avant-achat\/bien-planifier-terrasse-bois-33-type-de-pose-de-lames\/","title":{"rendered":"Planifier la construction de sa terrasse bois (3\/3) : le type de pose de lame de terrasse"},"content":{"rendered":"","protected":false},"excerpt":{"rendered":"","protected":false},"author":7,"featured_media":3989,"parent":563,"menu_order":0,"comment_status":"closed","ping_status":"closed","template":"","meta":{"_acf_changed":false,"footnotes":""},"acf":[],"yoast_head":"<!-- This site is optimized with the Yoast SEO plugin v22.4 - https:\/\/yoast.com\/wordpress\/plugins\/seo\/ -->\n<title>Pose Lame de Terrasse : Les Meilleures Techniques<\/title>\n<meta name=\"description\" content=\"D\u00e9couvrez les meilleures techniques de pose de lame de terrasse pour une installation esth\u00e9tique et durable. Suivez nos conseils pratiques pour r\u00e9ussir votre projet !\" \/>\n<meta name=\"robots\" content=\"index, follow, max-snippet:-1, max-image-preview:large, max-video-preview:-1\" \/>\n<link rel=\"canonical\" href=\"https:\/\/www.nature-bois-concept.com\/magazine\/terrasse-bois\/guides\/avant-achat\/bien-planifier-terrasse-bois-33-type-de-pose-de-lames\/\" \/>\n<meta property=\"og:locale\" content=\"fr_FR\" \/>\n<meta property=\"og:type\" content=\"article\" \/>\n<meta property=\"og:title\" content=\"Pose Lame de Terrasse : Les Meilleures Techniques\" \/>\n<meta property=\"og:description\" content=\"D\u00e9couvrez les meilleures techniques de pose de lame de terrasse pour une installation esth\u00e9tique et durable. Suivez nos conseils pratiques pour r\u00e9ussir votre projet !\" \/>\n<meta property=\"og:url\" content=\"https:\/\/www.nature-bois-concept.com\/magazine\/terrasse-bois\/guides\/avant-achat\/bien-planifier-terrasse-bois-33-type-de-pose-de-lames\/\" \/>\n<meta property=\"og:site_name\" content=\"Magazine Nature Bois Concept\" \/>\n<meta property=\"article:publisher\" content=\"https:\/\/www.facebook.com\/Nature-Bois-Concept-1596307970584169\/\" \/>\n<meta property=\"article:modified_time\" content=\"2025-03-03T15:25:40+00:00\" \/>\n<meta property=\"og:image\" content=\"https:\/\/www.nature-bois-concept.com\/magazine\/wp-content\/uploads\/2017\/11\/iStock-646553254-e1509631439866.jpg\" \/>\n\t<meta property=\"og:image:width\" content=\"1000\" \/>\n\t<meta property=\"og:image:height\" content=\"667\" \/>\n\t<meta property=\"og:image:type\" content=\"image\/jpeg\" \/>\n<meta name=\"twitter:card\" content=\"summary_large_image\" \/>\n<meta name=\"twitter:site\" content=\"@nbc_bois\" \/>\n<meta name=\"twitter:label1\" content=\"Dur\u00e9e de lecture estim\u00e9e\" \/>\n\t<meta name=\"twitter:data1\" content=\"1 minute\" \/>\n<script type=\"application\/ld+json\" class=\"yoast-schema-graph\">{\"@context\":\"https:\/\/schema.org\",\"@graph\":[{\"@type\":\"WebPage\",\"@id\":\"https:\/\/www.nature-bois-concept.com\/magazine\/terrasse-bois\/guides\/avant-achat\/bien-planifier-terrasse-bois-33-type-de-pose-de-lames\/\",\"url\":\"https:\/\/www.nature-bois-concept.com\/magazine\/terrasse-bois\/guides\/avant-achat\/bien-planifier-terrasse-bois-33-type-de-pose-de-lames\/\",\"name\":\"Pose Lame de Terrasse : Les Meilleures Techniques\",\"isPartOf\":{\"@id\":\"https:\/\/www.nature-bois-concept.com\/magazine\/#website\"},\"primaryImageOfPage\":{\"@id\":\"https:\/\/www.nature-bois-concept.com\/magazine\/terrasse-bois\/guides\/avant-achat\/bien-planifier-terrasse-bois-33-type-de-pose-de-lames\/#primaryimage\"},\"image\":{\"@id\":\"https:\/\/www.nature-bois-concept.com\/magazine\/terrasse-bois\/guides\/avant-achat\/bien-planifier-terrasse-bois-33-type-de-pose-de-lames\/#primaryimage\"},\"thumbnailUrl\":\"https:\/\/www.nature-bois-concept.com\/magazine\/wp-content\/uploads\/2017\/11\/iStock-646553254-e1509631439866.jpg\",\"datePublished\":\"2017-11-17T17:56:00+00:00\",\"dateModified\":\"2025-03-03T15:25:40+00:00\",\"description\":\"D\u00e9couvrez les meilleures techniques de pose de lame de terrasse pour une installation esth\u00e9tique et durable. Suivez nos conseils pratiques pour r\u00e9ussir votre projet !\",\"breadcrumb\":{\"@id\":\"https:\/\/www.nature-bois-concept.com\/magazine\/terrasse-bois\/guides\/avant-achat\/bien-planifier-terrasse-bois-33-type-de-pose-de-lames\/#breadcrumb\"},\"inLanguage\":\"fr-FR\",\"potentialAction\":[{\"@type\":\"ReadAction\",\"target\":[\"https:\/\/www.nature-bois-concept.com\/magazine\/terrasse-bois\/guides\/avant-achat\/bien-planifier-terrasse-bois-33-type-de-pose-de-lames\/\"]}]},{\"@type\":\"ImageObject\",\"inLanguage\":\"fr-FR\",\"@id\":\"https:\/\/www.nature-bois-concept.com\/magazine\/terrasse-bois\/guides\/avant-achat\/bien-planifier-terrasse-bois-33-type-de-pose-de-lames\/#primaryimage\",\"url\":\"https:\/\/www.nature-bois-concept.com\/magazine\/wp-content\/uploads\/2017\/11\/iStock-646553254-e1509631439866.jpg\",\"contentUrl\":\"https:\/\/www.nature-bois-concept.com\/magazine\/wp-content\/uploads\/2017\/11\/iStock-646553254-e1509631439866.jpg\",\"width\":1000,\"height\":667,\"caption\":\"La planification de sa terrasse bois, une \u00e9tape essentielle!\"},{\"@type\":\"BreadcrumbList\",\"@id\":\"https:\/\/www.nature-bois-concept.com\/magazine\/terrasse-bois\/guides\/avant-achat\/bien-planifier-terrasse-bois-33-type-de-pose-de-lames\/#breadcrumb\",\"itemListElement\":[{\"@type\":\"ListItem\",\"position\":1,\"name\":\"Magazine NBC\",\"item\":\"https:\/\/www.nature-bois-concept.com\/magazine\/\"},{\"@type\":\"ListItem\",\"position\":2,\"name\":\"Terrasse bois\",\"item\":\"https:\/\/www.nature-bois-concept.com\/magazine\/terrasse-bois\/\"},{\"@type\":\"ListItem\",\"position\":3,\"name\":\"Nos guides sur la Terrasse\",\"item\":\"https:\/\/www.nature-bois-concept.com\/magazine\/terrasse-bois\/guides\/\"},{\"@type\":\"ListItem\",\"position\":4,\"name\":\"Tout ce qu&rsquo;il faut savoir avant l&rsquo;achat de sa Terrasse\",\"item\":\"https:\/\/www.nature-bois-concept.com\/magazine\/terrasse-bois\/guides\/avant-achat\/\"},{\"@type\":\"ListItem\",\"position\":5,\"name\":\"Planifier la construction de sa terrasse bois (3\/3) : le type de pose de lame de terrasse\"}]},{\"@type\":\"WebSite\",\"@id\":\"https:\/\/www.nature-bois-concept.com\/magazine\/#website\",\"url\":\"https:\/\/www.nature-bois-concept.com\/magazine\/\",\"name\":\"Magazine Nature Bois Concept\",\"description\":\"En association avec Nature Bois Concept\",\"potentialAction\":[{\"@type\":\"SearchAction\",\"target\":{\"@type\":\"EntryPoint\",\"urlTemplate\":\"https:\/\/www.nature-bois-concept.com\/magazine\/?s={search_term_string}\"},\"query-input\":\"required name=search_term_string\"}],\"inLanguage\":\"fr-FR\"}]}<\/script>\n<!-- \/ Yoast SEO plugin. -->","yoast_head_json":{"title":"Pose Lame de Terrasse : Les Meilleures Techniques","description":"D\u00e9couvrez les meilleures techniques de pose de lame de terrasse pour une installation esth\u00e9tique et durable. Suivez nos conseils pratiques pour r\u00e9ussir votre projet !","robots":{"index":"index","follow":"follow","max-snippet":"max-snippet:-1","max-image-preview":"max-image-preview:large","max-video-preview":"max-video-preview:-1"},"canonical":"https:\/\/www.nature-bois-concept.com\/magazine\/terrasse-bois\/guides\/avant-achat\/bien-planifier-terrasse-bois-33-type-de-pose-de-lames\/","og_locale":"fr_FR","og_type":"article","og_title":"Pose Lame de Terrasse : Les Meilleures Techniques","og_description":"D\u00e9couvrez les meilleures techniques de pose de lame de terrasse pour une installation esth\u00e9tique et durable. Suivez nos conseils pratiques pour r\u00e9ussir votre projet !","og_url":"https:\/\/www.nature-bois-concept.com\/magazine\/terrasse-bois\/guides\/avant-achat\/bien-planifier-terrasse-bois-33-type-de-pose-de-lames\/","og_site_name":"Magazine Nature Bois Concept","article_publisher":"https:\/\/www.facebook.com\/Nature-Bois-Concept-1596307970584169\/","article_modified_time":"2025-03-03T15:25:40+00:00","og_image":[{"width":1000,"height":667,"url":"https:\/\/www.nature-bois-concept.com\/magazine\/wp-content\/uploads\/2017\/11\/iStock-646553254-e1509631439866.jpg","type":"image\/jpeg"}],"twitter_card":"summary_large_image","twitter_site":"@nbc_bois","twitter_misc":{"Dur\u00e9e de lecture estim\u00e9e":"1 minute"},"schema":{"@context":"https:\/\/schema.org","@graph":[{"@type":"WebPage","@id":"https:\/\/www.nature-bois-concept.com\/magazine\/terrasse-bois\/guides\/avant-achat\/bien-planifier-terrasse-bois-33-type-de-pose-de-lames\/","url":"https:\/\/www.nature-bois-concept.com\/magazine\/terrasse-bois\/guides\/avant-achat\/bien-planifier-terrasse-bois-33-type-de-pose-de-lames\/","name":"Pose Lame de Terrasse : Les Meilleures Techniques","isPartOf":{"@id":"https:\/\/www.nature-bois-concept.com\/magazine\/#website"},"primaryImageOfPage":{"@id":"https:\/\/www.nature-bois-concept.com\/magazine\/terrasse-bois\/guides\/avant-achat\/bien-planifier-terrasse-bois-33-type-de-pose-de-lames\/#primaryimage"},"image":{"@id":"https:\/\/www.nature-bois-concept.com\/magazine\/terrasse-bois\/guides\/avant-achat\/bien-planifier-terrasse-bois-33-type-de-pose-de-lames\/#primaryimage"},"thumbnailUrl":"https:\/\/www.nature-bois-concept.com\/magazine\/wp-content\/uploads\/2017\/11\/iStock-646553254-e1509631439866.jpg","datePublished":"2017-11-17T17:56:00+00:00","dateModified":"2025-03-03T15:25:40+00:00","description":"D\u00e9couvrez les meilleures techniques de pose de lame de terrasse pour une installation esth\u00e9tique et durable. Suivez nos conseils pratiques pour r\u00e9ussir votre projet !","breadcrumb":{"@id":"https:\/\/www.nature-bois-concept.com\/magazine\/terrasse-bois\/guides\/avant-achat\/bien-planifier-terrasse-bois-33-type-de-pose-de-lames\/#breadcrumb"},"inLanguage":"fr-FR","potentialAction":[{"@type":"ReadAction","target":["https:\/\/www.nature-bois-concept.com\/magazine\/terrasse-bois\/guides\/avant-achat\/bien-planifier-terrasse-bois-33-type-de-pose-de-lames\/"]}]},{"@type":"ImageObject","inLanguage":"fr-FR","@id":"https:\/\/www.nature-bois-concept.com\/magazine\/terrasse-bois\/guides\/avant-achat\/bien-planifier-terrasse-bois-33-type-de-pose-de-lames\/#primaryimage","url":"https:\/\/www.nature-bois-concept.com\/magazine\/wp-content\/uploads\/2017\/11\/iStock-646553254-e1509631439866.jpg","contentUrl":"https:\/\/www.nature-bois-concept.com\/magazine\/wp-content\/uploads\/2017\/11\/iStock-646553254-e1509631439866.jpg","width":1000,"height":667,"caption":"La planification de sa terrasse bois, une \u00e9tape essentielle!"},{"@type":"BreadcrumbList","@id":"https:\/\/www.nature-bois-concept.com\/magazine\/terrasse-bois\/guides\/avant-achat\/bien-planifier-terrasse-bois-33-type-de-pose-de-lames\/#breadcrumb","itemListElement":[{"@type":"ListItem","position":1,"name":"Magazine NBC","item":"https:\/\/www.nature-bois-concept.com\/magazine\/"},{"@type":"ListItem","position":2,"name":"Terrasse bois","item":"https:\/\/www.nature-bois-concept.com\/magazine\/terrasse-bois\/"},{"@type":"ListItem","position":3,"name":"Nos guides sur la Terrasse","item":"https:\/\/www.nature-bois-concept.com\/magazine\/terrasse-bois\/guides\/"},{"@type":"ListItem","position":4,"name":"Tout ce qu&rsquo;il faut savoir avant l&rsquo;achat de sa Terrasse","item":"https:\/\/www.nature-bois-concept.com\/magazine\/terrasse-bois\/guides\/avant-achat\/"},{"@type":"ListItem","position":5,"name":"Planifier la construction de sa terrasse bois (3\/3) : le type de pose de lame de terrasse"}]},{"@type":"WebSite","@id":"https:\/\/www.nature-bois-concept.com\/magazine\/#website","url":"https:\/\/www.nature-bois-concept.com\/magazine\/","name":"Magazine Nature Bois Concept","description":"En association avec Nature Bois Concept","potentialAction":[{"@type":"SearchAction","target":{"@type":"EntryPoint","urlTemplate":"https:\/\/www.nature-bois-concept.com\/magazine\/?s={search_term_string}"},"query-input":"required name=search_term_string"}],"inLanguage":"fr-FR"}]}},"_links":{"self":[{"href":"https:\/\/www.nature-bois-concept.com\/magazine\/wp-json\/wp\/v2\/pages\/4018"}],"collection":[{"href":"https:\/\/www.nature-bois-concept.com\/magazine\/wp-json\/wp\/v2\/pages"}],"about":[{"href":"https:\/\/www.nature-bois-concept.com\/magazine\/wp-json\/wp\/v2\/types\/page"}],"author":[{"embeddable":true,"href":"https:\/\/www.nature-bois-concept.com\/magazine\/wp-json\/wp\/v2\/users\/7"}],"replies":[{"embeddable":true,"href":"https:\/\/www.nature-bois-concept.com\/magazine\/wp-json\/wp\/v2\/comments?post=4018"}],"version-history":[{"count":17,"href":"https:\/\/www.nature-bois-concept.com\/magazine\/wp-json\/wp\/v2\/pages\/4018\/revisions"}],"predecessor-version":[{"id":7683,"href":"https:\/\/www.nature-bois-concept.com\/magazine\/wp-json\/wp\/v2\/pages\/4018\/revisions\/7683"}],"up":[{"embeddable":true,"href":"https:\/\/www.nature-bois-concept.com\/magazine\/wp-json\/wp\/v2\/pages\/563"}],"wp:featuredmedia":[{"embeddable":true,"href":"https:\/\/www.nature-bois-concept.com\/magazine\/wp-json\/wp\/v2\/media\/3989"}],"wp:attachment":[{"href":"https:\/\/www.nature-bois-concept.com\/magazine\/wp-json\/wp\/v2\/media?parent=4018"}],"curies":[{"name":"wp","href":"https:\/\/api.w.org\/{rel}","templated":true}]}}