{"id":2533,"date":"2016-10-26T16:00:13","date_gmt":"2016-10-26T14:00:13","guid":{"rendered":"https:\/\/www.nature-bois-concept.com\/magazine\/?page_id=2533"},"modified":"2018-10-18T17:10:51","modified_gmt":"2018-10-18T15:10:51","slug":"tampons-d-isolation-terrasse-bois","status":"publish","type":"page","link":"https:\/\/www.nature-bois-concept.com\/magazine\/terrasse-bois\/guides\/avant-achat\/fournitures-accessoires\/tampons-d-isolation-terrasse-bois\/","title":{"rendered":"Tampons d\u2019isolation pour terrasse, quelle est leur utilit\u00e9 ?"},"content":{"rendered":"<p style=\"text-align: justify;\">Nouvel accessoire dans la gamme de terrasse bois, il vient remplacer la traditionnelle cale fourchette ou plate. Ce tampon d\u2019isolation, appel\u00e9 aussi cale caoutchouc ou bien pad en anglais, est un \u00e9l\u00e9ment de forme carr\u00e9e de 100 mm de c\u00f4t\u00e9 sur une \u00e9paisseur de 8 mm. Fabriqu\u00e9 \u00e0 base de plastiques recycl\u00e9s, il est totalement imputrescible. Il vous permettra d\u2019isoler vos lambourdes de votre dalle afin de prot\u00e9ger vos bois de structure de l\u2019humidit\u00e9 du sol et des eaux de pluie qui vont s\u2019\u00e9couler naturellement sur le b\u00e9ton.<\/p>\n<p style=\"text-align: justify;\">M\u00eame si nos cales plastiques pour lambourde conviennent parfaitement \u00e0 cette utilisation, le tampon d\u2019isolation en caoutchouc apporte une r\u00e9sistance plus importante \u00e0 la compression que des cales traditionnelles. De plus, elles amortissent mieux les coups et la descente de charge, ce qui \u00e9vite ainsi l\u2019affaissement et la d\u00e9formation de votre platelage.<\/p>\n<h2 style=\"text-align: justify;\">Pr\u00e9voir une pente pour l\u2019\u00e9coulement de l\u2019eau<\/h2>\n<p style=\"text-align: justify;\">Contrairement \u00e0 un assortiment de cales plastiques, les tampons d\u2019isolation ont tous la m\u00eame \u00e9paisseur. Il n\u2019est donc pas possible de rattraper la plan\u00e9it\u00e9 de votre dalle gr\u00e2ce \u00e0 ce support. Vous devrez alors les poser sur une dalle plane avec une l\u00e9g\u00e8re pente (pour l\u2019\u00e9coulement des eaux de pluie). Afin de connaitre la quantit\u00e9 exacte dont vous avez besoin pour votre terrasse, comptez 4 tampons par m\u00b2, soit un tous les 60 cm.<\/p>\n<p style=\"text-align: justify;\"><img loading=\"lazy\" decoding=\"async\" class=\"aligncenter size-full wp-image-2540\" src=\"https:\/\/www.nature-bois-concept.com\/magazine\/wp-content\/uploads\/2016\/10\/spax-cales-caoutchouc.jpg\" alt=\"spax-cales-caoutchouc\" width=\"1200\" height=\"496\" srcset=\"https:\/\/www.nature-bois-concept.com\/magazine\/wp-content\/uploads\/2016\/10\/spax-cales-caoutchouc.jpg 1200w, https:\/\/www.nature-bois-concept.com\/magazine\/wp-content\/uploads\/2016\/10\/spax-cales-caoutchouc-300x124.jpg 300w, https:\/\/www.nature-bois-concept.com\/magazine\/wp-content\/uploads\/2016\/10\/spax-cales-caoutchouc-768x317.jpg 768w, https:\/\/www.nature-bois-concept.com\/magazine\/wp-content\/uploads\/2016\/10\/spax-cales-caoutchouc-1024x423.jpg 1024w, https:\/\/www.nature-bois-concept.com\/magazine\/wp-content\/uploads\/2016\/10\/spax-cales-caoutchouc-1060x438.jpg 1060w\" sizes=\"(max-width: 1200px) 100vw, 1200px\" \/><\/p>\n<h2 style=\"text-align: justify;\">Pour finir la pose de votre structure, rajoutez de la bande bitumineuse<\/h2>\n<p style=\"text-align: justify;\">Simple \u00e0 mettre en \u0153uvre, la <a href=\"https:\/\/www.nature-bois-concept.com\/magazine\/terrasse-bois\/guides\/avant-achat\/fournitures-accessoires\/bande-bitumineuse\/\" target=\"_blank\" rel=\"noopener noreferrer\">bande bitumineuse<\/a> va assurer une \u00e9tanch\u00e9it\u00e9 entre la lambourde et les lames de terrasse. Elle vous permet d\u2019\u00e9liminer toutes les remont\u00e9s d\u2019humidit\u00e9 par effet de capillarit\u00e9 et \u00e9vite le bruit des bois qui s\u2019entrechoquent gr\u00e2ce \u00e0 leur mati\u00e8re bitumineuse isolante.<br \/>\nElle est donc un compl\u00e9ment id\u00e9al aux cales caoutchouc pour assurer la durabilit\u00e9 de vos lambourdes bois.<\/p>\n<h2 style=\"text-align: justify;\">Rendez-vous sur la boutique !<\/h2>\n<p style=\"text-align: justify;\">Pour retrouver les tampons d\u2019utilisation de la marque Spax, ou bien l\u2019ensemble de nos mat\u00e9riaux, accessoires et produits d\u2019entretien pour la terrasse bois, allez sur notre <a href=\"http:\/\/boutique.nature-bois-concept.com\/\" target=\"_blank\" rel=\"noopener noreferrer\">boutique en ligne<\/a>.<\/p>\n<p style=\"text-align: justify;\">Simple d\u2019utilisation, en quelques clics, faites votre panier et r\u00e9glez par carte bancaire. Tout est simplifi\u00e9 et sous 3 jours ouvr\u00e9s vous recevrez votre marchandise.<\/p>\n","protected":false},"excerpt":{"rendered":"<p>Nouvel accessoire dans la gamme de terrasse bois, il vient remplacer la traditionnelle cale fourchette ou plate. Ce tampon d\u2019isolation, appel\u00e9 aussi cale caoutchouc ou bien pad en anglais, est un \u00e9l\u00e9ment de forme carr\u00e9e de 100 mm de c\u00f4t\u00e9 sur une \u00e9paisseur de 8 mm. Fabriqu\u00e9 \u00e0 base de plastiques recycl\u00e9s, il est totalement imputrescible. Il vous permettra d\u2019isoler vos lambourdes de votre dalle afin de prot\u00e9ger vos bois&#8230;<\/p>\n","protected":false},"author":2,"featured_media":2541,"parent":565,"menu_order":0,"comment_status":"closed","ping_status":"closed","template":"","meta":{"_acf_changed":false,"footnotes":""},"acf":[],"yoast_head":"<!-- This site is optimized with the Yoast SEO plugin v22.4 - https:\/\/yoast.com\/wordpress\/plugins\/seo\/ -->\n<title>Tampons d\u2019isolation pour terrasse, quelle est leur utilit\u00e9 ?<\/title>\n<meta name=\"description\" content=\"Tampons d\u2019isolation, nouvel accessoire terrasse bois pour la durabilit\u00e9 de votre am\u00e9nagement ext\u00e9rieur bois.\" \/>\n<meta name=\"robots\" content=\"index, follow, max-snippet:-1, max-image-preview:large, max-video-preview:-1\" \/>\n<link rel=\"canonical\" href=\"https:\/\/www.nature-bois-concept.com\/magazine\/terrasse-bois\/guides\/avant-achat\/fournitures-accessoires\/tampons-d-isolation-terrasse-bois\/\" \/>\n<meta property=\"og:locale\" content=\"fr_FR\" \/>\n<meta property=\"og:type\" content=\"article\" \/>\n<meta property=\"og:title\" content=\"Tampons d\u2019isolation pour terrasse, quelle est leur utilit\u00e9 ?\" \/>\n<meta property=\"og:description\" content=\"Tampons d\u2019isolation, nouvel accessoire terrasse bois pour la durabilit\u00e9 de votre am\u00e9nagement ext\u00e9rieur bois.\" \/>\n<meta property=\"og:url\" content=\"https:\/\/www.nature-bois-concept.com\/magazine\/terrasse-bois\/guides\/avant-achat\/fournitures-accessoires\/tampons-d-isolation-terrasse-bois\/\" \/>\n<meta property=\"og:site_name\" content=\"Magazine Nature Bois Concept\" \/>\n<meta property=\"article:publisher\" content=\"https:\/\/www.facebook.com\/Nature-Bois-Concept-1596307970584169\/\" \/>\n<meta property=\"article:modified_time\" content=\"2018-10-18T15:10:51+00:00\" \/>\n<meta property=\"og:image\" content=\"https:\/\/www.nature-bois-concept.com\/magazine\/wp-content\/uploads\/2016\/10\/tampons-d-isolation-spax.jpg\" \/>\n\t<meta property=\"og:image:width\" content=\"1620\" \/>\n\t<meta property=\"og:image:height\" content=\"668\" \/>\n\t<meta property=\"og:image:type\" content=\"image\/jpeg\" \/>\n<meta name=\"twitter:card\" content=\"summary_large_image\" \/>\n<meta name=\"twitter:site\" content=\"@nbc_bois\" \/>\n<meta name=\"twitter:label1\" content=\"Dur\u00e9e de lecture estim\u00e9e\" \/>\n\t<meta name=\"twitter:data1\" content=\"2 minutes\" \/>\n<script type=\"application\/ld+json\" class=\"yoast-schema-graph\">{\"@context\":\"https:\/\/schema.org\",\"@graph\":[{\"@type\":\"WebPage\",\"@id\":\"https:\/\/www.nature-bois-concept.com\/magazine\/terrasse-bois\/guides\/avant-achat\/fournitures-accessoires\/tampons-d-isolation-terrasse-bois\/\",\"url\":\"https:\/\/www.nature-bois-concept.com\/magazine\/terrasse-bois\/guides\/avant-achat\/fournitures-accessoires\/tampons-d-isolation-terrasse-bois\/\",\"name\":\"Tampons d\u2019isolation pour terrasse, quelle est leur utilit\u00e9 ?\",\"isPartOf\":{\"@id\":\"https:\/\/www.nature-bois-concept.com\/magazine\/#website\"},\"primaryImageOfPage\":{\"@id\":\"https:\/\/www.nature-bois-concept.com\/magazine\/terrasse-bois\/guides\/avant-achat\/fournitures-accessoires\/tampons-d-isolation-terrasse-bois\/#primaryimage\"},\"image\":{\"@id\":\"https:\/\/www.nature-bois-concept.com\/magazine\/terrasse-bois\/guides\/avant-achat\/fournitures-accessoires\/tampons-d-isolation-terrasse-bois\/#primaryimage\"},\"thumbnailUrl\":\"https:\/\/www.nature-bois-concept.com\/magazine\/wp-content\/uploads\/2016\/10\/tampons-d-isolation-spax.jpg\",\"datePublished\":\"2016-10-26T14:00:13+00:00\",\"dateModified\":\"2018-10-18T15:10:51+00:00\",\"description\":\"Tampons d\u2019isolation, nouvel accessoire terrasse bois pour la durabilit\u00e9 de votre am\u00e9nagement ext\u00e9rieur bois.\",\"breadcrumb\":{\"@id\":\"https:\/\/www.nature-bois-concept.com\/magazine\/terrasse-bois\/guides\/avant-achat\/fournitures-accessoires\/tampons-d-isolation-terrasse-bois\/#breadcrumb\"},\"inLanguage\":\"fr-FR\",\"potentialAction\":[{\"@type\":\"ReadAction\",\"target\":[\"https:\/\/www.nature-bois-concept.com\/magazine\/terrasse-bois\/guides\/avant-achat\/fournitures-accessoires\/tampons-d-isolation-terrasse-bois\/\"]}]},{\"@type\":\"ImageObject\",\"inLanguage\":\"fr-FR\",\"@id\":\"https:\/\/www.nature-bois-concept.com\/magazine\/terrasse-bois\/guides\/avant-achat\/fournitures-accessoires\/tampons-d-isolation-terrasse-bois\/#primaryimage\",\"url\":\"https:\/\/www.nature-bois-concept.com\/magazine\/wp-content\/uploads\/2016\/10\/tampons-d-isolation-spax.jpg\",\"contentUrl\":\"https:\/\/www.nature-bois-concept.com\/magazine\/wp-content\/uploads\/2016\/10\/tampons-d-isolation-spax.jpg\",\"width\":1620,\"height\":668,\"caption\":\"Tampon caoutchouc pour terrasse bois\"},{\"@type\":\"BreadcrumbList\",\"@id\":\"https:\/\/www.nature-bois-concept.com\/magazine\/terrasse-bois\/guides\/avant-achat\/fournitures-accessoires\/tampons-d-isolation-terrasse-bois\/#breadcrumb\",\"itemListElement\":[{\"@type\":\"ListItem\",\"position\":1,\"name\":\"Magazine NBC\",\"item\":\"https:\/\/www.nature-bois-concept.com\/magazine\/\"},{\"@type\":\"ListItem\",\"position\":2,\"name\":\"Terrasse bois\",\"item\":\"https:\/\/www.nature-bois-concept.com\/magazine\/terrasse-bois\/\"},{\"@type\":\"ListItem\",\"position\":3,\"name\":\"Nos guides sur la Terrasse\",\"item\":\"https:\/\/www.nature-bois-concept.com\/magazine\/terrasse-bois\/guides\/\"},{\"@type\":\"ListItem\",\"position\":4,\"name\":\"Tout ce qu&rsquo;il faut savoir avant l&rsquo;achat de sa Terrasse\",\"item\":\"https:\/\/www.nature-bois-concept.com\/magazine\/terrasse-bois\/guides\/avant-achat\/\"},{\"@type\":\"ListItem\",\"position\":5,\"name\":\"Quels fournitures et accessoires pour votre terrasse bois\",\"item\":\"https:\/\/www.nature-bois-concept.com\/magazine\/terrasse-bois\/guides\/avant-achat\/fournitures-accessoires\/\"},{\"@type\":\"ListItem\",\"position\":6,\"name\":\"Tampons d\u2019isolation pour terrasse, quelle est leur utilit\u00e9 ?\"}]},{\"@type\":\"WebSite\",\"@id\":\"https:\/\/www.nature-bois-concept.com\/magazine\/#website\",\"url\":\"https:\/\/www.nature-bois-concept.com\/magazine\/\",\"name\":\"Magazine Nature Bois Concept\",\"description\":\"En association avec Nature Bois Concept\",\"potentialAction\":[{\"@type\":\"SearchAction\",\"target\":{\"@type\":\"EntryPoint\",\"urlTemplate\":\"https:\/\/www.nature-bois-concept.com\/magazine\/?s={search_term_string}\"},\"query-input\":\"required name=search_term_string\"}],\"inLanguage\":\"fr-FR\"}]}<\/script>\n<!-- \/ Yoast SEO plugin. -->","yoast_head_json":{"title":"Tampons d\u2019isolation pour terrasse, quelle est leur utilit\u00e9 ?","description":"Tampons d\u2019isolation, nouvel accessoire terrasse bois pour la durabilit\u00e9 de votre am\u00e9nagement ext\u00e9rieur bois.","robots":{"index":"index","follow":"follow","max-snippet":"max-snippet:-1","max-image-preview":"max-image-preview:large","max-video-preview":"max-video-preview:-1"},"canonical":"https:\/\/www.nature-bois-concept.com\/magazine\/terrasse-bois\/guides\/avant-achat\/fournitures-accessoires\/tampons-d-isolation-terrasse-bois\/","og_locale":"fr_FR","og_type":"article","og_title":"Tampons d\u2019isolation pour terrasse, quelle est leur utilit\u00e9 ?","og_description":"Tampons d\u2019isolation, nouvel accessoire terrasse bois pour la durabilit\u00e9 de votre am\u00e9nagement ext\u00e9rieur bois.","og_url":"https:\/\/www.nature-bois-concept.com\/magazine\/terrasse-bois\/guides\/avant-achat\/fournitures-accessoires\/tampons-d-isolation-terrasse-bois\/","og_site_name":"Magazine Nature Bois Concept","article_publisher":"https:\/\/www.facebook.com\/Nature-Bois-Concept-1596307970584169\/","article_modified_time":"2018-10-18T15:10:51+00:00","og_image":[{"width":1620,"height":668,"url":"https:\/\/www.nature-bois-concept.com\/magazine\/wp-content\/uploads\/2016\/10\/tampons-d-isolation-spax.jpg","type":"image\/jpeg"}],"twitter_card":"summary_large_image","twitter_site":"@nbc_bois","twitter_misc":{"Dur\u00e9e de lecture estim\u00e9e":"2 minutes"},"schema":{"@context":"https:\/\/schema.org","@graph":[{"@type":"WebPage","@id":"https:\/\/www.nature-bois-concept.com\/magazine\/terrasse-bois\/guides\/avant-achat\/fournitures-accessoires\/tampons-d-isolation-terrasse-bois\/","url":"https:\/\/www.nature-bois-concept.com\/magazine\/terrasse-bois\/guides\/avant-achat\/fournitures-accessoires\/tampons-d-isolation-terrasse-bois\/","name":"Tampons d\u2019isolation pour terrasse, quelle est leur utilit\u00e9 ?","isPartOf":{"@id":"https:\/\/www.nature-bois-concept.com\/magazine\/#website"},"primaryImageOfPage":{"@id":"https:\/\/www.nature-bois-concept.com\/magazine\/terrasse-bois\/guides\/avant-achat\/fournitures-accessoires\/tampons-d-isolation-terrasse-bois\/#primaryimage"},"image":{"@id":"https:\/\/www.nature-bois-concept.com\/magazine\/terrasse-bois\/guides\/avant-achat\/fournitures-accessoires\/tampons-d-isolation-terrasse-bois\/#primaryimage"},"thumbnailUrl":"https:\/\/www.nature-bois-concept.com\/magazine\/wp-content\/uploads\/2016\/10\/tampons-d-isolation-spax.jpg","datePublished":"2016-10-26T14:00:13+00:00","dateModified":"2018-10-18T15:10:51+00:00","description":"Tampons d\u2019isolation, nouvel accessoire terrasse bois pour la durabilit\u00e9 de votre am\u00e9nagement ext\u00e9rieur bois.","breadcrumb":{"@id":"https:\/\/www.nature-bois-concept.com\/magazine\/terrasse-bois\/guides\/avant-achat\/fournitures-accessoires\/tampons-d-isolation-terrasse-bois\/#breadcrumb"},"inLanguage":"fr-FR","potentialAction":[{"@type":"ReadAction","target":["https:\/\/www.nature-bois-concept.com\/magazine\/terrasse-bois\/guides\/avant-achat\/fournitures-accessoires\/tampons-d-isolation-terrasse-bois\/"]}]},{"@type":"ImageObject","inLanguage":"fr-FR","@id":"https:\/\/www.nature-bois-concept.com\/magazine\/terrasse-bois\/guides\/avant-achat\/fournitures-accessoires\/tampons-d-isolation-terrasse-bois\/#primaryimage","url":"https:\/\/www.nature-bois-concept.com\/magazine\/wp-content\/uploads\/2016\/10\/tampons-d-isolation-spax.jpg","contentUrl":"https:\/\/www.nature-bois-concept.com\/magazine\/wp-content\/uploads\/2016\/10\/tampons-d-isolation-spax.jpg","width":1620,"height":668,"caption":"Tampon caoutchouc pour terrasse bois"},{"@type":"BreadcrumbList","@id":"https:\/\/www.nature-bois-concept.com\/magazine\/terrasse-bois\/guides\/avant-achat\/fournitures-accessoires\/tampons-d-isolation-terrasse-bois\/#breadcrumb","itemListElement":[{"@type":"ListItem","position":1,"name":"Magazine NBC","item":"https:\/\/www.nature-bois-concept.com\/magazine\/"},{"@type":"ListItem","position":2,"name":"Terrasse bois","item":"https:\/\/www.nature-bois-concept.com\/magazine\/terrasse-bois\/"},{"@type":"ListItem","position":3,"name":"Nos guides sur la Terrasse","item":"https:\/\/www.nature-bois-concept.com\/magazine\/terrasse-bois\/guides\/"},{"@type":"ListItem","position":4,"name":"Tout ce qu&rsquo;il faut savoir avant l&rsquo;achat de sa Terrasse","item":"https:\/\/www.nature-bois-concept.com\/magazine\/terrasse-bois\/guides\/avant-achat\/"},{"@type":"ListItem","position":5,"name":"Quels fournitures et accessoires pour votre terrasse bois","item":"https:\/\/www.nature-bois-concept.com\/magazine\/terrasse-bois\/guides\/avant-achat\/fournitures-accessoires\/"},{"@type":"ListItem","position":6,"name":"Tampons d\u2019isolation pour terrasse, quelle est leur utilit\u00e9 ?"}]},{"@type":"WebSite","@id":"https:\/\/www.nature-bois-concept.com\/magazine\/#website","url":"https:\/\/www.nature-bois-concept.com\/magazine\/","name":"Magazine Nature Bois Concept","description":"En association avec Nature Bois Concept","potentialAction":[{"@type":"SearchAction","target":{"@type":"EntryPoint","urlTemplate":"https:\/\/www.nature-bois-concept.com\/magazine\/?s={search_term_string}"},"query-input":"required name=search_term_string"}],"inLanguage":"fr-FR"}]}},"_links":{"self":[{"href":"https:\/\/www.nature-bois-concept.com\/magazine\/wp-json\/wp\/v2\/pages\/2533"}],"collection":[{"href":"https:\/\/www.nature-bois-concept.com\/magazine\/wp-json\/wp\/v2\/pages"}],"about":[{"href":"https:\/\/www.nature-bois-concept.com\/magazine\/wp-json\/wp\/v2\/types\/page"}],"author":[{"embeddable":true,"href":"https:\/\/www.nature-bois-concept.com\/magazine\/wp-json\/wp\/v2\/users\/2"}],"replies":[{"embeddable":true,"href":"https:\/\/www.nature-bois-concept.com\/magazine\/wp-json\/wp\/v2\/comments?post=2533"}],"version-history":[{"count":5,"href":"https:\/\/www.nature-bois-concept.com\/magazine\/wp-json\/wp\/v2\/pages\/2533\/revisions"}],"predecessor-version":[{"id":4637,"href":"https:\/\/www.nature-bois-concept.com\/magazine\/wp-json\/wp\/v2\/pages\/2533\/revisions\/4637"}],"up":[{"embeddable":true,"href":"https:\/\/www.nature-bois-concept.com\/magazine\/wp-json\/wp\/v2\/pages\/565"}],"wp:featuredmedia":[{"embeddable":true,"href":"https:\/\/www.nature-bois-concept.com\/magazine\/wp-json\/wp\/v2\/media\/2541"}],"wp:attachment":[{"href":"https:\/\/www.nature-bois-concept.com\/magazine\/wp-json\/wp\/v2\/media?parent=2533"}],"curies":[{"name":"wp","href":"https:\/\/api.w.org\/{rel}","templated":true}]}}