{"id":1810,"date":"2016-08-10T14:27:23","date_gmt":"2016-08-10T12:27:23","guid":{"rendered":"https:\/\/www.nature-bois-concept.com\/magazine\/?page_id=1810"},"modified":"2024-05-27T15:48:44","modified_gmt":"2024-05-27T13:48:44","slug":"kit-montage-spax","status":"publish","type":"page","link":"https:\/\/www.nature-bois-concept.com\/magazine\/terrasse-bois\/guides\/avant-achat\/fournitures-accessoires\/kit-montage-spax\/","title":{"rendered":"Le kit de montage Spax, le kit qu\u2019il vous faut"},"content":{"rendered":"<p style=\"text-align: justify;\">L\u2019achat de <a href=\"https:\/\/www.nature-bois-concept.com\/magazine\/terrasse-bois\/guides\/avant-achat\/fournitures-accessoires\/\">mat\u00e9riel de pose pour la construction de votre terrasse<\/a> ne sera pas un investissement inutile. Le bon mat\u00e9riel vous fera gagner du temps et vous facilitera la pose. Le kit de montage Spax comprend les accessoires qu\u2019il vous faut.<\/p>\n<h2 style=\"text-align: justify;\">Le kit de montage Spax, les outils indispensables \u00e0 la pose de votre terrasse<\/h2>\n<p style=\"text-align: justify;\">Le kit de montage Spax vous procurera un confort et une facilit\u00e9 de pose pour monter votre terrasse vous-m\u00eame. Il est compos\u00e9 d\u2019un redresseur de lames, d\u2019espaceurs de lame et d\u2019un gabarit de pose. De quoi r\u00e9ussir la pose de votre terrasse.<\/p>\n<h2 style=\"text-align: justify;\">Le redresseur de lames, pour redresser les lames<\/h2>\n<p style=\"text-align: justify;\">Le redresseur de lames sert \u00e0 maintenir les lames bien droites lors de leur pose. Les lames de terrasses en bois, sous plusieurs actions comme le soleil ou l\u2019humidit\u00e9 ou un mauvais stockage, peuvent se d\u00e9former dans le sens longitudinal. Elles deviennent alors d\u00e9licates \u00e0 poser. Un nouvel outil a donc trouv\u00e9 rapidement son utilit\u00e9, pour rem\u00e9dier \u00e0 ce probl\u00e8me, c\u2019est le redresseur de lames. Sa grande force de serrage, permet de redresser les lames, sans effort, tout en les maintenant droite lors de la pose. Il suffit de le glisser entre les lames et de proc\u00e9der \u00e0 l\u2019ajustement n\u00e9cessaire pour maintenir les lames droites pendant la pose.<\/p>\n<h2 style=\"text-align: justify;\">Espaceurs de lames, pour respecter la variation dimensionnelle du bois<\/h2>\n<p style=\"text-align: justify;\">L\u2019espaceur de lame n\u2019apportera pas qu\u2019un confort de pose pour votre terrasse. Il est aussi utile pour pr\u00e9voir les mouvements dimensionnels des lames. L\u2019espace entre chaque lame sera d\u00e9termin\u00e9 essentiellement par l\u2019essence du bois, l\u2019humidit\u00e9, la largeur de la lame et les conditions climatiques du site. Les cales assurent un espacement r\u00e9gulier entre les lames qui outre le respect de la variation dimensionnelle du bois, assure \u00e9galement une finition homog\u00e8ne. Pour en savoir plus sur l\u2019espaceur de lames, vous pouvez consulter l\u2019article qui s\u2019y rapporte.<\/p>\n<h2 style=\"text-align: justify;\">Le gabarit de pose, une finition esth\u00e9tique parfaite<\/h2>\n<p style=\"text-align: justify;\">Le gabarit de pose, c\u2019est un outil permettant de visser tous ses vis dans le m\u00eame alignement. La r\u00e8gle m\u00e9tallique assure un vissage droit et r\u00e9gulier, sans perdre de temps \u00e0 reprendre les mesures \u00e0 chaque vis et assure ainsi une esth\u00e9tique parfaite de votre terrasse.<\/p>\n<p style=\"text-align: justify;\">Le kit de montage Spax, c\u2019est des outils indispensables pour la r\u00e9ussite de votre terrasse, en vous facilitant la pose. Vous pouvez le retrouver dans notre <a href=\"http:\/\/boutique.nature-bois-concept.com\/catalogue\/item\/1804630\/kit-montage-terrasse\" target=\"_blank\" rel=\"noopener noreferrer\">boutique en ligne<\/a>.<\/p>\n","protected":false},"excerpt":{"rendered":"<p>L\u2019achat de mat\u00e9riel de pose pour la construction de votre terrasse ne sera pas un investissement inutile. Le bon mat\u00e9riel vous fera gagner du temps et vous facilitera la pose. Le kit de montage Spax comprend les accessoires qu\u2019il vous faut. Le kit de montage Spax, les outils indispensables \u00e0 la pose de votre terrasse Le kit de montage Spax vous procurera un confort et une facilit\u00e9 de pose pour&#8230;<\/p>\n","protected":false},"author":2,"featured_media":5726,"parent":565,"menu_order":0,"comment_status":"closed","ping_status":"closed","template":"","meta":{"_acf_changed":false,"footnotes":""},"acf":[],"yoast_head":"<!-- This site is optimized with the Yoast SEO plugin v22.4 - https:\/\/yoast.com\/wordpress\/plugins\/seo\/ -->\n<title>Le kit de montage Spax, le kit qu\u2019il vous faut<\/title>\n<meta name=\"description\" content=\"Le kit de pose est l\u2019accessoire indispensable pour une pose sans prise de t\u00eate, avec ses espaceurs et son mainteneur de lame vous allez faire des envieux !\" \/>\n<meta name=\"robots\" content=\"index, follow, max-snippet:-1, max-image-preview:large, max-video-preview:-1\" \/>\n<link rel=\"canonical\" href=\"https:\/\/www.nature-bois-concept.com\/magazine\/terrasse-bois\/guides\/avant-achat\/fournitures-accessoires\/kit-montage-spax\/\" \/>\n<meta property=\"og:locale\" content=\"fr_FR\" \/>\n<meta property=\"og:type\" content=\"article\" \/>\n<meta property=\"og:title\" content=\"Le kit de montage Spax, le kit qu\u2019il vous faut\" \/>\n<meta property=\"og:description\" content=\"Le kit de pose est l\u2019accessoire indispensable pour une pose sans prise de t\u00eate, avec ses espaceurs et son mainteneur de lame vous allez faire des envieux !\" \/>\n<meta property=\"og:url\" content=\"https:\/\/www.nature-bois-concept.com\/magazine\/terrasse-bois\/guides\/avant-achat\/fournitures-accessoires\/kit-montage-spax\/\" \/>\n<meta property=\"og:site_name\" content=\"Magazine Nature Bois Concept\" \/>\n<meta property=\"article:publisher\" content=\"https:\/\/www.facebook.com\/Nature-Bois-Concept-1596307970584169\/\" \/>\n<meta property=\"article:modified_time\" content=\"2024-05-27T13:48:44+00:00\" \/>\n<meta property=\"og:image\" content=\"https:\/\/www.nature-bois-concept.com\/magazine\/wp-content\/uploads\/2020\/02\/133.jpg\" \/>\n\t<meta property=\"og:image:width\" content=\"1080\" \/>\n\t<meta property=\"og:image:height\" content=\"1080\" \/>\n\t<meta property=\"og:image:type\" content=\"image\/jpeg\" \/>\n<meta name=\"twitter:card\" content=\"summary_large_image\" \/>\n<meta name=\"twitter:site\" content=\"@nbc_bois\" \/>\n<meta name=\"twitter:label1\" content=\"Dur\u00e9e de lecture estim\u00e9e\" \/>\n\t<meta name=\"twitter:data1\" content=\"3 minutes\" \/>\n<script type=\"application\/ld+json\" class=\"yoast-schema-graph\">{\"@context\":\"https:\/\/schema.org\",\"@graph\":[{\"@type\":\"WebPage\",\"@id\":\"https:\/\/www.nature-bois-concept.com\/magazine\/terrasse-bois\/guides\/avant-achat\/fournitures-accessoires\/kit-montage-spax\/\",\"url\":\"https:\/\/www.nature-bois-concept.com\/magazine\/terrasse-bois\/guides\/avant-achat\/fournitures-accessoires\/kit-montage-spax\/\",\"name\":\"Le kit de montage Spax, le kit qu\u2019il vous faut\",\"isPartOf\":{\"@id\":\"https:\/\/www.nature-bois-concept.com\/magazine\/#website\"},\"primaryImageOfPage\":{\"@id\":\"https:\/\/www.nature-bois-concept.com\/magazine\/terrasse-bois\/guides\/avant-achat\/fournitures-accessoires\/kit-montage-spax\/#primaryimage\"},\"image\":{\"@id\":\"https:\/\/www.nature-bois-concept.com\/magazine\/terrasse-bois\/guides\/avant-achat\/fournitures-accessoires\/kit-montage-spax\/#primaryimage\"},\"thumbnailUrl\":\"https:\/\/www.nature-bois-concept.com\/magazine\/wp-content\/uploads\/2020\/02\/133.jpg\",\"datePublished\":\"2016-08-10T12:27:23+00:00\",\"dateModified\":\"2024-05-27T13:48:44+00:00\",\"description\":\"Le kit de pose est l\u2019accessoire indispensable pour une pose sans prise de t\u00eate, avec ses espaceurs et son mainteneur de lame vous allez faire des envieux !\",\"breadcrumb\":{\"@id\":\"https:\/\/www.nature-bois-concept.com\/magazine\/terrasse-bois\/guides\/avant-achat\/fournitures-accessoires\/kit-montage-spax\/#breadcrumb\"},\"inLanguage\":\"fr-FR\",\"potentialAction\":[{\"@type\":\"ReadAction\",\"target\":[\"https:\/\/www.nature-bois-concept.com\/magazine\/terrasse-bois\/guides\/avant-achat\/fournitures-accessoires\/kit-montage-spax\/\"]}]},{\"@type\":\"ImageObject\",\"inLanguage\":\"fr-FR\",\"@id\":\"https:\/\/www.nature-bois-concept.com\/magazine\/terrasse-bois\/guides\/avant-achat\/fournitures-accessoires\/kit-montage-spax\/#primaryimage\",\"url\":\"https:\/\/www.nature-bois-concept.com\/magazine\/wp-content\/uploads\/2020\/02\/133.jpg\",\"contentUrl\":\"https:\/\/www.nature-bois-concept.com\/magazine\/wp-content\/uploads\/2020\/02\/133.jpg\",\"width\":1080,\"height\":1080,\"caption\":\"Kit de pose pour terrasse bois de la marque Spax avec espaceurs et redresseur de lames.\"},{\"@type\":\"BreadcrumbList\",\"@id\":\"https:\/\/www.nature-bois-concept.com\/magazine\/terrasse-bois\/guides\/avant-achat\/fournitures-accessoires\/kit-montage-spax\/#breadcrumb\",\"itemListElement\":[{\"@type\":\"ListItem\",\"position\":1,\"name\":\"Magazine NBC\",\"item\":\"https:\/\/www.nature-bois-concept.com\/magazine\/\"},{\"@type\":\"ListItem\",\"position\":2,\"name\":\"Terrasse bois\",\"item\":\"https:\/\/www.nature-bois-concept.com\/magazine\/terrasse-bois\/\"},{\"@type\":\"ListItem\",\"position\":3,\"name\":\"Nos guides sur la Terrasse\",\"item\":\"https:\/\/www.nature-bois-concept.com\/magazine\/terrasse-bois\/guides\/\"},{\"@type\":\"ListItem\",\"position\":4,\"name\":\"Tout ce qu&rsquo;il faut savoir avant l&rsquo;achat de sa Terrasse\",\"item\":\"https:\/\/www.nature-bois-concept.com\/magazine\/terrasse-bois\/guides\/avant-achat\/\"},{\"@type\":\"ListItem\",\"position\":5,\"name\":\"Quels fournitures et accessoires pour votre terrasse bois\",\"item\":\"https:\/\/www.nature-bois-concept.com\/magazine\/terrasse-bois\/guides\/avant-achat\/fournitures-accessoires\/\"},{\"@type\":\"ListItem\",\"position\":6,\"name\":\"Le kit de montage Spax, le kit qu\u2019il vous faut\"}]},{\"@type\":\"WebSite\",\"@id\":\"https:\/\/www.nature-bois-concept.com\/magazine\/#website\",\"url\":\"https:\/\/www.nature-bois-concept.com\/magazine\/\",\"name\":\"Magazine Nature Bois Concept\",\"description\":\"En association avec Nature Bois Concept\",\"potentialAction\":[{\"@type\":\"SearchAction\",\"target\":{\"@type\":\"EntryPoint\",\"urlTemplate\":\"https:\/\/www.nature-bois-concept.com\/magazine\/?s={search_term_string}\"},\"query-input\":\"required name=search_term_string\"}],\"inLanguage\":\"fr-FR\"}]}<\/script>\n<!-- \/ Yoast SEO plugin. -->","yoast_head_json":{"title":"Le kit de montage Spax, le kit qu\u2019il vous faut","description":"Le kit de pose est l\u2019accessoire indispensable pour une pose sans prise de t\u00eate, avec ses espaceurs et son mainteneur de lame vous allez faire des envieux !","robots":{"index":"index","follow":"follow","max-snippet":"max-snippet:-1","max-image-preview":"max-image-preview:large","max-video-preview":"max-video-preview:-1"},"canonical":"https:\/\/www.nature-bois-concept.com\/magazine\/terrasse-bois\/guides\/avant-achat\/fournitures-accessoires\/kit-montage-spax\/","og_locale":"fr_FR","og_type":"article","og_title":"Le kit de montage Spax, le kit qu\u2019il vous faut","og_description":"Le kit de pose est l\u2019accessoire indispensable pour une pose sans prise de t\u00eate, avec ses espaceurs et son mainteneur de lame vous allez faire des envieux !","og_url":"https:\/\/www.nature-bois-concept.com\/magazine\/terrasse-bois\/guides\/avant-achat\/fournitures-accessoires\/kit-montage-spax\/","og_site_name":"Magazine Nature Bois Concept","article_publisher":"https:\/\/www.facebook.com\/Nature-Bois-Concept-1596307970584169\/","article_modified_time":"2024-05-27T13:48:44+00:00","og_image":[{"width":1080,"height":1080,"url":"https:\/\/www.nature-bois-concept.com\/magazine\/wp-content\/uploads\/2020\/02\/133.jpg","type":"image\/jpeg"}],"twitter_card":"summary_large_image","twitter_site":"@nbc_bois","twitter_misc":{"Dur\u00e9e de lecture estim\u00e9e":"3 minutes"},"schema":{"@context":"https:\/\/schema.org","@graph":[{"@type":"WebPage","@id":"https:\/\/www.nature-bois-concept.com\/magazine\/terrasse-bois\/guides\/avant-achat\/fournitures-accessoires\/kit-montage-spax\/","url":"https:\/\/www.nature-bois-concept.com\/magazine\/terrasse-bois\/guides\/avant-achat\/fournitures-accessoires\/kit-montage-spax\/","name":"Le kit de montage Spax, le kit qu\u2019il vous faut","isPartOf":{"@id":"https:\/\/www.nature-bois-concept.com\/magazine\/#website"},"primaryImageOfPage":{"@id":"https:\/\/www.nature-bois-concept.com\/magazine\/terrasse-bois\/guides\/avant-achat\/fournitures-accessoires\/kit-montage-spax\/#primaryimage"},"image":{"@id":"https:\/\/www.nature-bois-concept.com\/magazine\/terrasse-bois\/guides\/avant-achat\/fournitures-accessoires\/kit-montage-spax\/#primaryimage"},"thumbnailUrl":"https:\/\/www.nature-bois-concept.com\/magazine\/wp-content\/uploads\/2020\/02\/133.jpg","datePublished":"2016-08-10T12:27:23+00:00","dateModified":"2024-05-27T13:48:44+00:00","description":"Le kit de pose est l\u2019accessoire indispensable pour une pose sans prise de t\u00eate, avec ses espaceurs et son mainteneur de lame vous allez faire des envieux !","breadcrumb":{"@id":"https:\/\/www.nature-bois-concept.com\/magazine\/terrasse-bois\/guides\/avant-achat\/fournitures-accessoires\/kit-montage-spax\/#breadcrumb"},"inLanguage":"fr-FR","potentialAction":[{"@type":"ReadAction","target":["https:\/\/www.nature-bois-concept.com\/magazine\/terrasse-bois\/guides\/avant-achat\/fournitures-accessoires\/kit-montage-spax\/"]}]},{"@type":"ImageObject","inLanguage":"fr-FR","@id":"https:\/\/www.nature-bois-concept.com\/magazine\/terrasse-bois\/guides\/avant-achat\/fournitures-accessoires\/kit-montage-spax\/#primaryimage","url":"https:\/\/www.nature-bois-concept.com\/magazine\/wp-content\/uploads\/2020\/02\/133.jpg","contentUrl":"https:\/\/www.nature-bois-concept.com\/magazine\/wp-content\/uploads\/2020\/02\/133.jpg","width":1080,"height":1080,"caption":"Kit de pose pour terrasse bois de la marque Spax avec espaceurs et redresseur de lames."},{"@type":"BreadcrumbList","@id":"https:\/\/www.nature-bois-concept.com\/magazine\/terrasse-bois\/guides\/avant-achat\/fournitures-accessoires\/kit-montage-spax\/#breadcrumb","itemListElement":[{"@type":"ListItem","position":1,"name":"Magazine NBC","item":"https:\/\/www.nature-bois-concept.com\/magazine\/"},{"@type":"ListItem","position":2,"name":"Terrasse bois","item":"https:\/\/www.nature-bois-concept.com\/magazine\/terrasse-bois\/"},{"@type":"ListItem","position":3,"name":"Nos guides sur la Terrasse","item":"https:\/\/www.nature-bois-concept.com\/magazine\/terrasse-bois\/guides\/"},{"@type":"ListItem","position":4,"name":"Tout ce qu&rsquo;il faut savoir avant l&rsquo;achat de sa Terrasse","item":"https:\/\/www.nature-bois-concept.com\/magazine\/terrasse-bois\/guides\/avant-achat\/"},{"@type":"ListItem","position":5,"name":"Quels fournitures et accessoires pour votre terrasse bois","item":"https:\/\/www.nature-bois-concept.com\/magazine\/terrasse-bois\/guides\/avant-achat\/fournitures-accessoires\/"},{"@type":"ListItem","position":6,"name":"Le kit de montage Spax, le kit qu\u2019il vous faut"}]},{"@type":"WebSite","@id":"https:\/\/www.nature-bois-concept.com\/magazine\/#website","url":"https:\/\/www.nature-bois-concept.com\/magazine\/","name":"Magazine Nature Bois Concept","description":"En association avec Nature Bois Concept","potentialAction":[{"@type":"SearchAction","target":{"@type":"EntryPoint","urlTemplate":"https:\/\/www.nature-bois-concept.com\/magazine\/?s={search_term_string}"},"query-input":"required name=search_term_string"}],"inLanguage":"fr-FR"}]}},"_links":{"self":[{"href":"https:\/\/www.nature-bois-concept.com\/magazine\/wp-json\/wp\/v2\/pages\/1810"}],"collection":[{"href":"https:\/\/www.nature-bois-concept.com\/magazine\/wp-json\/wp\/v2\/pages"}],"about":[{"href":"https:\/\/www.nature-bois-concept.com\/magazine\/wp-json\/wp\/v2\/types\/page"}],"author":[{"embeddable":true,"href":"https:\/\/www.nature-bois-concept.com\/magazine\/wp-json\/wp\/v2\/users\/2"}],"replies":[{"embeddable":true,"href":"https:\/\/www.nature-bois-concept.com\/magazine\/wp-json\/wp\/v2\/comments?post=1810"}],"version-history":[{"count":10,"href":"https:\/\/www.nature-bois-concept.com\/magazine\/wp-json\/wp\/v2\/pages\/1810\/revisions"}],"predecessor-version":[{"id":5727,"href":"https:\/\/www.nature-bois-concept.com\/magazine\/wp-json\/wp\/v2\/pages\/1810\/revisions\/5727"}],"up":[{"embeddable":true,"href":"https:\/\/www.nature-bois-concept.com\/magazine\/wp-json\/wp\/v2\/pages\/565"}],"wp:featuredmedia":[{"embeddable":true,"href":"https:\/\/www.nature-bois-concept.com\/magazine\/wp-json\/wp\/v2\/media\/5726"}],"wp:attachment":[{"href":"https:\/\/www.nature-bois-concept.com\/magazine\/wp-json\/wp\/v2\/media?parent=1810"}],"curies":[{"name":"wp","href":"https:\/\/api.w.org\/{rel}","templated":true}]}}